{"id":6406,"date":"2013-03-29T12:39:42","date_gmt":"2013-03-29T09:39:42","guid":{"rendered":"https:\/\/luxus.ee\/?page_id=6406"},"modified":"2018-05-09T11:01:05","modified_gmt":"2018-05-09T08:01:05","slug":"swimspa-430","status":"publish","type":"page","link":"https:\/\/luxus.ee\/sv\/swimspa-430\/","title":{"rendered":"Luxus swimspa 430"},"content":{"rendered":"<section class=\"wpb-content-wrapper\"><p>[vc_row][vc_column width=&#8221;2\/3&#8243;][vc_custom_heading text=&#8221;Luxus swimspa 430 &#8211; inomhus och utomhus !&#8221; font_container=&#8221;tag:h3|text_align:left|color:%234887cc&#8221; google_fonts=&#8221;font_family:Bitter%3Aregular%2Citalic%2C700|font_style:400%20regular%3A400%3Anormal&#8221;][vc_column_text]<strong>Luxus swimspa 430\u00a0<\/strong><\/p>\n<p>&nbsp;<\/p>\n<p>4280 x 2250 x 1280mm \/ Djup<br \/>\nAntal platser 3<br \/>\nVatten kapacitet 6810 liter<br \/>\nVikt 703kg<br \/>\nVikt 7513kg med vatten<\/p>\n<p>&nbsp;<\/p>\n<p>Totalt massagestr\u00e5lar 35pc<br \/>\nBalboa kontroll-paneler<br \/>\nPoolen d\u00e4ck &#8211; Lucite Sterling Silver (USA)<br \/>\nPool kapsling &#8211; ett underh\u00e5llsfritt syntetmaterial<br \/>\nPump 1 \/ 3.0hp<br \/>\nPump 2 \/ 3.0hp<br \/>\nPump 3 \/ 3.0hp<br \/>\nPump 4 \/ 3.0hp<br \/>\nCirkulation 1 x 0.5HP<br \/>\nV\u00e4rmare 1 x 3.0kW<br \/>\nBelysning 1 x 12V, flerf\u00e4rgad LED<br \/>\nOzongeneratorer f\u00f6r vattenrening<br \/>\nElektrisk specifikation<br \/>\n3 faser, 3x16A (400V)<br \/>\nFiltret storlek 100sq.ft.<br \/>\nBasin rostfritt st\u00e5l ledst\u00e5ng 1<br \/>\nVatten tryckdelaren 1<br \/>\nLuftkontroller\u00a05<br \/>\nTermisk ytbel\u00e4ggning<\/p>\n<p>&nbsp;<\/p>\n<p>Pool trappor<br \/>\nStora spa massage jets p\u00e5 sidorna 12st<br \/>\nPolyuretan isolering tjocklek 1cm<br \/>\nMultipoint LED-lampor 24st<br \/>\nMiramat 35mm isolering<br \/>\nLed lampor utbrott jets 6pc<br \/>\nPop-up h\u00f6gtalare<\/p>\n<p>[\/vc_column_text][\/vc_column][vc_column width=&#8221;1\/3&#8243;][vc_gallery type=&#8221;image_grid&#8221; images=&#8221;13412,13414,13415&#8243; img_size=&#8221;110&#215;110&#8243; css=&#8221;.vc_custom_1520336203411{padding-bottom: 20px !important;}&#8221; el_class=&#8221;wpb_gallery&#8211;first-six&#8221;][\/vc_column][\/vc_row]<\/p>\n<\/section>","protected":false},"excerpt":{"rendered":"<p>[vc_row][vc_column width=&#8221;2\/3&#8243;][vc_custom_heading text=&#8221;Luxus swimspa 430 &#8211; inomhus och utomhus !&#8221; font_container=&#8221;tag:h3|text_align:left|color:%234887cc&#8221; google_fonts=&#8221;font_family:Bitter%3Aregular%2Citalic%2C700|font_style:400%20regular%3A400%3Anormal&#8221;][vc_column_text]Luxus swimspa 430\u00a0 &nbsp; 4280 x 2250 x 1280mm \/ Djup Antal platser 3 Vatten kapacitet 6810 liter Vikt 703kg Vikt 7513kg med vatten &nbsp; Totalt massagestr\u00e5lar 35pc Balboa kontroll-paneler Poolen d\u00e4ck &#8211; Lucite Sterling Silver (USA) Pool kapsling &#8211; ett underh\u00e5llsfritt syntetmaterial Pump<\/p>\n","protected":false},"author":1,"featured_media":13412,"parent":0,"menu_order":0,"comment_status":"closed","ping_status":"closed","template":"","meta":{"_acf_changed":false,"footnotes":""},"acf":[],"_links":{"self":[{"href":"https:\/\/luxus.ee\/sv\/wp-json\/wp\/v2\/pages\/6406"}],"collection":[{"href":"https:\/\/luxus.ee\/sv\/wp-json\/wp\/v2\/pages"}],"about":[{"href":"https:\/\/luxus.ee\/sv\/wp-json\/wp\/v2\/types\/page"}],"author":[{"embeddable":true,"href":"https:\/\/luxus.ee\/sv\/wp-json\/wp\/v2\/users\/1"}],"replies":[{"embeddable":true,"href":"https:\/\/luxus.ee\/sv\/wp-json\/wp\/v2\/comments?post=6406"}],"version-history":[{"count":0,"href":"https:\/\/luxus.ee\/sv\/wp-json\/wp\/v2\/pages\/6406\/revisions"}],"wp:featuredmedia":[{"embeddable":true,"href":"https:\/\/luxus.ee\/sv\/wp-json\/wp\/v2\/media\/13412"}],"wp:attachment":[{"href":"https:\/\/luxus.ee\/sv\/wp-json\/wp\/v2\/media?parent=6406"}],"curies":[{"name":"wp","href":"https:\/\/api.w.org\/{rel}","templated":true}]}}