{"id":5639,"date":"2013-02-15T20:00:32","date_gmt":"2013-02-15T17:00:32","guid":{"rendered":"https:\/\/luxus.ee\/?page_id=5639"},"modified":"2021-04-10T12:56:19","modified_gmt":"2021-04-10T09:56:19","slug":"badtunna","status":"publish","type":"page","link":"https:\/\/luxus.ee\/sv\/badtunna\/","title":{"rendered":"Luxus badtunna"},"content":{"rendered":"<section class=\"wpb-content-wrapper\"><p>[vc_row][vc_column width=&#8221;2\/3&#8243;][vc_custom_heading text=&#8221;Unik badtunna i Skandinavien Octa &#8221; font_container=&#8221;tag:h2|text_align:left|color:%23000000&#8243; google_fonts=&#8221;font_family:Bitter%3Aregular%2Citalic%2C700|font_style:400%20regular%3A400%3Anormal&#8221;][vc_column_text]<\/p>\n<h3><span style=\"color: #ff0000;\"><strong>Akryltoner 2021<\/strong><\/span><\/h3>\n<p>[\/vc_column_text][vc_gallery type=&#8221;image_grid&#8221; images=&#8221;25714,25722,25730,25738&#8243;][vc_btn title=&#8221;Badtunna prislista&#8221; style=&#8221;3d&#8221; color=&#8221;sky&#8221; link=&#8221;url:http%3A%2F%2Fluxus.ee%2Fsv%2Fluxus-badtunna-prislista%2F|||&#8221;][vc_column_text]<\/p>\n<h3><\/h3>\n<p>&nbsp;<\/p>\n<p>8-kantig badtunna <strong><em>OCTA<\/em><\/strong>, ytterm\u00e5tt 209cm, innerm\u00e5tt 175cm, djup 91cm,<br \/>\nh\u00f6jd inkl st\u00f6dstativ 103cm \u00f6ver markytan, volym 1000l,\u00a0<span style=\"color: #ff0000;\"><strong><em><u>tillverkad i Estland!<\/u><\/em><\/strong><\/span><\/p>\n<p>&nbsp;<\/p>\n<p><strong><u>Badtunna<\/u><\/strong>\u00a0&#8211; tillverkad av exklusiv Lucite-akryl (USA)<\/p>\n<p><strong><u>Kul\u00f6rer<\/u><\/strong> &#8211; Snow-white, Alba (pearl-white), Sterling-silver, Pacific-rim, Summer-sapphire, Tuscan-sun<\/p>\n<p><strong><u>Tillverkad genom vakuumformning<\/u><\/strong>\u00a0\u2013 vi anv\u00e4nder v\u00e4rdefull Lucite-sanitetsakryl med antibakteriellt ytskikt i exklusiva f\u00e4rger som \u00e4r s\u00e4rskilt utarbetad f\u00f6r utomhusbruk.<\/p>\n<p><strong><u>Badtunna<\/u><\/strong>\u00a0&#8211; avsedd f\u00f6r 4- 6\u00a0personer.<\/p>\n<p><strong><u>Minimiutf\u00f6rande<\/u><\/strong>\u00a0&#8211; akrylh\u00f6lje med m\u00e5lat st\u00f6dstativ.<\/p>\n<p>&nbsp;<\/p>\n<p><strong><u>Tillval<\/u><\/strong><\/p>\n<p><strong><u>Termolock f\u00f6r badtunnan<\/u><\/strong><strong>\u00a0<\/strong>\u2013\u00a0Termolocket m\u00f6jligg\u00f6r snabbare uppv\u00e4rmning av badtunnan och skyddar tunnans inre del mot regn, sn\u00f6 och skr\u00e4p. Termolocket lutar fr\u00e5n mitten till b\u00e5da sidor och \u00e4r vattenavvisande vilket ger st\u00f6rre h\u00e5llbarhet. Termolocket t\u00e5l temperaturer mellan -30 grader och 50 grader och \u00e4r m\u00f6gelbest\u00e4ndigt. En badtunna med lock \u00e4r dessutom s\u00e4ker, \u00e4ven f\u00f6r barnfamiljer.<\/p>\n<p>&nbsp;<\/p>\n<p><strong><u>Bekl\u00e4dnadspaneler<\/u><\/strong><br \/>\n1. Underh\u00e5llsfri gr\u00e5 eller brun plast.<\/p>\n<p>&nbsp;<\/p>\n<p><strong><u>V\u00e4rmeisolering<\/u><\/strong>\u00a0&#8211;\u00a0vi erbjuder 2 olika typer av v\u00e4rmeisolering. Effektivt polyuretanskum (ett 2-4cm skikt motsvarar 10cm isolering i EPS-cellplast) m\u00f6jligg\u00f6r snabbare uppv\u00e4rmning av vattnet, hj\u00e4lper att uppr\u00e4tth\u00e5lla temperaturen under anv\u00e4ndning och i kombination med ett termolock ger det upp till 50% tidsbesparing vid uppv\u00e4rmning. Uppv\u00e4rmningstiden beror p\u00e5 v\u00e4rmeisoleringsniv\u00e5n och \u00e4r i genomsnitt 2 timmar.<\/p>\n<p>Dessutom kan bekl\u00e4dnadspanelerna f\u00f6rses med isolering (endast vid tr\u00e4br\u00e4dor)<\/p>\n<p>&nbsp;<\/p>\n<p><strong><u>Utv\u00e4ndig kamin i marinaluminium<\/u><\/strong>\u00a0&#8211; vi erbjuder en utv\u00e4ndig kamin i marinaluminium till badtunnan. Aluminiumkaminer har l\u00e4ngre livsl\u00e4ngd \u00e4n kaminer i rostfritt st\u00e5l. Kaminerna tillverkas av en h\u00e5llbar aluminiumlegering avsedd f\u00f6r sj\u00f6bruk. Godstjockleken \u00e4r 3mm, dvs dubbelt s\u00e5 stor som hos kaminer i rostfritt st\u00e5l. En aluminiumkamin v\u00e4ger \u00e4ven 30% mindre.<\/p>\n<p>Urvalet inkluderar:<\/p>\n<p>1. Fyrkant kamin med 1 tillfl\u00f6des- och 1 returfl\u00f6desr\u00f6r.<\/p>\n<p>&nbsp;<\/p>\n<p><strong><u>Extra tillval<\/u><\/strong> &#8211; <span style=\"color: #ff0000;\"><strong>Bluetooth stereosystem<\/strong><\/span>, exklusiv LED-belysning vid vattenlinjen, luftmassage, vattenmassagemunstycken med 2hp pump.<\/p>\n<p>&nbsp;<\/p>\n<p>&nbsp;<\/p>\n<p><strong>Vad \u00e4r Lucite akryl sittpoolers f\u00f6rdelar j\u00e4mf\u00f6rt med tr\u00e4badtunna ?<\/strong><\/p>\n<p>1. F\u00f6r det f\u00f6rsta &#8211;<strong>\u00a0<\/strong>Lucite Akryl \u00e4r en h\u00e5llbar och stabil ytbel\u00e4ggning, som t\u00e5ler solljus och andra v\u00e4derf\u00f6rh\u00e5llanden m\u00e5nga \u00e5r, j\u00e4mf\u00f6rt med tr\u00e4. Akrylytan \u00e4r behagligt mjuk. Sittpoolen har bekv\u00e4m inredning, sk\u00f6n rygg- och s\u00e4tesform.<\/p>\n<p>2. F\u00f6r det andra &#8211; Den antibakteriella akrylinsidan f\u00f6rhindrar att smuts och alger f\u00e4ster p\u00e5 poolens ytor och g\u00f6r att den bibeh\u00e5ller den bl\u00e5 f\u00e4rgen. Pool av tr\u00e4 uts\u00e4ttes f\u00f6r en s\u00f6nderfallsprocessen. I den finns ocks\u00e5 springor och sprickor, som samlar smuts. Akryl poolen kr\u00e4ver inget underh\u00e5llsarbete.<\/p>\n<p>3. F\u00f6r det tredje &#8211; Det kr\u00e4vs inte att Akryl poolen st\u00e4ndigt \u00e4r vattenfylld. Tr\u00e4sittpoolen beh\u00f6ver vattenfyllas f\u00f6r att ev. sprickor skall t\u00e4tas.<\/p>\n<p>4. F\u00f6r det fj\u00e4rde &#8211; Akryl poolen \u00e4r enkel att installera. Man beh\u00f6ver endast f\u00f6rbereda med en stabil bottenplatta och ett metallstativ . Supporttrappan \u00e4r l\u00e4tt att installera p\u00e5 ramen f\u00f6r ombordstigning.<\/p>\n<p>5. F\u00f6r det femte &#8211; I Akryl poolen kan installeras massageutrustning och andra tillbeh\u00f6r genom sittpoolens v\u00e4ggar och botten, denna utrusning kan d\u00f6ljas bakom panelen.<\/p>\n<p>6. F\u00f6r det sj\u00e4tte &#8211; Akryl poolen \u00e4r l\u00e4tt att st\u00e4da med icke slipande och icke-kemiskt flytande reng\u00f6ringsmedel.<\/p>\n<p>7. F\u00f6r det sjunde &#8211; Akryl pool kan anv\u00e4ndas utan n\u00e5gon som helst utrustning.[\/vc_column_text][\/vc_column][vc_column width=&#8221;1\/3&#8243;][vc_gallery type=&#8221;image_grid&#8221; images=&#8221;13227,27783,27775,13208,13236,13224,13228,25802,25786,13233,13232,13239,13213,9609,13216,25778,13217,7950,13225,13240,13215,13214,12514,12512,9621,9618,13226,25746,25754,25762,25770,27791&#8243; img_size=&#8221;110&#215;110&#8243;][\/vc_column][\/vc_row]<\/p>\n<\/section>","protected":false},"excerpt":{"rendered":"<p>[vc_row][vc_column width=&#8221;2\/3&#8243;][vc_custom_heading text=&#8221;Unik badtunna i Skandinavien Octa &#8221; font_container=&#8221;tag:h2|text_align:left|color:%23000000&#8243; google_fonts=&#8221;font_family:Bitter%3Aregular%2Citalic%2C700|font_style:400%20regular%3A400%3Anormal&#8221;][vc_column_text] Akryltoner 2021 [\/vc_column_text][vc_gallery type=&#8221;image_grid&#8221; images=&#8221;25714,25722,25730,25738&#8243;][vc_btn title=&#8221;Badtunna prislista&#8221; style=&#8221;3d&#8221; color=&#8221;sky&#8221; link=&#8221;url:http%3A%2F%2Fluxus.ee%2Fsv%2Fluxus-badtunna-prislista%2F|||&#8221;][vc_column_text] &nbsp; 8-kantig badtunna OCTA, ytterm\u00e5tt 209cm, innerm\u00e5tt 175cm, djup 91cm, h\u00f6jd inkl st\u00f6dstativ 103cm \u00f6ver markytan, volym 1000l,\u00a0tillverkad i Estland! &nbsp; Badtunna\u00a0&#8211; tillverkad av exklusiv Lucite-akryl (USA) Kul\u00f6rer &#8211; Snow-white, Alba (pearl-white), Sterling-silver, Pacific-rim, Summer-sapphire,<\/p>\n","protected":false},"author":1,"featured_media":8667,"parent":0,"menu_order":0,"comment_status":"closed","ping_status":"closed","template":"","meta":{"_acf_changed":false,"footnotes":""},"acf":[],"_links":{"self":[{"href":"https:\/\/luxus.ee\/sv\/wp-json\/wp\/v2\/pages\/5639"}],"collection":[{"href":"https:\/\/luxus.ee\/sv\/wp-json\/wp\/v2\/pages"}],"about":[{"href":"https:\/\/luxus.ee\/sv\/wp-json\/wp\/v2\/types\/page"}],"author":[{"embeddable":true,"href":"https:\/\/luxus.ee\/sv\/wp-json\/wp\/v2\/users\/1"}],"replies":[{"embeddable":true,"href":"https:\/\/luxus.ee\/sv\/wp-json\/wp\/v2\/comments?post=5639"}],"version-history":[{"count":0,"href":"https:\/\/luxus.ee\/sv\/wp-json\/wp\/v2\/pages\/5639\/revisions"}],"wp:featuredmedia":[{"embeddable":true,"href":"https:\/\/luxus.ee\/sv\/wp-json\/wp\/v2\/media\/8667"}],"wp:attachment":[{"href":"https:\/\/luxus.ee\/sv\/wp-json\/wp\/v2\/media?parent=5639"}],"curies":[{"name":"wp","href":"https:\/\/api.w.org\/{rel}","templated":true}]}}