{"id":3618,"date":"2012-07-18T23:01:19","date_gmt":"2012-07-18T20:01:19","guid":{"rendered":"https:\/\/luxus.ee\/?page_id=3618"},"modified":"2018-03-06T15:23:16","modified_gmt":"2018-03-06T12:23:16","slug":"pool-tacka","status":"publish","type":"page","link":"https:\/\/luxus.ee\/sv\/pool-tacka\/","title":{"rendered":"SPA poolkupol"},"content":{"rendered":"<section class=\"wpb-content-wrapper\"><p>[vc_row][vc_column][vc_row_inner][vc_column_inner width=&#8221;2\/3&#8243;][vc_custom_heading text=&#8221;SPA kupol 4950mm&#8221; font_container=&#8221;tag:h3|text_align:left|color:%234887cc&#8221; google_fonts=&#8221;font_family:Bitter%3Aregular%2Citalic%2C700|font_style:400%20regular%3A400%3Anormal&#8221;][vc_column_text]H\u00f6jd: 2500mm<br \/>\nDiameter: 4950mm<\/p>\n<p>Standard material:<br \/>\nSolida skivor av polykarbonat, 3mm<\/p>\n<p>Teknisk data:<br \/>\nkonstruktion: stommen AlMgSi 0,5 F22 aluminiumram<br \/>\nt\u00e4tning: silikon och EPDM s\u00e4rskild gummi<br \/>\nrotationsmekanism: rostfria kullagerhjul<br \/>\n\u00f6ppningsbar skjutd\u00f6rr: m\u00f6jlighet att \u00f6ppna 180\u00b0<br \/>\ns\u00e4kerhet: d\u00f6rren l\u00e5sbar med en nyckel<\/p>\n<p>Standard ramf\u00e4rger:<br \/>\nvit (RAL 9010)<br \/>\nmossgr\u00f6n (RAL 6005)<br \/>\nelfbensf\u00e4rgad (RAL 1015)<\/p>\n<p>Kupolen Spa tak \u00e4r ett oundvikligt redskap, anpassat efter Estlands villkor, f\u00f6r att f\u00f6rl\u00e4nga s\u00e4songen f\u00f6r Era bastu eller Spa n\u00f6jen.<br \/>\nSkyddar Ert Spa fr\u00e5n regn, vind, flygande damm och under vinterf\u00f6rh\u00e5llanden \u00e4ven fr\u00e5n sn\u00f6n.<\/p>\n<p>180\u00b0 \u00f6ppningsbar moduld\u00f6rr rullar l\u00e4tt p\u00e5 skenor och \u00e4r l\u00e5sbar med nyckel, f\u00f6r \u00f6kad s\u00e4kerhet. Kupolen kan monteras p\u00e5 terrassen eller p\u00e5 gr\u00e4set, enda kravet \u00e4r j\u00e4mnt underlag.<\/p>\n<p>Rondo 495 \u2013 Under kupolen, med diameter 4950mm, f\u00e5r det \u00e4ven plats ett mindre bord och stolar, vilket g\u00f6r taket \u00e4nnu mer effektfullt och ut\u00f6kar anv\u00e4ndningsm\u00f6jligheterna.<\/p>\n<p><span style=\"color: #4887cc;\">pris\u00a0 6900.-\u00a0 eur\u00a0<\/span><br \/>\n<a href=\"mailto:info@alupex.ee\">info@luxus.ee<\/a>[\/vc_column_text][\/vc_column_inner][vc_column_inner width=&#8221;1\/3&#8243;][vc_gallery type=&#8221;image_grid&#8221; images=&#8221;2978&#8243; img_size=&#8221;320&#215;320&#8243; css=&#8221;.vc_custom_1520338179072{padding-bottom: 20px !important;}&#8221;][vc_single_image image=&#8221;13419&#8243; img_size=&#8221;medium&#8221;][\/vc_column_inner][\/vc_row_inner][\/vc_column][\/vc_row]<\/p>\n<\/section>","protected":false},"excerpt":{"rendered":"<p>[vc_row][vc_column][vc_row_inner][vc_column_inner width=&#8221;2\/3&#8243;][vc_custom_heading text=&#8221;SPA kupol 4950mm&#8221; font_container=&#8221;tag:h3|text_align:left|color:%234887cc&#8221; google_fonts=&#8221;font_family:Bitter%3Aregular%2Citalic%2C700|font_style:400%20regular%3A400%3Anormal&#8221;][vc_column_text]H\u00f6jd: 2500mm Diameter: 4950mm Standard material: Solida skivor av polykarbonat, 3mm Teknisk data: konstruktion: stommen AlMgSi 0,5 F22 aluminiumram t\u00e4tning: silikon och EPDM s\u00e4rskild gummi rotationsmekanism: rostfria kullagerhjul \u00f6ppningsbar skjutd\u00f6rr: m\u00f6jlighet att \u00f6ppna 180\u00b0 s\u00e4kerhet: d\u00f6rren l\u00e5sbar med en nyckel Standard ramf\u00e4rger: vit (RAL 9010) mossgr\u00f6n (RAL 6005) elfbensf\u00e4rgad<\/p>\n","protected":false},"author":1,"featured_media":2978,"parent":0,"menu_order":0,"comment_status":"closed","ping_status":"closed","template":"","meta":{"_acf_changed":false,"footnotes":""},"acf":[],"_links":{"self":[{"href":"https:\/\/luxus.ee\/sv\/wp-json\/wp\/v2\/pages\/3618"}],"collection":[{"href":"https:\/\/luxus.ee\/sv\/wp-json\/wp\/v2\/pages"}],"about":[{"href":"https:\/\/luxus.ee\/sv\/wp-json\/wp\/v2\/types\/page"}],"author":[{"embeddable":true,"href":"https:\/\/luxus.ee\/sv\/wp-json\/wp\/v2\/users\/1"}],"replies":[{"embeddable":true,"href":"https:\/\/luxus.ee\/sv\/wp-json\/wp\/v2\/comments?post=3618"}],"version-history":[{"count":0,"href":"https:\/\/luxus.ee\/sv\/wp-json\/wp\/v2\/pages\/3618\/revisions"}],"wp:featuredmedia":[{"embeddable":true,"href":"https:\/\/luxus.ee\/sv\/wp-json\/wp\/v2\/media\/2978"}],"wp:attachment":[{"href":"https:\/\/luxus.ee\/sv\/wp-json\/wp\/v2\/media?parent=3618"}],"curies":[{"name":"wp","href":"https:\/\/api.w.org\/{rel}","templated":true}]}}