{"id":13242,"date":"2017-10-29T19:49:18","date_gmt":"2017-10-29T16:49:18","guid":{"rendered":"https:\/\/luxus.ee\/?page_id=13242\/"},"modified":"2023-07-07T11:01:16","modified_gmt":"2023-07-07T08:01:16","slug":"luxus-badtunna-prislista","status":"publish","type":"page","link":"https:\/\/luxus.ee\/sv\/luxus-badtunna-prislista\/","title":{"rendered":"Luxus badtunna prislista"},"content":{"rendered":"<section class=\"wpb-content-wrapper\"><p>[vc_row][vc_column width=&#8221;2\/3&#8243;][vc_gallery type=&#8221;image_grid&#8221; images=&#8221;25714,25722,25730,25738&#8243;][vc_column_text]<\/p>\n<h2 class=\"vc_custom_heading\">Unik badtunna i Skandinavien Octa<\/h2>\n<div class=\"wpb_text_column wpb_content_element \">\n<div class=\"wpb_wrapper\">\n<p>&nbsp;<\/p>\n<p>8-kantig badtunna, ytterm\u00e5tt 209cm, innerm\u00e5tt 175cm, djup 91cm,<br \/>\nh\u00f6jd inkl st\u00f6dstativ 103cm \u00f6ver markytan, volym 1000l,\u00a0<span style=\"color: #ff0000;\"><strong><em><u>tillverkad i Estland!<\/u><\/em><\/strong><\/span><\/p>\n<p>&nbsp;<\/p>\n<p><strong><u>Badtunna<\/u><\/strong> \u2013 tillverkad av exklusiv Perspex-akryl (USA)<\/p>\n<p><strong><u>Kul\u00f6rer<\/u><\/strong> \u2013 Snow-white, Alba (pearl-white), Sterling-silver, Pacific-rim, Summer-sapphire, Tuscan-sun<\/p>\n<p><strong><u>Tillverkad genom vakuumformning<\/u><\/strong> \u2013 vi anv\u00e4nder v\u00e4rdefull Perspex-sanitetsakryl med antibakteriellt ytskikt i exklusiva f\u00e4rger som \u00e4r s\u00e4rskilt utarbetad f\u00f6r utomhusbruk.<\/p>\n<p><strong><u>Badtunna<\/u><\/strong>\u00a0\u2013 avsedd f\u00f6r 4- 6\u00a0personer.<\/p>\n<p><strong><u>Minimiutf\u00f6rande<\/u><\/strong> \u2013 akrylskal med varmf\u00f6rzinkad ram.<\/p>\n<p>V\u00e4lj en acrylton fr\u00e5n 4-st, andra valfria tillbeh\u00f6r \u00e4r ditt fritt val<\/p>\n<p>1. Badtunna akryl Sterling-silver\u00a0 \u00a0<strong><span style=\"color: #000000;\">1299<\/span><\/strong><span style=\"color: #ff0000;\"><strong><span style=\"color: #000000;\">.- eur<\/span><br \/>\n<\/strong><\/span>2. Badtunna akryl Alba (pearl-white)\u00a0 <strong>12<span style=\"color: #ff0000;\"><span style=\"color: #000000;\">99.- eur<\/span><br \/>\n<\/span><\/strong>3. Badtunna akryl Tuscan-sun\u00a0 \u00a0<span style=\"color: #000000;\"><strong>1299.- eur<\/strong><\/span><span style=\"color: #ff0000;\"><span style=\"color: #000000;\"><strong><span style=\"color: #ff0000;\"><br \/>\n<\/span><\/strong>4. Badtunna akryl Winter-solstice\u00a0 \u00a0<strong>1299.- eur<\/strong><\/span><\/span><strong><span style=\"color: #ff0000;\"><br \/>\n<\/span><\/strong>Galvanis ram\u00a0 \u00a0<strong>349.- eur<br \/>\n<\/strong><strong><br \/>\n<\/strong><\/p>\n<p>&nbsp;<\/p>\n<\/div>\n<p><strong><u>Lisa utrustning<br \/>\n<\/u><\/strong>Aluminium kamin\u00a0 \u00a0<strong>599.- eur<\/strong><br \/>\nGnistf\u00e5ngar\u00a0 \u00a0<strong>50.- eur<\/strong><br \/>\nPlast paneler brun\u00a0 <strong>\u00a0799.- eur\u00a0<\/strong><br \/>\nPlast paneler gr\u00e5\u00a0 <strong>\u00a0799.- eur\u00a0<\/strong><strong><br \/>\n<\/strong>14 Vattenmassagejets + 2hp pump\u00a0 \u00a0<strong><span style=\"color: #000000;\">99<\/span><span style=\"color: #000000;\">0.- eur<\/span><\/strong><br \/>\nLuft fl\u00e4kt 700w\u00a0 \u00a0<strong>750.- eur<\/strong><br \/>\nAromatherapy\u00a0 \u00a0<strong>129.- eur<\/strong><br \/>\nLed ljus\u00a0 \u00a0<strong>249.- eur<\/strong><br \/>\nLed + vattenlinjen 9st\u00a0 \u00a0<strong>349.- eur<\/strong><strong><br \/>\n<\/strong>Bluetooth audio\u00a0 \u00a0<strong>475.- eur<\/strong><br \/>\nTermisk ytbel\u00e4ggning\u00a0 \u00a0<strong><span style=\"color: #ff0000;\"><span style=\"color: #000000;\">499.- eur<\/span><br \/>\n<\/span><\/strong><span style=\"color: #ff0000;\"><span style=\"color: #000000;\">PU-isolering\u00a0 \u00a0<strong>34<\/strong><\/span><\/span><strong><span style=\"color: #ff0000;\"><span style=\"color: #000000;\">9.- eur<\/span><br \/>\n<\/span><\/strong><\/p>\n<\/div>\n<p>[\/vc_column_text][\/vc_column][vc_column width=&#8221;1\/3&#8243;][vc_gallery type=&#8221;image_grid&#8221; images=&#8221;13227,13224,13231,13208,13236,13228,9609,13239,13232,13217,13216,13215,13213,13214,13226,12514,12512,9621,25746,25754,25762,25770,25778,25786,25802,27690&#8243; img_size=&#8221;110&#215;110&#8243;][\/vc_column][\/vc_row][vc_row][vc_column width=&#8221;2\/3&#8243;][vc_gallery type=&#8221;image_grid&#8221; images=&#8221;13771&#8243; img_size=&#8221;large&#8221; title=&#8221;Terrasse badtunna&#8221;][\/vc_column][vc_column width=&#8221;1\/3&#8243;][\/vc_column][\/vc_row]<\/p>\n<\/section>","protected":false},"excerpt":{"rendered":"<p>[vc_row][vc_column width=&#8221;2\/3&#8243;][vc_gallery type=&#8221;image_grid&#8221; images=&#8221;25714,25722,25730,25738&#8243;][vc_column_text] Unik badtunna i Skandinavien Octa &nbsp; 8-kantig badtunna, ytterm\u00e5tt 209cm, innerm\u00e5tt 175cm, djup 91cm, h\u00f6jd inkl st\u00f6dstativ 103cm \u00f6ver markytan, volym 1000l,\u00a0tillverkad i Estland! &nbsp; Badtunna \u2013 tillverkad av exklusiv Perspex-akryl (USA) Kul\u00f6rer \u2013 Snow-white, Alba (pearl-white), Sterling-silver, Pacific-rim, Summer-sapphire, Tuscan-sun Tillverkad genom vakuumformning \u2013 vi anv\u00e4nder v\u00e4rdefull Perspex-sanitetsakryl med antibakteriellt<\/p>\n","protected":false},"author":1,"featured_media":13231,"parent":0,"menu_order":0,"comment_status":"closed","ping_status":"closed","template":"","meta":{"_acf_changed":false,"footnotes":""},"acf":[],"_links":{"self":[{"href":"https:\/\/luxus.ee\/sv\/wp-json\/wp\/v2\/pages\/13242"}],"collection":[{"href":"https:\/\/luxus.ee\/sv\/wp-json\/wp\/v2\/pages"}],"about":[{"href":"https:\/\/luxus.ee\/sv\/wp-json\/wp\/v2\/types\/page"}],"author":[{"embeddable":true,"href":"https:\/\/luxus.ee\/sv\/wp-json\/wp\/v2\/users\/1"}],"replies":[{"embeddable":true,"href":"https:\/\/luxus.ee\/sv\/wp-json\/wp\/v2\/comments?post=13242"}],"version-history":[{"count":0,"href":"https:\/\/luxus.ee\/sv\/wp-json\/wp\/v2\/pages\/13242\/revisions"}],"wp:featuredmedia":[{"embeddable":true,"href":"https:\/\/luxus.ee\/sv\/wp-json\/wp\/v2\/media\/13231"}],"wp:attachment":[{"href":"https:\/\/luxus.ee\/sv\/wp-json\/wp\/v2\/media?parent=13242"}],"curies":[{"name":"wp","href":"https:\/\/api.w.org\/{rel}","templated":true}]}}