{"id":1313,"date":"2012-01-26T16:01:59","date_gmt":"2012-01-26T13:01:59","guid":{"rendered":"https:\/\/luxus.ee\/?page_id=1313"},"modified":"2016-12-29T12:23:18","modified_gmt":"2016-12-29T09:23:18","slug":"bubbelpool","status":"publish","type":"page","link":"https:\/\/luxus.ee\/sv\/bubbelpool\/","title":{"rendered":"2 personer bubbelpool"},"content":{"rendered":"<section class=\"wpb-content-wrapper\"><p>[vc_row][vc_column width=&#8221;2\/3&#8243;][vc_column_text]<\/p>\n<h2>En exklusiv djup bubbelpool &#8211;\u00a0i ditt hem !<\/h2>\n<p><strong>Luxury<\/strong>\u00a0&#8211; djup bad,\u00a0l\u00e4ngd \u00e4r 1970mm,\u00a0bredd 1240mm, djup 730mm, med ram h\u00f6jd 900mm \u00f6ver markytan.\u00a0Bad tillverkas i en exklusiv bl\u00e5 Lucite akryl.<\/p>\n<p><strong><span style=\"text-decoration: underline;\">Specifikationer :<\/span><br \/>\n<\/strong>Antal sittplatser\u00a02<br \/>\nSittdjup 550mm<br \/>\nTorrvikt 80kg \/kit.<br \/>\nFullt utrustad vikt 500kg.<br \/>\nVatten kapacitet 420l<br \/>\nMetallst\u00e4llning<\/p>\n<p><span style=\"text-decoration: underline;\"><strong>M\u00f6jlig utrustning<\/strong> :<\/span><br \/>\nVattenstr\u00e5lar mini 36st.<br \/>\nVattenstr\u00e5lar stor 6st.<br \/>\nPump med effekt\u00a01,3kw<br \/>\nLuftmunstycken 9st<br \/>\nFl\u00e4kt 500w<br \/>\nPannan 1,5-3kw<br \/>\nLed-ljus 83mm<br \/>\nDigitala styrpanel<br \/>\nDeckpaneler som t\u00e4cker sidorna[\/vc_column_text][vc_empty_space][\/vc_column][vc_column width=&#8221;1\/3&#8243;][vc_empty_space height=&#8221;20px&#8221;][vc_gallery type=&#8221;image_grid&#8221; images=&#8221;2080,2082&#8243; img_size=&#8221;110&#215;110&#8243;][\/vc_column][\/vc_row][vc_row][vc_column][vc_separator border_width=&#8221;2&#8243;][\/vc_column][\/vc_row][vc_row][vc_column width=&#8221;2\/3&#8243;][vc_column_text]<span style=\"text-decoration: underline;\"><strong>F\u00e4rg <\/strong><\/span><\/p>\n<p><span style=\"text-decoration: underline;\"><strong>Massageutrustning <\/strong><\/span><strong>\u2013 <\/strong>pumpar, munstycken, styrelektronik, v\u00e4rmare, undervattensbelysning kommer fr\u00e5n HydroAir International i Danmark<span style=\"text-decoration: underline;\">.<\/span><\/p>\n<p><strong>Teckningar av poolen<\/strong><\/p>\n<p>[\/vc_column_text][\/vc_column][vc_column width=&#8221;1\/3&#8243;][vc_gallery type=&#8221;image_grid&#8221; images=&#8221;1723,6724,922,657,1878,2367&#8243; img_size=&#8221;110&#215;110&#8243;][\/vc_column][\/vc_row][vc_row][vc_column][vc_separator border_width=&#8221;2&#8243;][\/vc_column][\/vc_row][vc_row][vc_column][vc_column_text]<strong>Vad \u00e4r Lucite akryl sittpoolers f\u00f6rdelar j\u00e4mf\u00f6rt med tr\u00e4badtunna ?<\/strong><\/p>\n<p>1. F\u00f6r det f\u00f6rsta<strong>; <\/strong>Lucite Akryl \u00e4r en h\u00e5llbar och stabil ytbel\u00e4ggning, som t\u00e5ler solljus och andra v\u00e4derf\u00f6rh\u00e5llanden m\u00e5nga \u00e5r, j\u00e4mf\u00f6rt med tr\u00e4. Akrylytan \u00e4r behagligt mjuk. Sittpoolen har bekv\u00e4m inredning, sk\u00f6n rygg- och s\u00e4tesform.<\/p>\n<p>2. F\u00f6r det andra; Den antibakteriella akrylinsidan f\u00f6rhindrar att smuts och alger f\u00e4ster p\u00e5 poolens ytor och g\u00f6r att den bibeh\u00e5ller den bl\u00e5 f\u00e4rgen. Pool av tr\u00e4 uts\u00e4ttes f\u00f6r en \u00f6nderfallsprocessen. I den finns ocks\u00e5 springor och sprickor, som samlar smuts. Akryl poolen kr\u00e4ver inget underh\u00e5llsarbete.<\/p>\n<p>3. F\u00f6r det tredje; Det kr\u00e4vs inte att Akryl poolen st\u00e4ndigt \u00e4r vattenfylld. Tr\u00e4sittpoolen beh\u00f6ver vattenfyllas f\u00f6r att ev. sprickor skall t\u00e4tas.<\/p>\n<p>4. F\u00f6r det fj\u00e4rde; Akryl poolen \u00e4r enkel att installera. Man beh\u00f6ver endast f\u00f6rbereda med en stabil bottenplatta och ett metallstativ . Supporttrappan \u00e4r l\u00e4tt att installera p\u00e5 ramen f\u00f6r ombordstigning.<\/p>\n<p>5. F\u00f6r det femte; I Akryl poolen kan installeras massageutrustning och andra tillbeh\u00f6r genom sittpoolens v\u00e4ggar och botten, denna utrusning kan d\u00f6ljas bakom panelen.<\/p>\n<p>6. F\u00f6r det sj\u00e4tte; Akryl poolen \u00e4r l\u00e4tt att st\u00e4da med icke slipande och icke-kemiskt flytande reng\u00f6ringsmedel.<\/p>\n<p>7. F\u00f6r det sjunde; Akryl pool kan anv\u00e4ndas utan n\u00e5gon som helst utrustning.[\/vc_column_text][\/vc_column][\/vc_row]<\/p>\n<\/section>","protected":false},"excerpt":{"rendered":"<p>[vc_row][vc_column width=&#8221;2\/3&#8243;][vc_column_text] En exklusiv djup bubbelpool &#8211;\u00a0i ditt hem ! Luxury\u00a0&#8211; djup bad,\u00a0l\u00e4ngd \u00e4r 1970mm,\u00a0bredd 1240mm, djup 730mm, med ram h\u00f6jd 900mm \u00f6ver markytan.\u00a0Bad tillverkas i en exklusiv bl\u00e5 Lucite akryl. Specifikationer : Antal sittplatser\u00a02 Sittdjup 550mm Torrvikt 80kg \/kit. Fullt utrustad vikt 500kg. Vatten kapacitet 420l Metallst\u00e4llning M\u00f6jlig utrustning : Vattenstr\u00e5lar mini 36st. Vattenstr\u00e5lar<\/p>\n","protected":false},"author":1,"featured_media":0,"parent":0,"menu_order":0,"comment_status":"closed","ping_status":"open","template":"","meta":{"_acf_changed":false,"footnotes":""},"acf":[],"_links":{"self":[{"href":"https:\/\/luxus.ee\/sv\/wp-json\/wp\/v2\/pages\/1313"}],"collection":[{"href":"https:\/\/luxus.ee\/sv\/wp-json\/wp\/v2\/pages"}],"about":[{"href":"https:\/\/luxus.ee\/sv\/wp-json\/wp\/v2\/types\/page"}],"author":[{"embeddable":true,"href":"https:\/\/luxus.ee\/sv\/wp-json\/wp\/v2\/users\/1"}],"replies":[{"embeddable":true,"href":"https:\/\/luxus.ee\/sv\/wp-json\/wp\/v2\/comments?post=1313"}],"version-history":[{"count":0,"href":"https:\/\/luxus.ee\/sv\/wp-json\/wp\/v2\/pages\/1313\/revisions"}],"wp:attachment":[{"href":"https:\/\/luxus.ee\/sv\/wp-json\/wp\/v2\/media?parent=1313"}],"curies":[{"name":"wp","href":"https:\/\/api.w.org\/{rel}","templated":true}]}}