{"id":1311,"date":"2011-12-17T15:13:37","date_gmt":"2011-12-17T12:13:37","guid":{"rendered":"https:\/\/luxus.ee\/?page_id=1311"},"modified":"2021-02-25T11:07:22","modified_gmt":"2021-02-25T08:07:22","slug":"specialerbjudanden","status":"publish","type":"page","link":"https:\/\/luxus.ee\/sv\/specialerbjudanden\/","title":{"rendered":"Specialerbjudanden"},"content":{"rendered":"<section class=\"wpb-content-wrapper\"><p>[vc_row][vc_column][vc_row_inner][vc_column_inner width=&#8221;2\/3&#8243;][vc_gallery type=&#8221;image_grid&#8221; images=&#8221;25714,25722,25730,25738&#8243;][vc_column_text]<\/p>\n<h3><strong><span title=\"unikaalne k\u00fcmblust\u00fcnn skandinaavias&lt;\/p&gt;&lt;br \/&gt;&lt;br \/&gt;&lt;br \/&gt;&lt;br \/&gt;&lt;br \/&gt;&lt;br \/&gt;&lt;br \/&gt;&lt;br \/&gt;&lt;br \/&gt;&lt;br \/&gt;&lt;br \/&gt;&lt;br \/&gt;&lt;br \/&gt;&lt;br \/&gt;&lt;br \/&gt;&lt;br \/&gt;&lt;br \/&gt;&lt;br \/&gt;&lt;br \/&gt;&lt;br \/&gt;&lt;br \/&gt;&lt;br \/&gt;&lt;br \/&gt;&lt;br \/&gt;&lt;br \/&gt;&lt;br \/&gt; &lt;p&gt;\">Unik badtunna i Skandinavien <\/span>Octa<\/strong> \u2013<\/h3>\n<p>\u00c5ttakantiga Extern badtunna<\/p>\n<p>Ytterm\u00e5tt \u00e4r 2100mm, insidan 1750mm, djup 910mm, med ram h\u00f6jd 1050mm \u00f6ver<br \/>\nmarkytan, rymmer 1000l vatten. Poolerna tillverkas i en exklusiv bl\u00e5 <em><strong>Lucite Antibakteriellt akryl.<\/strong><\/em>[\/vc_column_text][\/vc_column_inner][vc_column_inner width=&#8221;1\/3&#8243;][vc_gallery type=&#8221;image_grid&#8221; images=&#8221;7845,7300,13213&#8243; img_size=&#8221;110&#215;110&#8243; css=&#8221;.vc_custom_1509293545873{padding-bottom: 20px !important;}&#8221;][\/vc_column_inner][\/vc_row_inner][vc_row_inner][vc_column_inner width=&#8221;2\/3&#8243;][vc_custom_heading text=&#8221;Luxus Badtunna 2100 x 1050mm komplett med kamin&#8221; font_container=&#8221;tag:h3|text_align:left|color:%23000000&#8243; google_fonts=&#8221;font_family:Bitter%3Aregular%2Citalic%2C700|font_style:400%20regular%3A400%3Anormal&#8221;][vc_column_text]1. Badtunna akryl white\u00a0 \u00a0<strong><del>890<\/del> \/ <span style=\"color: #ff0000;\">750eur<br \/>\n<\/span><\/strong><span style=\"color: #ff0000;\"><span style=\"color: #000000;\">2. Badtunna akryl Sterling-silver\u00a0 <strong><del>1190<\/del> \/ <span style=\"color: #ff0000;\">850eur<\/span><\/strong><\/span><\/span><br \/>\n3. Badtunna akryl Alba (pearl-white)\u00a0 <strong><del>1190<\/del> \/ <span style=\"color: #ff0000;\">850eur<\/span><\/strong><br \/>\n4. Badtunna akryl Pacific Rim\u00a0 \u00a0<strong><del>1190<\/del> \/\u00a0<span style=\"color: #ff0000;\">850eur<\/span><\/strong><br \/>\n5. Badtunna akryl Tuscan Sun\u00a0 \u00a0<strong><del>1190<\/del> \/ <span style=\"color: #ff0000;\">850eur<br \/>\n<\/span><\/strong><span style=\"color: #000000;\">6. Badtunna akryl Summer-sapphire\u00a0 <strong><del>1190<\/del> \/ <span style=\"color: #ff0000;\">850eur<\/span><\/strong><\/span><br \/>\nMetal ram\u00a0 \u00a0<strong>129eur<\/strong><br \/>\nGalvanis ram\u00a0 \u00a0<strong>279eur<\/strong><br \/>\nAluminium kamin\u00a0 <strong>549eur<br \/>\n<\/strong>Buetooth stereosystem\u00a0<strong> \u00a0420eur<br \/>\n<\/strong>Subwoofer<strong>\u00a0 \u00a0249eur<\/strong><\/p>\n<p>&#8230;&#8230;&#8230;&#8230;&#8230;&#8230;&#8230;&#8230;&#8230;&#8230;&#8230;&#8230;&#8230;&#8230;&#8230;&#8230;&#8230;&#8230;&#8230;&#8230;&#8230;&#8230;&#8230;&#8230;&#8230;&#8230;&#8230;&#8230;&#8230;&#8230;&#8230;&#8230;&#8230;&#8230;&#8230;&#8230;&#8230;&#8230;<\/p>\n<p><strong>Erbjudande<\/strong> &#8211; Badtunna snow-white 690eur + metal Galvanis ram 279eur + kamin 549eur = <span style=\"color: #ff0000;\"><strong>1578eur<\/strong><\/span><\/p>\n<p><strong>\u00a0<\/strong>[\/vc_column_text][vc_btn title=&#8221;Rabatt prislista&#8221; style=&#8221;3d&#8221; color=&#8221;sky&#8221; link=&#8221;url:https%3A%2F%2Fluxus.ee%2Fsv%2Fluxus-badtunna-prislista%2F|title:Luxus%20badtunna%20prislista||&#8221;][\/vc_column_inner][vc_column_inner width=&#8221;1\/3&#8243;][vc_gallery type=&#8221;image_grid&#8221; images=&#8221;13239,7950,9609,13227,13236,25786,25778,25754,25770,25762,25802&#8243; img_size=&#8221;110&#215;110&#8243; css=&#8221;.vc_custom_1562057855271{padding-bottom: 20px !important;}&#8221;][\/vc_column_inner][\/vc_row_inner][vc_row_inner][vc_column_inner][vc_separator border_width=&#8221;2&#8243;][\/vc_column_inner][\/vc_row_inner][\/vc_column][\/vc_row][vc_row][vc_column][vc_row_inner][vc_column_inner width=&#8221;2\/3&#8243;][vc_custom_heading text=&#8221;Luxus Spa Meridian &#8211; pris 5999.- eur&#8221; font_container=&#8221;tag:h3|text_align:left|color:%23000000&#8243; google_fonts=&#8221;font_family:Bitter%3Aregular%2Citalic%2C700|font_style:400%20regular%3A400%3Anormal&#8221;][vc_column_text]<\/p>\n<div>\n<p>200 x 200 x 92cm\/1040l.<\/p>\n<\/div>\n<div>Liggplats: 1 person<br \/>\nSittplatser: 5 personer<br \/>\nLiter 1040, vikt 400kg<br \/>\nEl.specifikation 1 x 16A<br \/>\nTotal antal jets 31st<br \/>\nPump 1 &#8211; 3hp<\/div>\n<div>Cirkulationsmotor 0,35hp<br \/>\nOzongenerator\u00a01st<br \/>\nUndervattensbelysning LED<br \/>\nFilters 1st-50sq<br \/>\nBalboa kontrollsystem<br \/>\nV\u00e4rmare 3kW<br \/>\nLuftkontroller 3st<br \/>\nNackkuddar 3st<\/div>\n<div>PU isolering 1cm<br \/>\nTermisk ytbel\u00e4ggning<\/div>\n<div><\/div>\n<p>[\/vc_column_text][\/vc_column_inner][vc_column_inner width=&#8221;1\/3&#8243;][vc_gallery type=&#8221;image_grid&#8221; images=&#8221;8501&#8243; img_size=&#8221;th&#8221;][\/vc_column_inner][\/vc_row_inner][vc_separator border_width=&#8221;2&#8243;][\/vc_column][\/vc_row][vc_row][vc_column][vc_row_inner][vc_column_inner width=&#8221;2\/3&#8243;][vc_custom_heading text=&#8221;Luxus Spa Milan &#8211; pris 6499.- eur&#8221; font_container=&#8221;tag:h3|text_align:left|color:%23000000&#8243; google_fonts=&#8221;font_family:Bitter%3Aregular%2Citalic%2C700|font_style:400%20regular%3A400%3Anormal&#8221;][vc_column_text]<\/p>\n<div>Lucite akryl med microban ytbel\u00e4ggning<br \/>\n200 x 200 x 92cm\/1040l.<\/div>\n<div>\n<p>Liggplats: 1 person<br \/>\nSittplatser: 5 personer<br \/>\nLiter 1040, vikt 400kg<br \/>\nEl.specifikation 3 x 16A<br \/>\nTotal antal jets 46st<br \/>\nPump 1 &#8211; 3hp<br \/>\nPump 2 &#8211; 2hp<br \/>\nCirkulationsmotor 0,35hp<br \/>\nOzongenerator 1st<br \/>\nUndervattensbelysning LED<br \/>\nFilters 1st-50sq<br \/>\nBalboa kontrollsystem<br \/>\nV\u00e4rmare 3kW<br \/>\nLuftkontroller 3st<br \/>\nNackkuddar 3st<br \/>\nPU isolering 1cm<br \/>\nTermisk ytbel\u00e4ggning<br \/>\nBluetooth-stereo<\/p>\n<\/div>\n<p>[\/vc_column_text][\/vc_column_inner][vc_column_inner width=&#8221;1\/3&#8243;][vc_gallery type=&#8221;image_grid&#8221; images=&#8221;28419&#8243;][\/vc_column_inner][\/vc_row_inner][vc_separator border_width=&#8221;2&#8243;][\/vc_column][\/vc_row][vc_row][vc_column][vc_row_inner][vc_column_inner width=&#8221;2\/3&#8243;][vc_custom_heading text=&#8221;Luxus utomhusspa Opus pris 6999.- eur&#8221; font_container=&#8221;tag:h3|text_align:left|color:%23000000&#8243; google_fonts=&#8221;font_family:Bitter%3Aregular%2Citalic%2C700|font_style:400%20regular%3A400%3Anormal&#8221;][vc_column_text]230 x 230 x 93cm<\/p>\n<div>Lucite akryl med microban ytbel\u00e4ggning<\/div>\n<div>\n<p>Liggplats: 2 person<br \/>\nSittplatser: 3 personer<br \/>\nLiter 1390, vikt 420kg<br \/>\nTotal antal jets 41st<br \/>\nPump 1 &#8211; 3hp<br \/>\nPump 2 &#8211; 3hp<br \/>\nCirkulationsmotor 0,35hp<br \/>\nOzongenerator\u00a01st<br \/>\nUndervattensbelysning 1 x 55st LED<br \/>\nFilters 1st-50sq<br \/>\nBalboa kontrollsystem<br \/>\nV\u00e4rmare 3kW<br \/>\nLuftkontroller 3st<br \/>\nNackkuddar 3st<br \/>\nTermisk ytbel\u00e4ggning<br \/>\nBluetooth-stereo med subwoofer<\/p>\n<p>&nbsp;<\/p>\n<\/div>\n<div><\/div>\n<p>[\/vc_column_text][\/vc_column_inner][vc_column_inner width=&#8221;1\/3&#8243;][vc_gallery type=&#8221;image_grid&#8221; images=&#8221;28410&#8243;][\/vc_column_inner][\/vc_row_inner][vc_separator border_width=&#8221;2&#8243;][\/vc_column][\/vc_row]<\/p>\n<\/section>","protected":false},"excerpt":{"rendered":"<p>[vc_row][vc_column][vc_row_inner][vc_column_inner width=&#8221;2\/3&#8243;][vc_gallery type=&#8221;image_grid&#8221; images=&#8221;25714,25722,25730,25738&#8243;][vc_column_text] Unik badtunna i Skandinavien Octa \u2013 \u00c5ttakantiga Extern badtunna Ytterm\u00e5tt \u00e4r 2100mm, insidan 1750mm, djup 910mm, med ram h\u00f6jd 1050mm \u00f6ver markytan, rymmer 1000l vatten. Poolerna tillverkas i en exklusiv bl\u00e5 Lucite Antibakteriellt akryl.[\/vc_column_text][\/vc_column_inner][vc_column_inner width=&#8221;1\/3&#8243;][vc_gallery type=&#8221;image_grid&#8221; images=&#8221;7845,7300,13213&#8243; img_size=&#8221;110&#215;110&#8243; css=&#8221;.vc_custom_1509293545873{padding-bottom: 20px !important;}&#8221;][\/vc_column_inner][\/vc_row_inner][vc_row_inner][vc_column_inner width=&#8221;2\/3&#8243;][vc_custom_heading text=&#8221;Luxus Badtunna 2100 x 1050mm komplett med kamin&#8221; font_container=&#8221;tag:h3|text_align:left|color:%23000000&#8243;<\/p>\n","protected":false},"author":1,"featured_media":13208,"parent":0,"menu_order":0,"comment_status":"closed","ping_status":"closed","template":"","meta":{"_acf_changed":false,"footnotes":""},"acf":[],"_links":{"self":[{"href":"https:\/\/luxus.ee\/sv\/wp-json\/wp\/v2\/pages\/1311"}],"collection":[{"href":"https:\/\/luxus.ee\/sv\/wp-json\/wp\/v2\/pages"}],"about":[{"href":"https:\/\/luxus.ee\/sv\/wp-json\/wp\/v2\/types\/page"}],"author":[{"embeddable":true,"href":"https:\/\/luxus.ee\/sv\/wp-json\/wp\/v2\/users\/1"}],"replies":[{"embeddable":true,"href":"https:\/\/luxus.ee\/sv\/wp-json\/wp\/v2\/comments?post=1311"}],"version-history":[{"count":0,"href":"https:\/\/luxus.ee\/sv\/wp-json\/wp\/v2\/pages\/1311\/revisions"}],"wp:featuredmedia":[{"embeddable":true,"href":"https:\/\/luxus.ee\/sv\/wp-json\/wp\/v2\/media\/13208"}],"wp:attachment":[{"href":"https:\/\/luxus.ee\/sv\/wp-json\/wp\/v2\/media?parent=1311"}],"curies":[{"name":"wp","href":"https:\/\/api.w.org\/{rel}","templated":true}]}}