{"id":10452,"date":"2017-01-06T11:33:57","date_gmt":"2017-01-06T08:33:57","guid":{"rendered":"https:\/\/luxus.ee\/?page_id=10452\/"},"modified":"2021-02-24T16:22:23","modified_gmt":"2021-02-24T13:22:23","slug":"utomhusspa-meridian","status":"publish","type":"page","link":"https:\/\/luxus.ee\/sv\/utomhusspa-meridian\/","title":{"rendered":"Utomhusspa Meridian"},"content":{"rendered":"<section class=\"wpb-content-wrapper\"><p>[vc_row][vc_column width=&#8221;1\/2&#8243;][vc_column_text]<\/p>\n<h4><strong>Luxus utomhusspa Meridian<br \/>\n<\/strong><\/h4>\n<p>200 x 200 x 92cm<br \/>\nLiter 1040, vikt 350kg<br \/>\n1 x 16A \/ 3 x 16A<br \/>\nLucite akryl med microban ytbel\u00e4ggning<br \/>\nBalboa kontrolpanel TP400<br \/>\nTotal antal jets 31st<br \/>\nPump 1 \u2013 3hp<br \/>\nCirkulationsmotor 0,35hp<br \/>\nOzongenerator\u00a01st<br \/>\nUndervattensbelysning LED<br \/>\nLedningsbelysning p\u00e5 vattenniv\u00e5n<br \/>\nFilters 1st<br \/>\nV\u00e4rmare 3kW<br \/>\nLuftkontroller 3st<br \/>\nNackkuddar 3st<br \/>\nPU isolering 1cm<br \/>\nPanel isolering 3,5cm<br \/>\nTermisk ytbel\u00e4ggning<\/p>\n<p>&nbsp;<\/p>\n<p><strong>Pris 5<span style=\"color: #000000;\">999<\/span> eur<\/strong><\/p>\n<p>&nbsp;<\/p>\n<p>[\/vc_column_text][\/vc_column][vc_column width=&#8221;1\/2&#8243;][vc_gallery type=&#8221;image_grid&#8221; images=&#8221;12260&#8243; img_size=&#8221;medium&#8221;][vc_gallery type=&#8221;image_grid&#8221; images=&#8221;12150&#8243; img_size=&#8221;medium&#8221;][vc_gallery type=&#8221;image_grid&#8221; images=&#8221;24325&#8243; img_size=&#8221;medium&#8221;][vc_gallery type=&#8221;image_grid&#8221; images=&#8221;28507&#8243; img_size=&#8221;medium&#8221;][\/vc_column][\/vc_row]<\/p>\n<\/section>","protected":false},"excerpt":{"rendered":"<p>[vc_row][vc_column width=&#8221;1\/2&#8243;][vc_column_text] Luxus utomhusspa Meridian 200 x 200 x 92cm Liter 1040, vikt 350kg 1 x 16A \/ 3 x 16A Lucite akryl med microban ytbel\u00e4ggning Balboa kontrolpanel TP400 Total antal jets 31st Pump 1 \u2013 3hp Cirkulationsmotor 0,35hp Ozongenerator\u00a01st Undervattensbelysning LED Ledningsbelysning p\u00e5 vattenniv\u00e5n Filters 1st V\u00e4rmare 3kW Luftkontroller 3st Nackkuddar 3st PU isolering<\/p>\n","protected":false},"author":1,"featured_media":12260,"parent":0,"menu_order":0,"comment_status":"closed","ping_status":"closed","template":"","meta":{"_acf_changed":false,"footnotes":""},"acf":[],"_links":{"self":[{"href":"https:\/\/luxus.ee\/sv\/wp-json\/wp\/v2\/pages\/10452"}],"collection":[{"href":"https:\/\/luxus.ee\/sv\/wp-json\/wp\/v2\/pages"}],"about":[{"href":"https:\/\/luxus.ee\/sv\/wp-json\/wp\/v2\/types\/page"}],"author":[{"embeddable":true,"href":"https:\/\/luxus.ee\/sv\/wp-json\/wp\/v2\/users\/1"}],"replies":[{"embeddable":true,"href":"https:\/\/luxus.ee\/sv\/wp-json\/wp\/v2\/comments?post=10452"}],"version-history":[{"count":0,"href":"https:\/\/luxus.ee\/sv\/wp-json\/wp\/v2\/pages\/10452\/revisions"}],"wp:featuredmedia":[{"embeddable":true,"href":"https:\/\/luxus.ee\/sv\/wp-json\/wp\/v2\/media\/12260"}],"wp:attachment":[{"href":"https:\/\/luxus.ee\/sv\/wp-json\/wp\/v2\/media?parent=10452"}],"curies":[{"name":"wp","href":"https:\/\/api.w.org\/{rel}","templated":true}]}}