{"id":4419,"date":"2012-07-29T12:15:54","date_gmt":"2012-07-29T09:15:54","guid":{"rendered":"https:\/\/luxus.ee\/wellis-massaazivannid-2\/"},"modified":"2018-03-07T18:28:52","modified_gmt":"2018-03-07T15:28:52","slug":"%d0%bc%d0%b0%d1%81%d1%81%d0%b0%d0%b6%d0%bd%d1%8b%d0%b5-%d0%b2%d0%b0%d0%bd%d0%bd%d1%8b","status":"publish","type":"page","link":"https:\/\/luxus.ee\/ru\/%d0%bc%d0%b0%d1%81%d1%81%d0%b0%d0%b6%d0%bd%d1%8b%d0%b5-%d0%b2%d0%b0%d0%bd%d0%bd%d1%8b\/","title":{"rendered":"Wellis \u043c\u0430\u0441\u0441\u0430\u0436\u043d\u044b\u0435 \u0432\u0430\u043d\u043d\u044b"},"content":{"rendered":"<section class=\"wpb-content-wrapper\"><p>[vc_row][vc_column width=&#187;2\/3&#8243;][vc_column_text]Wellis \u043f\u0440\u043e\u0438\u0437\u0432\u043e\u0434\u0441\u0442\u0432\u0435\u043d\u043d\u044b\u0439 \u043f\u0440\u043e\u0446\u0435\u0441\u0441 \u0432 \u0437\u043d\u0430\u0447\u0438\u0442\u0435\u043b\u044c\u043d\u043e\u0439 \u0441\u0442\u0435\u043f\u0435\u043d\u0438 \u0430\u0432\u0442\u043e\u043c\u0430\u0442\u0438\u0437\u0438\u0440\u043e\u0432\u0430\u043d\u00a0 \u0438 \u043e\u0431\u043e\u0440\u0443\u0434\u043e\u0432\u0430\u043d\u0438\u044f, \u0438\u0441\u043f\u043e\u043b\u044c\u0437\u0443\u0435\u043c\u044b\u0445 \u0434\u043b\u044f \u0441\u0431\u043e\u0440\u043a\u0438 \u0435\u0432\u0440\u043e\u043f\u0435\u0439\u0441\u043a\u0438\u0445 \u043f\u0440\u043e\u0438\u0437\u0432\u043e\u0434\u0438\u0442\u0435\u043b\u0435\u0439\u00a0 \u0432\u044b\u0441\u043e\u043a\u043e\u043a\u0430\u0447\u0435\u0441\u0442\u0432\u0435\u043d\u043d\u044b\u0445 \u043c\u0430\u0442\u0435\u0440\u0438\u0430\u043b\u043e\u0432.[\/vc_column_text][vc_row_inner][vc_column_inner][vc_btn title=&#187;\u0447\u0438\u0442\u0430\u0442\u044c \u0434\u0430\u043b\u0435\u0435&#187; style=&#187;3d&#187; color=&#187;info&#187; size=&#187;sm&#187; link=&#187;url:http%3A%2F%2Fluxus.ee%2Fwellis-massaazivannid%2Fwellis-liht-ja-massaazivannid%2F|||&#187; el_class=&#187;vc_btn3&#8212;luxus-blue&#187;][vc_btn title=&#187;\u043a\u043e\u043d\u0442\u0430\u043a\u0442&#187; style=&#187;3d&#187; color=&#187;info&#187; size=&#187;sm&#187; link=&#187;url:http%3A%2F%2Fluxus.ee%2Fhinnaparing%2F|||&#187; el_class=&#187;vc_btn3&#8212;luxus-blue&#187;][\/vc_column_inner][\/vc_row_inner][\/vc_column][vc_column width=&#187;1\/3&#8243;][vc_empty_space height=&#187;20px&#187;][vc_gallery type=&#187;image_grid&#187; images=&#187;9791&#8243; img_size=&#187;320&#215;120&#8243;][\/vc_column][\/vc_row][vc_row][vc_column][vc_separator border_width=&#187;2&#8243;][\/vc_column][\/vc_row][vc_row][vc_column width=&#187;2\/3&#8243;][vc_custom_heading text=&#187;Vann Lizzi&#187; font_container=&#187;tag:h3|text_align:left|color:%234887cc&#187; google_fonts=&#187;font_family:Bitter%3Aregular%2Citalic%2C700|font_style:400%20regular%3A400%3Anormal&#187;][vc_column_text]1600 x 750 x 630mm\/195l, 1700 x 750 x 630mm\/225l<br \/>\nOtsa- ja k\u00fcljepaneeliga.<\/p>\n<p><span style=\"color: #4887cc;\">Hind alates 540.-<\/span>[\/vc_column_text][vc_row_inner][vc_column_inner][vc_btn title=&#187;\u0447\u0438\u0442\u0430\u0442\u044c \u0434\u0430\u043b\u0435\u0435&#187; style=&#187;3d&#187; color=&#187;info&#187; size=&#187;sm&#187; link=&#187;url:http%3A%2F%2Fluxus.ee%2Fru%2Fwellis-massaazivannid%2Fvann-lizzi%2F|||&#187; el_class=&#187;vc_btn3&#8212;luxus-blue&#187;][vc_btn title=&#187;\u043a\u043e\u043d\u0442\u0430\u043a\u0442&#187; style=&#187;3d&#187; color=&#187;info&#187; size=&#187;sm&#187; link=&#187;url:http%3A%2F%2Fluxus.ee%2Fru%2F%25D0%25B7%25D0%25B0%25D0%25BF%25D1%2580%25D0%25BE%25D1%2581%25D0%25B8%25D1%2582%25D1%258C-%25D1%2586%25D0%25B5%25D0%25BD%25D1%2583%2F|||&#187; el_class=&#187;vc_btn3&#8212;luxus-blue&#187;][\/vc_column_inner][\/vc_row_inner][\/vc_column][vc_column width=&#187;1\/3&#8243;][vc_gallery type=&#187;image_grid&#187; images=&#187;9429&#8243; img_size=&#187;320&#215;120&#8243;][\/vc_column][\/vc_row][vc_row][vc_column][vc_separator border_width=&#187;2&#8243;][\/vc_column][\/vc_row][vc_row][vc_column width=&#187;2\/3&#8243;][vc_row_inner][vc_column_inner][vc_custom_heading text=&#187;Vann Vitalia&#187; font_container=&#187;tag:h3|text_align:left|color:%234887cc&#187; google_fonts=&#187;font_family:Bitter%3Aregular%2Citalic%2C700|font_style:400%20regular%3A400%3Anormal&#187;][vc_column_text]1600 x 750 x 630mm\/195l, 1700 x 750 x 630mm\/225l<br \/>\nOtsa- ja k\u00fcljepaneeliga.<\/p>\n<p><span style=\"color: #4887cc;\">Hind alates 540.-<\/span>[\/vc_column_text][\/vc_column_inner][\/vc_row_inner][vc_row_inner][vc_column_inner][vc_btn title=&#187;\u0447\u0438\u0442\u0430\u0442\u044c \u0434\u0430\u043b\u0435\u0435&#187; style=&#187;3d&#187; color=&#187;info&#187; size=&#187;sm&#187; link=&#187;url:http%3A%2F%2Fluxus.ee%2Fru%2Fwellis-massaazivannid%2Fvann-vitalia%2F|||&#187; el_class=&#187;vc_btn3&#8212;luxus-blue&#187;][vc_btn title=&#187;\u043a\u043e\u043d\u0442\u0430\u043a\u0442&#187; style=&#187;3d&#187; color=&#187;info&#187; size=&#187;sm&#187; link=&#187;url:http%3A%2F%2Fluxus.ee%2Fru%2F%25D0%25B7%25D0%25B0%25D0%25BF%25D1%2580%25D0%25BE%25D1%2581%25D0%25B8%25D1%2582%25D1%258C-%25D1%2586%25D0%25B5%25D0%25BD%25D1%2583%2F|||&#187; el_class=&#187;vc_btn3&#8212;luxus-blue&#187;][\/vc_column_inner][\/vc_row_inner][\/vc_column][vc_column width=&#187;1\/3&#8243;][vc_gallery type=&#187;image_grid&#187; images=&#187;9430&#8243; img_size=&#187;320&#215;120&#8243; css=&#187;.vc_custom_1483616865394{padding-bottom: 20px !important;}&#187;][\/vc_column][\/vc_row][vc_row][vc_column][vc_separator border_width=&#187;2&#8243;][\/vc_column][\/vc_row][vc_row][vc_column width=&#187;2\/3&#8243;][vc_row_inner][vc_column_inner][vc_custom_heading text=&#187;Vann Titano&#187; font_container=&#187;tag:h3|text_align:left|color:%234887cc&#187; google_fonts=&#187;font_family:Bitter%3Aregular%2Citalic%2C700|font_style:400%20regular%3A400%3Anormal&#187;][vc_column_text]1800 x 800 x 630mm\/255l, 1900 x 800 x 630mm\/290l<br \/>\nOtsa- ja k\u00fcljepaneeliga.<\/p>\n<p><span style=\"color: #4887cc;\">Hind alates 599.-<\/span>[\/vc_column_text][\/vc_column_inner][\/vc_row_inner][vc_row_inner][vc_column_inner][vc_btn title=&#187;\u0447\u0438\u0442\u0430\u0442\u044c \u0434\u0430\u043b\u0435\u0435&#187; style=&#187;3d&#187; color=&#187;info&#187; size=&#187;sm&#187; link=&#187;url:http%3A%2F%2Fluxus.ee%2Fru%2Fwellis-massaazivannid%2Fvann-titano%2F|||&#187; el_class=&#187;vc_btn3&#8212;luxus-blue&#187;][vc_btn title=&#187;\u043a\u043e\u043d\u0442\u0430\u043a\u0442&#187; style=&#187;3d&#187; color=&#187;info&#187; size=&#187;sm&#187; link=&#187;url:http%3A%2F%2Fluxus.ee%2Fru%2F%25D0%25B7%25D0%25B0%25D0%25BF%25D1%2580%25D0%25BE%25D1%2581%25D0%25B8%25D1%2582%25D1%258C-%25D1%2586%25D0%25B5%25D0%25BD%25D1%2583%2F|||&#187; el_class=&#187;vc_btn3&#8212;luxus-blue&#187;][\/vc_column_inner][\/vc_row_inner][\/vc_column][vc_column width=&#187;1\/3&#8243;][vc_gallery type=&#187;image_grid&#187; images=&#187;9431&#8243; img_size=&#187;320&#215;120&#8243; css=&#187;.vc_custom_1483617144679{padding-bottom: 20px !important;}&#187;][\/vc_column][\/vc_row][vc_row][vc_column][vc_separator border_width=&#187;2&#8243;][\/vc_column][\/vc_row][vc_row][vc_column width=&#187;2\/3&#8243;][vc_row_inner][vc_column_inner][vc_custom_heading text=&#187;Vann Palma&#187; font_container=&#187;tag:h3|text_align:left|color:%234887cc&#187; google_fonts=&#187;font_family:Bitter%3Aregular%2Citalic%2C700|font_style:400%20regular%3A400%3Anormal&#187;][vc_column_text]1600 x 1050 x 630mm\/285l<br \/>\nSaadaval parema- ja vasakuk\u00e4elisena. Esipaneeliga.<br \/>\n<span style=\"color: #4887cc;\">Hind alates 540.- eur<\/span>[\/vc_column_text][\/vc_column_inner][\/vc_row_inner][vc_row_inner][vc_column_inner][vc_btn title=&#187;\u0447\u0438\u0442\u0430\u0442\u044c \u0434\u0430\u043b\u0435\u0435&#187; style=&#187;3d&#187; color=&#187;info&#187; size=&#187;sm&#187; link=&#187;url:http%3A%2F%2Fluxus.ee%2Fru%2Fwellis-massaazivannid%2Fvann-palma%2F|||&#187; el_class=&#187;vc_btn3&#8212;luxus-blue&#187;][vc_btn title=&#187;\u043a\u043e\u043d\u0442\u0430\u043a\u0442&#187; style=&#187;3d&#187; color=&#187;info&#187; size=&#187;sm&#187; link=&#187;url:http%3A%2F%2Fluxus.ee%2Fru%2F%25d0%25b7%25d0%25b0%25d0%25bf%25d1%2580%25d0%25be%25d1%2581%25d0%25b8%25d1%2582%25d1%258c-%25d1%2586%25d0%25b5%25d0%25bd%25d1%2583%2F|||&#187; el_class=&#187;vc_btn3&#8212;luxus-blue&#187;][\/vc_column_inner][\/vc_row_inner][\/vc_column][vc_column width=&#187;1\/3&#8243;][vc_gallery type=&#187;image_grid&#187; images=&#187;9432&#8243; img_size=&#187;320&#215;120&#8243; css=&#187;.vc_custom_1483617444557{padding-bottom: 20px !important;}&#187;][\/vc_column][\/vc_row][vc_row][vc_column][vc_separator border_width=&#187;2&#8243;][\/vc_column][\/vc_row][vc_row][vc_column width=&#187;2\/3&#8243;][vc_custom_heading text=&#187;Vann Mille&#187; font_container=&#187;tag:h3|text_align:left|color:%234887cc&#187; google_fonts=&#187;font_family:Bitter%3Aregular%2Citalic%2C700|font_style:400%20regular%3A400%3Anormal&#187;][vc_column_text]1400 x 1400 x 630mm\/265l, 1500 x 1500 x 630mm\/355l<br \/>\nEsipaneeliga<br \/>\n<span style=\"color: #4887cc;\">Hind alates 549.- eur<\/span>[\/vc_column_text][vc_row_inner][vc_column_inner][vc_btn title=&#187;\u0447\u0438\u0442\u0430\u0442\u044c \u0434\u0430\u043b\u0435\u0435&#187; style=&#187;3d&#187; color=&#187;info&#187; size=&#187;sm&#187; link=&#187;url:http%3A%2F%2Fluxus.ee%2Fru%2Fwellis-massaazivannid%2Fvann-mille%2F|||&#187; el_class=&#187;vc_btn3&#8212;luxus-blue&#187;][vc_btn title=&#187;\u043a\u043e\u043d\u0442\u0430\u043a\u0442&#187; style=&#187;3d&#187; color=&#187;info&#187; size=&#187;sm&#187; link=&#187;url:http%3A%2F%2Fluxus.ee%2Fru%2F%25d0%25b7%25d0%25b0%25d0%25bf%25d1%2580%25d0%25be%25d1%2581%25d0%25b8%25d1%2582%25d1%258c-%25d1%2586%25d0%25b5%25d0%25bd%25d1%2583%2F|||&#187; el_class=&#187;vc_btn3&#8212;luxus-blue&#187;][\/vc_column_inner][\/vc_row_inner][\/vc_column][vc_column width=&#187;1\/3&#8243;][vc_gallery type=&#187;image_grid&#187; images=&#187;9434&#8243; img_size=&#187;320&#215;120&#8243; css=&#187;.vc_custom_1483617661789{padding-bottom: 20px !important;}&#187;][\/vc_column][\/vc_row][vc_row][vc_column][vc_separator border_width=&#187;2&#8243;][\/vc_column][\/vc_row][vc_row][vc_column width=&#187;2\/3&#8243;][vc_custom_heading text=&#187;Vann Scala Turbo &#8212; UUS !&#187; font_container=&#187;tag:h3|text_align:left|color:%234887cc&#187; google_fonts=&#187;font_family:Bitter%3Aregular%2Citalic%2C700|font_style:400%20regular%3A400%3Anormal&#187;][vc_column_text]1500 x 1500 x 645mm\/380l<br \/>\nStandardis ilma esipaneelita<br \/>\n<span style=\"color: #4887cc;\">Hind \u00a02990.- eur<\/span>[\/vc_column_text][vc_row_inner][vc_column_inner][vc_btn title=&#187;\u0447\u0438\u0442\u0430\u0442\u044c \u0434\u0430\u043b\u0435\u0435&#187; style=&#187;3d&#187; color=&#187;info&#187; size=&#187;sm&#187; link=&#187;url:http%3A%2F%2Fluxus.ee%2Fru%2Fwellis-massaazivannid%2Fvann-scala-turbo%2F|||&#187; el_class=&#187;vc_btn3&#8212;luxus-blue&#187;][vc_btn title=&#187;\u043a\u043e\u043d\u0442\u0430\u043a\u0442&#187; style=&#187;3d&#187; color=&#187;info&#187; size=&#187;sm&#187; link=&#187;url:http%3A%2F%2Fluxus.ee%2Fru%2F%25d0%25b7%25d0%25b0%25d0%25bf%25d1%2580%25d0%25be%25d1%2581%25d0%25b8%25d1%2582%25d1%258c-%25d1%2586%25d0%25b5%25d0%25bd%25d1%2583%2F|||&#187; el_class=&#187;vc_btn3&#8212;luxus-blue&#187;][\/vc_column_inner][\/vc_row_inner][\/vc_column][vc_column width=&#187;1\/3&#8243;][vc_gallery type=&#187;image_grid&#187; images=&#187;9095&#8243; img_size=&#187;320&#215;120&#8243; css=&#187;.vc_custom_1483618417728{padding-bottom: 20px !important;}&#187;][\/vc_column][\/vc_row][vc_row][vc_column][vc_separator border_width=&#187;2&#8243;][\/vc_column][\/vc_row][vc_row][vc_column width=&#187;2\/3&#8243;][vc_row_inner][vc_column_inner][vc_custom_heading text=&#187;Vann Nera Maxi&#187; font_container=&#187;tag:h3|text_align:left|color:%234887cc&#187; google_fonts=&#187;font_family:Bitter%3Aregular%2Citalic%2C700|font_style:400%20regular%3A400%3Anormal&#187;][vc_column_text]Akr\u00fc\u00fcl otsa- ja k\u00fcljepaneelidega<strong><br \/>\n<\/strong>1850 x 1500 x 720mm\/680l<br \/>\n<span style=\"color: #4887cc;\">Hind alates 999.- eur<\/span>[\/vc_column_text][\/vc_column_inner][\/vc_row_inner][vc_row_inner][vc_column_inner][vc_btn title=&#187;\u0447\u0438\u0442\u0430\u0442\u044c \u0434\u0430\u043b\u0435\u0435&#187; style=&#187;3d&#187; color=&#187;info&#187; size=&#187;sm&#187; link=&#187;url:http%3A%2F%2Fluxus.ee%2Fru%2Fwellis-massaazivannid%2Fvann-nera-maxi%2F|||&#187; el_class=&#187;vc_btn3&#8212;luxus-blue&#187;][vc_btn title=&#187;\u043a\u043e\u043d\u0442\u0430\u043a\u0442&#187; style=&#187;3d&#187; color=&#187;info&#187; size=&#187;sm&#187; link=&#187;url:http%3A%2F%2Fluxus.ee%2Fru%2F%25d0%25b7%25d0%25b0%25d0%25bf%25d1%2580%25d0%25be%25d1%2581%25d0%25b8%25d1%2582%25d1%258c-%25d1%2586%25d0%25b5%25d0%25bd%25d1%2583%2F|||&#187; el_class=&#187;vc_btn3&#8212;luxus-blue&#187;][\/vc_column_inner][\/vc_row_inner][\/vc_column][vc_column width=&#187;1\/3&#8243;][vc_gallery type=&#187;image_grid&#187; images=&#187;3680&#8243; img_size=&#187;320&#215;120&#8243; css=&#187;.vc_custom_1483619495819{padding-bottom: 20px !important;}&#187;][\/vc_column][\/vc_row][vc_row][vc_column][vc_separator border_width=&#187;2&#8243;][\/vc_column][\/vc_row][vc_row][vc_column width=&#187;2\/3&#8243;][vc_row_inner][vc_column_inner][vc_custom_heading text=&#187;Wellis disain vann Ovaal&#187; font_container=&#187;tag:h3|text_align:left|color:%234887cc&#187; google_fonts=&#187;font_family:Bitter%3Aregular%2Citalic%2C700|font_style:400%20regular%3A400%3Anormal&#187;][vc_column_text]1860 x 885 x 605mm\/h<br \/>\n<span style=\"color: #4887cc;\">Hind \u00a01590.- eur<\/span>[\/vc_column_text][\/vc_column_inner][\/vc_row_inner][vc_row_inner][vc_column_inner][vc_btn title=&#187;\u0447\u0438\u0442\u0430\u0442\u044c \u0434\u0430\u043b\u0435\u0435&#187; style=&#187;3d&#187; color=&#187;info&#187; size=&#187;sm&#187; link=&#187;url:http%3A%2F%2Fluxus.ee%2Fru%2Fwellis-massaazivannid%2Fwellis-disain-vann-ovaal%2F|||&#187; el_class=&#187;vc_btn3&#8212;luxus-blue&#187;][vc_btn title=&#187;\u043a\u043e\u043d\u0442\u0430\u043a\u0442&#187; style=&#187;3d&#187; color=&#187;info&#187; size=&#187;sm&#187; link=&#187;url:http%3A%2F%2Fluxus.ee%2Fru%2F%25d0%25b7%25d0%25b0%25d0%25bf%25d1%2580%25d0%25be%25d1%2581%25d0%25b8%25d1%2582%25d1%258c-%25d1%2586%25d0%25b5%25d0%25bd%25d1%2583%2F|||&#187; el_class=&#187;vc_btn3&#8212;luxus-blue&#187;][\/vc_column_inner][\/vc_row_inner][\/vc_column][vc_column width=&#187;1\/3&#8243;][vc_gallery type=&#187;image_grid&#187; images=&#187;8228&#8243; img_size=&#187;320&#215;120&#8243; css=&#187;.vc_custom_1483618942110{padding-bottom: 20px !important;}&#187;][\/vc_column][\/vc_row][vc_row][vc_column][vc_separator border_width=&#187;2&#8243;][\/vc_column][\/vc_row][vc_row][vc_column width=&#187;2\/3&#8243;][vc_row_inner][vc_column_inner][vc_custom_heading text=&#187;Wellis disain vann Sierra&#187; font_container=&#187;tag:h3|text_align:left|color:%234887cc&#187; google_fonts=&#187;font_family:Bitter%3Aregular%2Citalic%2C700|font_style:400%20regular%3A400%3Anormal&#187;][vc_column_text]1730 x 775 x 710mm\/h<br \/>\n<span style=\"color: #4887cc;\">Hind 1790.- eur<\/span>[\/vc_column_text][\/vc_column_inner][\/vc_row_inner][vc_row_inner][vc_column_inner][vc_btn title=&#187;\u0447\u0438\u0442\u0430\u0442\u044c \u0434\u0430\u043b\u0435\u0435&#187; style=&#187;3d&#187; color=&#187;info&#187; size=&#187;sm&#187; link=&#187;url:http%3A%2F%2Fluxus.ee%2Fru%2Fwellis-massaazivannid%2Fwellis-disain-vann-sierra%2F|||&#187; el_class=&#187;vc_btn3&#8212;luxus-blue&#187;][vc_btn title=&#187;\u043a\u043e\u043d\u0442\u0430\u043a\u0442&#187; style=&#187;3d&#187; color=&#187;info&#187; size=&#187;sm&#187; link=&#187;url:http%3A%2F%2Fluxus.ee%2Fru%2F%25d0%25b7%25d0%25b0%25d0%25bf%25d1%2580%25d0%25be%25d1%2581%25d0%25b8%25d1%2582%25d1%258c-%25d1%2586%25d0%25b5%25d0%25bd%25d1%2583%2F|||&#187; el_class=&#187;vc_btn3&#8212;luxus-blue&#187;][\/vc_column_inner][\/vc_row_inner][\/vc_column][vc_column width=&#187;1\/3&#8243;][vc_gallery type=&#187;image_grid&#187; images=&#187;8229&#8243; img_size=&#187;320&#215;120&#8243; css=&#187;.vc_custom_1483619173505{padding-bottom: 20px !important;}&#187;][\/vc_column][\/vc_row][vc_row][vc_column][vc_separator border_width=&#187;2&#8243;][\/vc_column][\/vc_row][vc_row][vc_column width=&#187;2\/3&#8243;][vc_row_inner][vc_column_inner][vc_custom_heading text=&#187;Wellis disain vann Venus&#187; font_container=&#187;tag:h3|text_align:left|color:%234887cc&#187; google_fonts=&#187;font_family:Bitter%3Aregular%2Citalic%2C700|font_style:400%20regular%3A400%3Anormal&#187;][vc_column_text]1700 x 730 x 770mm\/h<br \/>\n<span style=\"color: #4887cc;\">Hind 1290.- eur<\/span>[\/vc_column_text][\/vc_column_inner][\/vc_row_inner][vc_row_inner][vc_column_inner][vc_btn title=&#187;\u0447\u0438\u0442\u0430\u0442\u044c \u0434\u0430\u043b\u0435\u0435&#187; style=&#187;3d&#187; color=&#187;info&#187; size=&#187;sm&#187; link=&#187;url:http%3A%2F%2Fluxus.ee%2Fru%2Fwellis-massaazivannid%2Fwellis-disain-vann-venus%2F|||&#187; el_class=&#187;vc_btn3&#8212;luxus-blue&#187;][vc_btn title=&#187;\u043a\u043e\u043d\u0442\u0430\u043a\u0442&#187; style=&#187;3d&#187; color=&#187;info&#187; size=&#187;sm&#187; link=&#187;url:http%3A%2F%2Fluxus.ee%2Fru%2F%25d0%25b7%25d0%25b0%25d0%25bf%25d1%2580%25d0%25be%25d1%2581%25d0%25b8%25d1%2582%25d1%258c-%25d1%2586%25d0%25b5%25d0%25bd%25d1%2583%2F|||&#187; el_class=&#187;vc_btn3&#8212;luxus-blue&#187;][\/vc_column_inner][\/vc_row_inner][\/vc_column][vc_column width=&#187;1\/3&#8243;][vc_gallery type=&#187;image_grid&#187; images=&#187;9440&#8243; img_size=&#187;320&#215;120&#8243; css=&#187;.vc_custom_1483619381174{padding-bottom: 20px !important;}&#187;][\/vc_column][\/vc_row][vc_row][vc_column][vc_separator border_width=&#187;2&#8243;][\/vc_column][\/vc_row][vc_row][vc_column width=&#187;2\/3&#8243;][vc_row_inner][vc_column_inner][vc_custom_heading text=&#187;Massaazivann Nera&#187; font_container=&#187;tag:h3|text_align:left|color:%234887cc&#187; google_fonts=&#187;font_family:Bitter%3Aregular%2Citalic%2C700|font_style:400%20regular%3A400%3Anormal&#187;][vc_column_text]Akr\u00fc\u00fcl otsa- ja k\u00fcljepaneelidega<br \/>\n1850 x 900 x 690mm\/285l<\/p>\n<p><span style=\"color: #4887cc;\">Hind alates 1499.-\u00a0<\/span>[\/vc_column_text][\/vc_column_inner][\/vc_row_inner][vc_row_inner][vc_column_inner][vc_btn title=&#187;\u0447\u0438\u0442\u0430\u0442\u044c \u0434\u0430\u043b\u0435\u0435&#187; style=&#187;3d&#187; color=&#187;info&#187; size=&#187;sm&#187; link=&#187;url:http%3A%2F%2Fluxus.ee%2Fru%2Fwellis-massaazivannid%2Fmassaazivann-nera%2F|||&#187; el_class=&#187;vc_btn3&#8212;luxus-blue&#187;][vc_btn title=&#187;\u043a\u043e\u043d\u0442\u0430\u043a\u0442&#187; style=&#187;3d&#187; color=&#187;info&#187; size=&#187;sm&#187; link=&#187;url:http%3A%2F%2Fluxus.ee%2Fru%2F%25d0%25b7%25d0%25b0%25d0%25bf%25d1%2580%25d0%25be%25d1%2581%25d0%25b8%25d1%2582%25d1%258c-%25d1%2586%25d0%25b5%25d0%25bd%25d1%2583%2F|||&#187; el_class=&#187;vc_btn3&#8212;luxus-blue&#187;][\/vc_column_inner][\/vc_row_inner][\/vc_column][vc_column width=&#187;1\/3&#8243;][vc_gallery type=&#187;image_grid&#187; images=&#187;4144&#8243; img_size=&#187;320&#215;120&#8243; el_class=&#187;wpb_gallery&#8212;first-six&#187;][\/vc_column][\/vc_row]<\/p>\n<\/section>","protected":false},"excerpt":{"rendered":"<p>[vc_row][vc_column width=&#187;2\/3&#8243;][vc_column_text]Wellis \u043f\u0440\u043e\u0438\u0437\u0432\u043e\u0434\u0441\u0442\u0432\u0435\u043d\u043d\u044b\u0439 \u043f\u0440\u043e\u0446\u0435\u0441\u0441 \u0432 \u0437\u043d\u0430\u0447\u0438\u0442\u0435\u043b\u044c\u043d\u043e\u0439 \u0441\u0442\u0435\u043f\u0435\u043d\u0438 \u0430\u0432\u0442\u043e\u043c\u0430\u0442\u0438\u0437\u0438\u0440\u043e\u0432\u0430\u043d\u00a0 \u0438 \u043e\u0431\u043e\u0440\u0443\u0434\u043e\u0432\u0430\u043d\u0438\u044f, \u0438\u0441\u043f\u043e\u043b\u044c\u0437\u0443\u0435\u043c\u044b\u0445 \u0434\u043b\u044f \u0441\u0431\u043e\u0440\u043a\u0438 \u0435\u0432\u0440\u043e\u043f\u0435\u0439\u0441\u043a\u0438\u0445 \u043f\u0440\u043e\u0438\u0437\u0432\u043e\u0434\u0438\u0442\u0435\u043b\u0435\u0439\u00a0 \u0432\u044b\u0441\u043e\u043a\u043e\u043a\u0430\u0447\u0435\u0441\u0442\u0432\u0435\u043d\u043d\u044b\u0445 \u043c\u0430\u0442\u0435\u0440\u0438\u0430\u043b\u043e\u0432.[\/vc_column_text][vc_row_inner][vc_column_inner][vc_btn title=&#187;\u0447\u0438\u0442\u0430\u0442\u044c \u0434\u0430\u043b\u0435\u0435&#187; style=&#187;3d&#187; color=&#187;info&#187; size=&#187;sm&#187; link=&#187;url:http%3A%2F%2Fluxus.ee%2Fwellis-massaazivannid%2Fwellis-liht-ja-massaazivannid%2F|||&#187; el_class=&#187;vc_btn3&#8212;luxus-blue&#187;][vc_btn title=&#187;\u043a\u043e\u043d\u0442\u0430\u043a\u0442&#187; style=&#187;3d&#187; color=&#187;info&#187; size=&#187;sm&#187; link=&#187;url:http%3A%2F%2Fluxus.ee%2Fhinnaparing%2F|||&#187; el_class=&#187;vc_btn3&#8212;luxus-blue&#187;][\/vc_column_inner][\/vc_row_inner][\/vc_column][vc_column width=&#187;1\/3&#8243;][vc_empty_space height=&#187;20px&#187;][vc_gallery type=&#187;image_grid&#187; images=&#187;9791&#8243; img_size=&#187;320&#215;120&#8243;][\/vc_column][\/vc_row][vc_row][vc_column][vc_separator border_width=&#187;2&#8243;][\/vc_column][\/vc_row][vc_row][vc_column width=&#187;2\/3&#8243;][vc_custom_heading text=&#187;Vann Lizzi&#187; font_container=&#187;tag:h3|text_align:left|color:%234887cc&#187; google_fonts=&#187;font_family:Bitter%3Aregular%2Citalic%2C700|font_style:400%20regular%3A400%3Anormal&#187;][vc_column_text]1600 x 750 x 630mm\/195l, 1700 x 750 x 630mm\/225l Otsa- ja k\u00fcljepaneeliga. Hind alates<\/p>\n","protected":false},"author":1,"featured_media":0,"parent":0,"menu_order":0,"comment_status":"closed","ping_status":"closed","template":"","meta":{"_acf_changed":false,"footnotes":""},"acf":[],"_links":{"self":[{"href":"https:\/\/luxus.ee\/ru\/wp-json\/wp\/v2\/pages\/4419"}],"collection":[{"href":"https:\/\/luxus.ee\/ru\/wp-json\/wp\/v2\/pages"}],"about":[{"href":"https:\/\/luxus.ee\/ru\/wp-json\/wp\/v2\/types\/page"}],"author":[{"embeddable":true,"href":"https:\/\/luxus.ee\/ru\/wp-json\/wp\/v2\/users\/1"}],"replies":[{"embeddable":true,"href":"https:\/\/luxus.ee\/ru\/wp-json\/wp\/v2\/comments?post=4419"}],"version-history":[{"count":0,"href":"https:\/\/luxus.ee\/ru\/wp-json\/wp\/v2\/pages\/4419\/revisions"}],"wp:attachment":[{"href":"https:\/\/luxus.ee\/ru\/wp-json\/wp\/v2\/media?parent=4419"}],"curies":[{"name":"wp","href":"https:\/\/api.w.org\/{rel}","templated":true}]}}