{"id":3897,"date":"2011-12-17T15:13:37","date_gmt":"2011-12-17T12:13:37","guid":{"rendered":"https:\/\/luxus.ee\/?page_id=3897"},"modified":"2021-07-05T09:41:45","modified_gmt":"2021-07-05T06:41:45","slug":"piedavajumus","status":"publish","type":"page","link":"https:\/\/luxus.ee\/lv\/piedavajumus\/","title":{"rendered":"Pied\u0101v\u0101jumus"},"content":{"rendered":"<section class=\"wpb-content-wrapper\"><p>[vc_row][vc_column][vc_row_inner][vc_column_inner width=&#8221;2\/3&#8243;][vc_custom_heading text=&#8221;Luxus minibasein Meridian &#8221; font_container=&#8221;tag:h3|text_align:left|color:%234887cc&#8221; google_fonts=&#8221;font_family:Bitter%3Aregular%2Citalic%2C700|font_style:400%20regular%3A400%3Anormal&#8221;][vc_column_text]200 x 200 x 92cm<\/p>\n<h4><strong><span style=\"color: #ff0000;\"><span style=\"color: #000000;\">Cena<\/span> 5999.-<\/span> eur<\/strong><\/h4>\n<p>[\/vc_column_text][\/vc_column_inner][vc_column_inner width=&#8221;1\/3&#8243;][vc_gallery type=&#8221;image_grid&#8221; images=&#8221;11582&#8243; img_size=&#8221;200&#215;200&#8243; css=&#8221;.vc_custom_1485935848256{padding-bottom: 20px !important;}&#8221;][\/vc_column_inner][\/vc_row_inner][\/vc_column][vc_column][vc_separator border_width=&#8221;2&#8243;][\/vc_column][\/vc_row][vc_row][vc_column][vc_row_inner][vc_column_inner width=&#8221;2\/3&#8243;][vc_custom_heading text=&#8221;Luxus peldbasein Jangtse&#8221; font_container=&#8221;tag:h3|text_align:left|color:%234887cc&#8221; google_fonts=&#8221;font_family:Bitter%3Aregular%2Citalic%2C700|font_style:400%20regular%3A400%3Anormal&#8221;][vc_column_text]530 x 225x x150cm<\/p>\n<h4><strong><span style=\"color: #000000;\">Cena <span style=\"color: #ff0000;\">22990.-<\/span> eur<\/span><\/strong><\/h4>\n<p>[\/vc_column_text][\/vc_column_inner][vc_column_inner width=&#8221;1\/3&#8243;][vc_gallery type=&#8221;image_grid&#8221; images=&#8221;8478&#8243; img_size=&#8221;300&#215;160&#8243;][\/vc_column_inner][\/vc_row_inner][vc_separator border_width=&#8221;2&#8243;][\/vc_column][\/vc_row][vc_row][vc_column][vc_row_inner][vc_column_inner width=&#8221;2\/3&#8243;][vc_custom_heading text=&#8221;Akril kubli korpusa&#8221; font_container=&#8221;tag:h3|text_align:left|color:%234887cc&#8221; google_fonts=&#8221;font_family:Bitter%3Aregular%2Citalic%2C700|font_style:400%20regular%3A400%3Anormal&#8221;][vc_column_text]Ra\u017eots Igaunij\u0101 !<\/p>\n<p>Balts akril\u00a0\u00a0<strong>950.-\u00a0\u00a0<\/strong><br \/>\nSterling-silver akril\u00a0 <strong>1190.-\u00a0 \/\u00a0 <span style=\"color: #ff0000;\">950.-<\/span><\/strong> eur<br \/>\nPearl-white akril\u00a0 <strong>1250.-\u00a0 \/\u00a0 <span style=\"color: #ff0000;\">950.-<\/span><\/strong> eur<strong>\u00a0<\/strong><br \/>\nTuscan-sun akril\u00a0 <strong>1190.-\u00a0 \/\u00a0\u00a0<span style=\"color: #ff0000;\">990.-<\/span><\/strong> eur<br \/>\nPacific-rim akril\u00a0 <strong>1190.-\u00a0<\/strong><br \/>\nSummer-Supphire akril\u00a0 <strong>1250.-\u00a0\u00a0<\/strong><br \/>\nPearl-white akril\u00a0 <strong>1250.-\u00a0 \/\u00a0 <span style=\"color: #ff0000;\">950.-<\/span><\/strong> eur<br \/>\nMet\u0101la kr\u0101sotas atbalsta r\u0101mis\u00a0 <strong>149.-<\/strong> eur<br \/>\nMet\u0101la cinkots atbalsta r\u0101mis\u00a0 <strong>299.- <\/strong>eur<br \/>\nAlum\u012bnijs cepe\u0161kr\u0101sns\u00a0 \u00a0<strong>549.-<\/strong> eur<\/p>\n<p><span style=\"text-decoration: underline;\"><strong>Kubla apr\u012bkojums<\/strong> <\/span><br \/>\nPlastmasas pane\u013ciem pel\u0113ks\u00a0 &#8211;\u00a0 <strong>5<span style=\"color: #000000;\">99.- <\/span><\/strong>eur<br \/>\nPlastmasas pane\u013ciem br\u016bna\u00a0 &#8211;\u00a0 <strong>599.- <\/strong>eur<br \/>\nAeromas\u0101\u017eas 400w\u00a0 &#8211;\u00a0<strong> 450.- <\/strong>eur<br \/>\nHidromas\u0101\u017eas 700w \u00a0&#8211;\u00a0 <strong>490.- <\/strong>eur<br \/>\nHidromas\u0101\u017eas 14 d\u012bzes (11 + 3)\u00a0 &#8211;\u00a0 <strong><span style=\"color: #000000;\">99<\/span>0.- <\/strong>\u00a0eur<br \/>\nLed \u016bdensl\u012bniju apgaismojums\u00a0 &#8211;\u00a0 <strong>299.-<\/strong> eur<br \/>\nBluuetooth audioa\u00a0 \u00a0&#8211;\u00a0 <strong>420.-<\/strong> eur<br \/>\nPU izol\u0101cija\u00a0 &#8211;\u00a0 <strong>299.-<\/strong> eur<br \/>\nTermisk\u0101 v\u0101ks\u00a0 &#8211;\u00a0 <strong>399.-<\/strong> eur[\/vc_column_text][\/vc_column_inner][vc_column_inner width=&#8221;1\/3&#8243;][vc_gallery type=&#8221;image_grid&#8221; images=&#8221;12330,9259,9612,12328,12348,8709,12324,12332,12333,12335,12334,12343,12346,12345,12340&#8243; img_size=&#8221;110&#215;110&#8243;][\/vc_column_inner][\/vc_row_inner][\/vc_column][\/vc_row]<\/p>\n<\/section>","protected":false},"excerpt":{"rendered":"<p>[vc_row][vc_column][vc_row_inner][vc_column_inner width=&#8221;2\/3&#8243;][vc_custom_heading text=&#8221;Luxus minibasein Meridian &#8221; font_container=&#8221;tag:h3|text_align:left|color:%234887cc&#8221; google_fonts=&#8221;font_family:Bitter%3Aregular%2Citalic%2C700|font_style:400%20regular%3A400%3Anormal&#8221;][vc_column_text]200 x 200 x 92cm Cena 5999.- eur [\/vc_column_text][\/vc_column_inner][vc_column_inner width=&#8221;1\/3&#8243;][vc_gallery type=&#8221;image_grid&#8221; images=&#8221;11582&#8243; img_size=&#8221;200&#215;200&#8243; css=&#8221;.vc_custom_1485935848256{padding-bottom: 20px !important;}&#8221;][\/vc_column_inner][\/vc_row_inner][\/vc_column][vc_column][vc_separator border_width=&#8221;2&#8243;][\/vc_column][\/vc_row][vc_row][vc_column][vc_row_inner][vc_column_inner width=&#8221;2\/3&#8243;][vc_custom_heading text=&#8221;Luxus peldbasein Jangtse&#8221; font_container=&#8221;tag:h3|text_align:left|color:%234887cc&#8221; google_fonts=&#8221;font_family:Bitter%3Aregular%2Citalic%2C700|font_style:400%20regular%3A400%3Anormal&#8221;][vc_column_text]530 x 225x x150cm Cena 22990.- eur [\/vc_column_text][\/vc_column_inner][vc_column_inner width=&#8221;1\/3&#8243;][vc_gallery type=&#8221;image_grid&#8221; images=&#8221;8478&#8243; img_size=&#8221;300&#215;160&#8243;][\/vc_column_inner][\/vc_row_inner][vc_separator border_width=&#8221;2&#8243;][\/vc_column][\/vc_row][vc_row][vc_column][vc_row_inner][vc_column_inner width=&#8221;2\/3&#8243;][vc_custom_heading text=&#8221;Akril kubli korpusa&#8221; font_container=&#8221;tag:h3|text_align:left|color:%234887cc&#8221; google_fonts=&#8221;font_family:Bitter%3Aregular%2Citalic%2C700|font_style:400%20regular%3A400%3Anormal&#8221;][vc_column_text]Ra\u017eots Igaunij\u0101 ! Balts akril\u00a0\u00a0950.-\u00a0\u00a0 Sterling-silver akril\u00a0 1190.-\u00a0<\/p>\n","protected":false},"author":1,"featured_media":0,"parent":0,"menu_order":0,"comment_status":"closed","ping_status":"closed","template":"","meta":{"_acf_changed":false,"footnotes":""},"acf":[],"_links":{"self":[{"href":"https:\/\/luxus.ee\/lv\/wp-json\/wp\/v2\/pages\/3897"}],"collection":[{"href":"https:\/\/luxus.ee\/lv\/wp-json\/wp\/v2\/pages"}],"about":[{"href":"https:\/\/luxus.ee\/lv\/wp-json\/wp\/v2\/types\/page"}],"author":[{"embeddable":true,"href":"https:\/\/luxus.ee\/lv\/wp-json\/wp\/v2\/users\/1"}],"replies":[{"embeddable":true,"href":"https:\/\/luxus.ee\/lv\/wp-json\/wp\/v2\/comments?post=3897"}],"version-history":[{"count":0,"href":"https:\/\/luxus.ee\/lv\/wp-json\/wp\/v2\/pages\/3897\/revisions"}],"wp:attachment":[{"href":"https:\/\/luxus.ee\/lv\/wp-json\/wp\/v2\/media?parent=3897"}],"curies":[{"name":"wp","href":"https:\/\/api.w.org\/{rel}","templated":true}]}}