{"id":3891,"date":"2012-10-02T22:30:42","date_gmt":"2012-10-02T19:30:42","guid":{"rendered":"https:\/\/luxus.ee\/?page_id=3891"},"modified":"2018-03-07T13:17:09","modified_gmt":"2018-03-07T10:17:09","slug":"baseins-vaki","status":"publish","type":"page","link":"https:\/\/luxus.ee\/lv\/baseins-vaki\/","title":{"rendered":"Baseins v\u0101ki"},"content":{"rendered":"<section class=\"wpb-content-wrapper\"><p>[vc_row][vc_column][vc_row_inner][vc_column_inner width=&#8221;2\/3&#8243;][vc_custom_heading text=&#8221;RONDO 4950 SPA kupolveida p\u0101rsegums&#8221; font_container=&#8221;tag:h3|text_align:left|color:%234887cc&#8221; google_fonts=&#8221;font_family:Bitter%3Aregular%2Citalic%2C700|font_style:400%20regular%3A400%3Anormal&#8221;][vc_column_text]Wellis SPA baseina kupolveida p\u0101rsegums<\/p>\n<p><strong>Rondo Spa kupolveida<\/strong> p\u0101rsegums Igaunijas apst\u0101k\u013cos ir neaizst\u0101jams l\u012bdzeklis J\u016bsu saunas un SPA prieku sezonas pagarin\u0101\u0161anai.<br \/>\nRondo sarg\u0101s J\u016bsu SPA no lietus, v\u0113ja, lidojo\u0161iem putek\u013ciem un ziemas apst\u0101k\u013cos ar\u012b no sniega. Par 180 gr\u0101diem atveram\u0101s modu\u013cveida durvis viegli sl\u012bd pa veltn\u012b\u0161iem un dro\u0161\u012bbai ir iesp\u0113ja aizsl\u0113gt durvis ar atsl\u0113gu. Rondo p\u0101rsegumu var uzst\u0101d\u012bt uz terases vai z\u0101lien\u0101, vajadz\u012bga tikai l\u012bdzena pamatne.<\/p>\n<p><strong>Rondo 495<\/strong> \u2013 zem p\u0101rseguma 4950mm diametr\u0101 ietilpst v\u0113l ar\u012b neliels galdi\u0146\u0161 un kr\u0113sli, kas padara p\u0101rsegumu v\u0113l jo efekt\u012bv\u0101ku un papla\u0161ina t\u0101 izmanto\u0161anas iesp\u0113jas.[\/vc_column_text][\/vc_column_inner][vc_column_inner width=&#8221;1\/3&#8243;][vc_gallery type=&#8221;image_grid&#8221; images=&#8221;13479&#8243; img_size=&#8221;medium&#8221;][\/vc_column_inner][\/vc_row_inner][\/vc_column][\/vc_row][vc_row][vc_column][vc_tta_tabs style=&#8221;flat&#8221; shape=&#8221;square&#8221; color=&#8221;black&#8221; spacing=&#8221;5&#8243; gap=&#8221;5&#8243; active_section=&#8221;1&#8243; no_fill_content_area=&#8221;true&#8221;][vc_tta_section title=&#8221;STANDARTA P\u0100RSEGUMA MATERI\u0100LS&#8221; tab_id=&#8221;1480930808726-214dabee-99f6fa1e-2eeb&#8221;][vc_column_text]3mm polikarbon\u0101ta ciet\u0101s loksnes[\/vc_column_text][\/vc_tta_section][vc_tta_section title=&#8221;TEHNISKIE DATI&#8221; tab_id=&#8221;1480930808940-746041d2-eb43fa1e-2eeb&#8221;][vc_column_text]Augstums: 2500mm<br \/>\nDiametrs: 4950mm<\/p>\n<p>Konstrukcija: AlMgSi 0,5 F22 alum\u012bnija r\u0101mis<br \/>\nBl\u012bves: Silikona un no \u012bpa\u0161\u0101s EPDM gumijas<br \/>\nRot\u0113jo\u0161ais meh\u0101nisms: ner\u016bso\u0161i veltn\u012b\u0161i<br \/>\nAtveramas b\u012bd\u0101m\u0101s durvis: 180\u00b0 atv\u0113r\u0161anas iesp\u0113ja<br \/>\nDro\u0161\u012bba: durvju nosl\u0113g\u0161ana ar atsl\u0113gu[\/vc_column_text][\/vc_tta_section][vc_tta_section title=&#8221;STANDARD FRAME KR\u0100SAS&#8221; tab_id=&#8221;1480930950320-9f73e822-6402fa1e-2eeb&#8221;][vc_column_text]Balta (RAL 9010)<br \/>\nS\u016bnu za\u013ca (RAL 6005)<br \/>\nZilo\u0146kaula (RAL 1015)[\/vc_column_text][\/vc_tta_section][\/vc_tta_tabs][\/vc_column][\/vc_row]<\/p>\n<\/section>","protected":false},"excerpt":{"rendered":"<p>[vc_row][vc_column][vc_row_inner][vc_column_inner width=&#8221;2\/3&#8243;][vc_custom_heading text=&#8221;RONDO 4950 SPA kupolveida p\u0101rsegums&#8221; font_container=&#8221;tag:h3|text_align:left|color:%234887cc&#8221; google_fonts=&#8221;font_family:Bitter%3Aregular%2Citalic%2C700|font_style:400%20regular%3A400%3Anormal&#8221;][vc_column_text]Wellis SPA baseina kupolveida p\u0101rsegums Rondo Spa kupolveida p\u0101rsegums Igaunijas apst\u0101k\u013cos ir neaizst\u0101jams l\u012bdzeklis J\u016bsu saunas un SPA prieku sezonas pagarin\u0101\u0161anai. Rondo sarg\u0101s J\u016bsu SPA no lietus, v\u0113ja, lidojo\u0161iem putek\u013ciem un ziemas apst\u0101k\u013cos ar\u012b no sniega. Par 180 gr\u0101diem atveram\u0101s modu\u013cveida durvis viegli sl\u012bd pa veltn\u012b\u0161iem un<\/p>\n","protected":false},"author":1,"featured_media":13479,"parent":0,"menu_order":0,"comment_status":"closed","ping_status":"closed","template":"","meta":{"_acf_changed":false,"footnotes":""},"acf":[],"_links":{"self":[{"href":"https:\/\/luxus.ee\/lv\/wp-json\/wp\/v2\/pages\/3891"}],"collection":[{"href":"https:\/\/luxus.ee\/lv\/wp-json\/wp\/v2\/pages"}],"about":[{"href":"https:\/\/luxus.ee\/lv\/wp-json\/wp\/v2\/types\/page"}],"author":[{"embeddable":true,"href":"https:\/\/luxus.ee\/lv\/wp-json\/wp\/v2\/users\/1"}],"replies":[{"embeddable":true,"href":"https:\/\/luxus.ee\/lv\/wp-json\/wp\/v2\/comments?post=3891"}],"version-history":[{"count":0,"href":"https:\/\/luxus.ee\/lv\/wp-json\/wp\/v2\/pages\/3891\/revisions"}],"wp:featuredmedia":[{"embeddable":true,"href":"https:\/\/luxus.ee\/lv\/wp-json\/wp\/v2\/media\/13479"}],"wp:attachment":[{"href":"https:\/\/luxus.ee\/lv\/wp-json\/wp\/v2\/media?parent=3891"}],"curies":[{"name":"wp","href":"https:\/\/api.w.org\/{rel}","templated":true}]}}