{"id":13697,"date":"2018-04-24T09:58:35","date_gmt":"2018-04-24T06:58:35","guid":{"rendered":"https:\/\/luxus.ee\/?page_id=13697"},"modified":"2023-07-07T11:00:09","modified_gmt":"2023-07-07T08:00:09","slug":"luxus-kubli-cenradis","status":"publish","type":"page","link":"https:\/\/luxus.ee\/lv\/luxus-kubli-cenradis\/","title":{"rendered":"Luxus kubli cenr\u0101dis"},"content":{"rendered":"<section class=\"wpb-content-wrapper\"><p>[vc_row][vc_column width=&#8221;1\/2&#8243;][vc_column_text]<\/p>\n<h4><strong>Perspex Akril kubli korpusa<\/strong><\/h4>\n<p><span style=\"color: #ff0000;\"><strong>Ra\u017eots Igaunij\u0101 !<\/strong><\/span><\/p>\n<p>&nbsp;<\/p>\n<p>Balts akril\u00a0 <strong>1299.- <\/strong>eur<br \/>\nSterling-silver akril\u00a0 <strong>1299.- <\/strong>eur<br \/>\nTuscan-sun akril\u00a0\u00a0<strong>1299.- <\/strong>eur<br \/>\nWinter-solstice akril\u00a0 <strong>1299.- <\/strong>eur<br \/>\nMet\u0101la cinkots atbalsta r\u0101mis\u00a0 <strong>349.-<\/strong> eur<br \/>\nAlum\u012bnijs cepe\u0161kr\u0101sns\u00a0 <strong>599.-<\/strong> eur<\/p>\n<p>&nbsp;<\/p>\n<p><span style=\"text-decoration: underline;\"><strong>Kubla apr\u012bkojums<\/strong><\/span><\/p>\n<p>Plastmasas pane\u013ciem pel\u0113ks\u00a0 <strong>799.-<\/strong> eur<br \/>\nPlastmasas pane\u013ciem br\u016bna\u00a0 <strong>799.-<\/strong> eur<br \/>\nHidromas\u0101\u017eas 700w\u00a0 <strong>750.-<\/strong> eur<br \/>\nHidromas\u0101\u017eas 14 d\u012bzes (11 + 3)\u00a0 <strong>990.-<\/strong> eur<br \/>\nLed (diameter 85mm)\u00a0 <strong>\u00a0249.-<\/strong> eur<br \/>\nLed \u016bdensl\u012bniju apgaismojums\u00a0 \u00a0<strong>349.-<\/strong> eur<br \/>\nPU izol\u0101cija\u00a0 <strong>\u00a0349.-<\/strong> eur<br \/>\nTermisk\u0101 v\u0101ks\u00a0 \u00a0<strong><span style=\"color: #000000;\">4<\/span>99.-<\/strong> eur<br \/>\nBluetooth audio 2 x 35w\u00a0 \u00a0<strong>475.-<\/strong> eur[\/vc_column_text][\/vc_column][vc_column width=&#8221;1\/2&#8243;][vc_gallery type=&#8221;image_grid&#8221; images=&#8221;26726,21655,21592,21634,21711,21718,21704,21697,21676,21613,21620,21627,21578,21662,21669&#8243; img_size=&#8221;110&#215;110&#8243;][\/vc_column][\/vc_row]<\/p>\n<\/section>","protected":false},"excerpt":{"rendered":"<p>[vc_row][vc_column width=&#8221;1\/2&#8243;][vc_column_text] Perspex Akril kubli korpusa Ra\u017eots Igaunij\u0101 ! &nbsp; Balts akril\u00a0 1299.- eur Sterling-silver akril\u00a0 1299.- eur Tuscan-sun akril\u00a0\u00a01299.- eur Winter-solstice akril\u00a0 1299.- eur Met\u0101la cinkots atbalsta r\u0101mis\u00a0 349.- eur Alum\u012bnijs cepe\u0161kr\u0101sns\u00a0 599.- eur &nbsp; Kubla apr\u012bkojums Plastmasas pane\u013ciem pel\u0113ks\u00a0 799.- eur Plastmasas pane\u013ciem br\u016bna\u00a0 799.- eur Hidromas\u0101\u017eas 700w\u00a0 750.- eur Hidromas\u0101\u017eas 14 d\u012bzes<\/p>\n","protected":false},"author":1,"featured_media":12337,"parent":0,"menu_order":0,"comment_status":"closed","ping_status":"closed","template":"","meta":{"_acf_changed":false,"footnotes":""},"acf":[],"_links":{"self":[{"href":"https:\/\/luxus.ee\/lv\/wp-json\/wp\/v2\/pages\/13697"}],"collection":[{"href":"https:\/\/luxus.ee\/lv\/wp-json\/wp\/v2\/pages"}],"about":[{"href":"https:\/\/luxus.ee\/lv\/wp-json\/wp\/v2\/types\/page"}],"author":[{"embeddable":true,"href":"https:\/\/luxus.ee\/lv\/wp-json\/wp\/v2\/users\/1"}],"replies":[{"embeddable":true,"href":"https:\/\/luxus.ee\/lv\/wp-json\/wp\/v2\/comments?post=13697"}],"version-history":[{"count":0,"href":"https:\/\/luxus.ee\/lv\/wp-json\/wp\/v2\/pages\/13697\/revisions"}],"wp:featuredmedia":[{"embeddable":true,"href":"https:\/\/luxus.ee\/lv\/wp-json\/wp\/v2\/media\/12337"}],"wp:attachment":[{"href":"https:\/\/luxus.ee\/lv\/wp-json\/wp\/v2\/media?parent=13697"}],"curies":[{"name":"wp","href":"https:\/\/api.w.org\/{rel}","templated":true}]}}