{"id":12474,"date":"2017-02-24T13:09:53","date_gmt":"2017-02-24T10:09:53","guid":{"rendered":"https:\/\/luxus.ee\/?page_id=12474\/"},"modified":"2020-03-16T16:35:37","modified_gmt":"2020-03-16T13:35:37","slug":"minibasein-party","status":"publish","type":"page","link":"https:\/\/luxus.ee\/lv\/minibasein-party\/","title":{"rendered":"Minibasein Party"},"content":{"rendered":"<section class=\"wpb-content-wrapper\"><p>[vc_row][vc_column width=&#8221;1\/3&#8243;][vc_column_text]<\/p>\n<h4><strong>Luxus minibasein Party<\/strong><\/h4>\n<p>&nbsp;<\/p>\n<p><strong><u>Tehniskie dati<\/u><\/strong><strong><u><br \/>\n<\/u><\/strong>380 x 225 x 92cm<strong><u><br \/>\n<\/u><\/strong>S\u0113dvietas 7<br \/>\nGu\u013cvietas 2<br \/>\nPa\u0161masa 650kg<br \/>\n\u016adens ietilp\u012bba 1900l<\/p>\n<p><strong><u>Baseina Aprikojums<\/u><\/strong><u><br \/>\n<\/u>Elektr\u012bbas pievads 3 x 16A<br \/>\nBalboa vad\u012bbas panelis TP800<br \/>\nHidromas\u0101\u017eas d\u012bzes 111gab<strong><br \/>\n<\/strong>1. Mas\u0101\u017ea s\u016bknis\u00a03hp<br \/>\n2. Mas\u0101\u017ea s\u016bknis\u00a03hp<br \/>\n3. Mas\u0101\u017ea s\u016bknis\u00a03hp<br \/>\nCirkul\u0101cija 0,35hp<br \/>\nAeromas\u0101\u017eas d\u012bzes 16gab<br \/>\nGaisa p\u016bt\u0113js ar sild\u012b\u0161anu 400w<br \/>\nAromterapija<br \/>\nOzonators<br \/>\nLed gaismeklis\u00a05\u201c<br \/>\nEkskluz\u012bva kr\u0101su terapija 24 led<br \/>\nApgaismoti gl\u0101\u017eu tur\u0113t\u0101ji 3 + 2gab<br \/>\nApgaismotas \u016bdens str\u016bklas d\u012bzes 2gab<br \/>\n\u016adens sild\u012bt\u0101js 3kw<strong><br \/>\n<\/strong>Elementu filtrs<br \/>\nSpilveni 4gab<br \/>\nTermop\u0101rsegs<br \/>\nSint\u0113tisks apvalks ar siltin\u0101jumu<\/p>\n<p><strong>Cena\u00a0<\/strong><strong><span style=\"color: #ff0000;\">14990.-<\/span> <\/strong><strong>eur<\/strong>[\/vc_column_text][\/vc_column][vc_column width=&#8221;1\/3&#8243;][vc_gallery type=&#8221;image_grid&#8221; images=&#8221;12024&#8243; img_size=&#8221;medium&#8221;][\/vc_column][vc_column width=&#8221;1\/3&#8243;][vc_gallery type=&#8221;image_grid&#8221; images=&#8221;12023&#8243; img_size=&#8221;medium&#8221;][\/vc_column][\/vc_row]<\/p>\n<\/section>","protected":false},"excerpt":{"rendered":"<p>[vc_row][vc_column width=&#8221;1\/3&#8243;][vc_column_text] Luxus minibasein Party &nbsp; Tehniskie dati 380 x 225 x 92cm S\u0113dvietas 7 Gu\u013cvietas 2 Pa\u0161masa 650kg \u016adens ietilp\u012bba 1900l Baseina Aprikojums Elektr\u012bbas pievads 3 x 16A Balboa vad\u012bbas panelis TP800 Hidromas\u0101\u017eas d\u012bzes 111gab 1. Mas\u0101\u017ea s\u016bknis\u00a03hp 2. Mas\u0101\u017ea s\u016bknis\u00a03hp 3. Mas\u0101\u017ea s\u016bknis\u00a03hp Cirkul\u0101cija 0,35hp Aeromas\u0101\u017eas d\u012bzes 16gab Gaisa p\u016bt\u0113js ar sild\u012b\u0161anu 400w<\/p>\n","protected":false},"author":1,"featured_media":12023,"parent":0,"menu_order":0,"comment_status":"closed","ping_status":"closed","template":"","meta":{"_acf_changed":false,"footnotes":""},"acf":[],"_links":{"self":[{"href":"https:\/\/luxus.ee\/lv\/wp-json\/wp\/v2\/pages\/12474"}],"collection":[{"href":"https:\/\/luxus.ee\/lv\/wp-json\/wp\/v2\/pages"}],"about":[{"href":"https:\/\/luxus.ee\/lv\/wp-json\/wp\/v2\/types\/page"}],"author":[{"embeddable":true,"href":"https:\/\/luxus.ee\/lv\/wp-json\/wp\/v2\/users\/1"}],"replies":[{"embeddable":true,"href":"https:\/\/luxus.ee\/lv\/wp-json\/wp\/v2\/comments?post=12474"}],"version-history":[{"count":0,"href":"https:\/\/luxus.ee\/lv\/wp-json\/wp\/v2\/pages\/12474\/revisions"}],"wp:featuredmedia":[{"embeddable":true,"href":"https:\/\/luxus.ee\/lv\/wp-json\/wp\/v2\/media\/12023"}],"wp:attachment":[{"href":"https:\/\/luxus.ee\/lv\/wp-json\/wp\/v2\/media?parent=12474"}],"curies":[{"name":"wp","href":"https:\/\/api.w.org\/{rel}","templated":true}]}}