{"id":12472,"date":"2017-02-24T12:58:10","date_gmt":"2017-02-24T09:58:10","guid":{"rendered":"https:\/\/luxus.ee\/?page_id=12472\/"},"modified":"2020-03-18T16:14:23","modified_gmt":"2020-03-18T13:14:23","slug":"minibasein-vulcan","status":"publish","type":"page","link":"https:\/\/luxus.ee\/lv\/minibasein-vulcan\/","title":{"rendered":"Minibasein Vulcan"},"content":{"rendered":"<section class=\"wpb-content-wrapper\"><p>[vc_row][vc_column width=&#8221;1\/3&#8243;][vc_column_text]<\/p>\n<h4><strong>Luxus minibasein Vulcan<\/strong><\/h4>\n<p>&nbsp;<\/p>\n<p><strong><u>Tehniskie dati<\/u><\/strong><strong><u><br \/>\n<\/u><\/strong>230 x 230 x 92cm<strong><u><br \/>\n<\/u><\/strong>S\u0113dvietas 3<br \/>\nGu\u013cvietas 2<br \/>\nPa\u0161masa 445kg<br \/>\n\u016adens ietilp\u012bba 1500l<\/p>\n<p><strong><u>Baseina Aprikojums<\/u><\/strong><u><br \/>\n<\/u>Elektr\u012bbas pievads 3 x 16A<br \/>\nBalboa vad\u012bbas panelis TP800<br \/>\nHidromas\u0101\u017eas d\u012bzes 101gab<strong><br \/>\n<\/strong>1. Mas\u0101\u017ea s\u016bknis\u00a03hp<br \/>\n2. Mas\u0101\u017ea s\u016bknis\u00a03hp<br \/>\n3. Mas\u0101\u017ea s\u016bknis\u00a03hp<br \/>\nCirkul\u0101cija 0,35hp<br \/>\nOzonators<br \/>\nLed gaismeklis\u00a05\u201c<br \/>\nEkskluz\u012bva kr\u0101su terapija 20 led<br \/>\nApgaismoti gl\u0101\u017eu tur\u0113t\u0101ji 2gab<br \/>\nApgaismotas \u016bdens str\u016bklas d\u012bzes 2gab<br \/>\n\u016adens sild\u012bt\u0101js 3kw<strong><br \/>\n<\/strong>Elementu filtrs<br \/>\nSpilveni 4gab<br \/>\nTermop\u0101rsegs<br \/>\nSint\u0113tisks apvalks ar siltin\u0101jumu<\/p>\n<p><strong>Cena\u00a0<\/strong><span style=\"color: #ff0000;\"><strong>8990.- <\/strong><\/span><strong>eur<\/strong>[\/vc_column_text][\/vc_column][vc_column width=&#8221;1\/3&#8243;][vc_gallery type=&#8221;image_grid&#8221; images=&#8221;12422,12423,12424&#8243;][\/vc_column][vc_column width=&#8221;1\/3&#8243;][vc_gallery type=&#8221;image_grid&#8221; images=&#8221;12428,12425,12427,12429,12426&#8243;][\/vc_column][\/vc_row]<\/p>\n<\/section>","protected":false},"excerpt":{"rendered":"<p>[vc_row][vc_column width=&#8221;1\/3&#8243;][vc_column_text] Luxus minibasein Vulcan &nbsp; Tehniskie dati 230 x 230 x 92cm S\u0113dvietas 3 Gu\u013cvietas 2 Pa\u0161masa 445kg \u016adens ietilp\u012bba 1500l Baseina Aprikojums Elektr\u012bbas pievads 3 x 16A Balboa vad\u012bbas panelis TP800 Hidromas\u0101\u017eas d\u012bzes 101gab 1. Mas\u0101\u017ea s\u016bknis\u00a03hp 2. Mas\u0101\u017ea s\u016bknis\u00a03hp 3. Mas\u0101\u017ea s\u016bknis\u00a03hp Cirkul\u0101cija 0,35hp Ozonators Led gaismeklis\u00a05\u201c Ekskluz\u012bva kr\u0101su terapija 20 led<\/p>\n","protected":false},"author":1,"featured_media":12422,"parent":0,"menu_order":0,"comment_status":"closed","ping_status":"closed","template":"","meta":{"_acf_changed":false,"footnotes":""},"acf":[],"_links":{"self":[{"href":"https:\/\/luxus.ee\/lv\/wp-json\/wp\/v2\/pages\/12472"}],"collection":[{"href":"https:\/\/luxus.ee\/lv\/wp-json\/wp\/v2\/pages"}],"about":[{"href":"https:\/\/luxus.ee\/lv\/wp-json\/wp\/v2\/types\/page"}],"author":[{"embeddable":true,"href":"https:\/\/luxus.ee\/lv\/wp-json\/wp\/v2\/users\/1"}],"replies":[{"embeddable":true,"href":"https:\/\/luxus.ee\/lv\/wp-json\/wp\/v2\/comments?post=12472"}],"version-history":[{"count":0,"href":"https:\/\/luxus.ee\/lv\/wp-json\/wp\/v2\/pages\/12472\/revisions"}],"wp:featuredmedia":[{"embeddable":true,"href":"https:\/\/luxus.ee\/lv\/wp-json\/wp\/v2\/media\/12422"}],"wp:attachment":[{"href":"https:\/\/luxus.ee\/lv\/wp-json\/wp\/v2\/media?parent=12472"}],"curies":[{"name":"wp","href":"https:\/\/api.w.org\/{rel}","templated":true}]}}