{"id":12470,"date":"2017-02-24T12:46:25","date_gmt":"2017-02-24T09:46:25","guid":{"rendered":"https:\/\/luxus.ee\/?page_id=12470\/"},"modified":"2021-02-24T23:20:52","modified_gmt":"2021-02-24T20:20:52","slug":"minibasein-atlantis","status":"publish","type":"page","link":"https:\/\/luxus.ee\/lv\/minibasein-atlantis\/","title":{"rendered":"Minibasein Atlantis"},"content":{"rendered":"<section class=\"wpb-content-wrapper\"><p>[vc_row][vc_column width=&#8221;1\/3&#8243;][vc_column_text]<\/p>\n<h4><strong>Luxus minibasein Atlantis<\/strong><\/h4>\n<p>&nbsp;<\/p>\n<p><strong><u>Tehniskie dati<\/u><\/strong><strong><u><br \/>\n<\/u><\/strong>225 x 225 x 92cm<strong><u><br \/>\n<\/u><\/strong>S\u0113dvietas 5<br \/>\nGu\u013cvietas 1<br \/>\nPa\u0161masa 440kg<br \/>\n\u016adens ietilp\u012bba 1400<\/p>\n<p><strong><u>Baseina Aprikojums<\/u><\/strong><u><br \/>\n<\/u>Elektr\u012bbas pievads 3 x 16A<br \/>\nBalboa vad\u012bbas panelis TP600<br \/>\nHidromas\u0101\u017eas d\u012bzes 91gab<strong><br \/>\n<\/strong>1. Mas\u0101\u017ea s\u016bknis\u00a03hp<br \/>\n2. Mas\u0101\u017ea s\u016bknis\u00a03hp<br \/>\n3. Mas\u0101\u017ea s\u016bknis\u00a03hp<br \/>\nCirkul\u0101cija 0,35hp<br \/>\nOzonators<br \/>\nLed gaismeklis\u00a05\u201c<br \/>\nEkskluz\u012bva kr\u0101su terapija 20 led<br \/>\nApgaismoti gl\u0101\u017eu tur\u0113t\u0101ji 2gab<br \/>\nApgaismotas \u016bdens str\u016bklas d\u012bzes 3gab<br \/>\n\u016adens sild\u012bt\u0101js 3kw<strong><br \/>\n<\/strong>Elementu filtrs<br \/>\nSpilveni 4gab<br \/>\nTermop\u0101rsegs<br \/>\nSint\u0113tisks apvalks ar siltin\u0101jumu<br \/>\nBluetooth stereo + subwoofer<\/p>\n<p><strong>Cena\u00a0<\/strong><span style=\"color: #ff0000;\"><strong>6999.- <\/strong><\/span><strong>eur<\/strong>[\/vc_column_text][\/vc_column][vc_column width=&#8221;1\/3&#8243;][vc_gallery type=&#8221;image_grid&#8221; images=&#8221;28634,28615,28607,28520,24350&#8243;][\/vc_column][vc_column width=&#8221;1\/3&#8243;][vc_gallery type=&#8221;image_grid&#8221; images=&#8221;12412,12413,12414,12418,12416&#8243;][\/vc_column][\/vc_row]<\/p>\n<\/section>","protected":false},"excerpt":{"rendered":"<p>[vc_row][vc_column width=&#8221;1\/3&#8243;][vc_column_text] Luxus minibasein Atlantis &nbsp; Tehniskie dati 225 x 225 x 92cm S\u0113dvietas 5 Gu\u013cvietas 1 Pa\u0161masa 440kg \u016adens ietilp\u012bba 1400 Baseina Aprikojums Elektr\u012bbas pievads 3 x 16A Balboa vad\u012bbas panelis TP600 Hidromas\u0101\u017eas d\u012bzes 91gab 1. Mas\u0101\u017ea s\u016bknis\u00a03hp 2. Mas\u0101\u017ea s\u016bknis\u00a03hp 3. Mas\u0101\u017ea s\u016bknis\u00a03hp Cirkul\u0101cija 0,35hp Ozonators Led gaismeklis\u00a05\u201c Ekskluz\u012bva kr\u0101su terapija 20 led<\/p>\n","protected":false},"author":1,"featured_media":12408,"parent":0,"menu_order":0,"comment_status":"closed","ping_status":"closed","template":"","meta":{"_acf_changed":false,"footnotes":""},"acf":[],"_links":{"self":[{"href":"https:\/\/luxus.ee\/lv\/wp-json\/wp\/v2\/pages\/12470"}],"collection":[{"href":"https:\/\/luxus.ee\/lv\/wp-json\/wp\/v2\/pages"}],"about":[{"href":"https:\/\/luxus.ee\/lv\/wp-json\/wp\/v2\/types\/page"}],"author":[{"embeddable":true,"href":"https:\/\/luxus.ee\/lv\/wp-json\/wp\/v2\/users\/1"}],"replies":[{"embeddable":true,"href":"https:\/\/luxus.ee\/lv\/wp-json\/wp\/v2\/comments?post=12470"}],"version-history":[{"count":0,"href":"https:\/\/luxus.ee\/lv\/wp-json\/wp\/v2\/pages\/12470\/revisions"}],"wp:featuredmedia":[{"embeddable":true,"href":"https:\/\/luxus.ee\/lv\/wp-json\/wp\/v2\/media\/12408"}],"wp:attachment":[{"href":"https:\/\/luxus.ee\/lv\/wp-json\/wp\/v2\/media?parent=12470"}],"curies":[{"name":"wp","href":"https:\/\/api.w.org\/{rel}","templated":true}]}}