{"id":12468,"date":"2017-02-24T12:35:01","date_gmt":"2017-02-24T09:35:01","guid":{"rendered":"https:\/\/luxus.ee\/?page_id=12468\/"},"modified":"2021-02-24T23:27:09","modified_gmt":"2021-02-24T20:27:09","slug":"minibasein-diamant","status":"publish","type":"page","link":"https:\/\/luxus.ee\/lv\/minibasein-diamant\/","title":{"rendered":"Minibasein Diamant"},"content":{"rendered":"<section class=\"wpb-content-wrapper\"><p>[vc_row][vc_column width=&#8221;1\/3&#8243;][vc_column_text]<\/p>\n<h4><strong>Luxus minibasein Diamant<\/strong><\/h4>\n<p>&nbsp;<\/p>\n<p><strong><u>Tehniskie dati<\/u><\/strong><strong><u><br \/>\n<\/u><\/strong>213 x 213 x 92cm<strong><u><br \/>\n<\/u><\/strong>S\u0113dvietas 3<br \/>\nGu\u013cvietas 2<br \/>\nPa\u0161masa 405kg<br \/>\n\u016adens ietilp\u012bba 1200l<\/p>\n<p><strong><u>Baseina Aprikojums<\/u><\/strong><u><br \/>\n<\/u>Elektr\u012bbas pievads 3 x 16A<br \/>\nPerspex akrila tonis\u00a0<em><span style=\"text-decoration: underline;\">Sterling-silver<br \/>\n<\/span><\/em>Perspex akrila tonis\u00a0<span style=\"text-decoration: underline;\"><em>Pearl-white<\/em><\/span><br \/>\nBalboa vad\u012bbas panelis TP500s<br \/>\nHidromas\u0101\u017eas d\u012bzes 51gab<strong><br \/>\n<\/strong>1. Mas\u0101\u017ea s\u016bknis\u00a03hp<br \/>\n2. Mas\u0101\u017ea s\u016bknis\u00a02hp<br \/>\nCirkul\u0101cija 0,35hp<br \/>\nOzonators<br \/>\nLed gaismeklis\u00a05\u201c<br \/>\nEkskluz\u012bva kr\u0101su terapija 20 led<br \/>\nApgaismoti gl\u0101\u017eu tur\u0113t\u0101ji 1gab<br \/>\nApgaismotas \u016bdens str\u016bklas d\u012bzes 1gab<br \/>\n\u016adens sild\u012bt\u0101js 3kw<strong><br \/>\n<\/strong>Elementu filtrs<br \/>\nSpilveni 3 gab<br \/>\nTermop\u0101rsegs<br \/>\nSint\u0113tisks apvalks ar siltin\u0101jumu<br \/>\nBluetooth stereo + subwoofer<\/p>\n<p><strong>Cena\u00a0<\/strong><span style=\"color: #ff0000;\"><strong>6499.- <\/strong><\/span><strong>eur<\/strong><\/p>\n<p><strong><br \/>\n<\/strong>Wifi modul[\/vc_column_text][\/vc_column][vc_column width=&#8221;1\/3&#8243;][vc_gallery type=&#8221;image_grid&#8221; images=&#8221;28642,13795&#8243;][\/vc_column][vc_column width=&#8221;1\/3&#8243;][vc_gallery type=&#8221;image_grid&#8221; images=&#8221;28615,28607,28623,28520&#8243;][\/vc_column][\/vc_row]<\/p>\n<\/section>","protected":false},"excerpt":{"rendered":"<p>[vc_row][vc_column width=&#8221;1\/3&#8243;][vc_column_text] Luxus minibasein Diamant &nbsp; Tehniskie dati 213 x 213 x 92cm S\u0113dvietas 3 Gu\u013cvietas 2 Pa\u0161masa 405kg \u016adens ietilp\u012bba 1200l Baseina Aprikojums Elektr\u012bbas pievads 3 x 16A Perspex akrila tonis\u00a0Sterling-silver Perspex akrila tonis\u00a0Pearl-white Balboa vad\u012bbas panelis TP500s Hidromas\u0101\u017eas d\u012bzes 51gab 1. Mas\u0101\u017ea s\u016bknis\u00a03hp 2. Mas\u0101\u017ea s\u016bknis\u00a02hp Cirkul\u0101cija 0,35hp Ozonators Led gaismeklis\u00a05\u201c Ekskluz\u012bva kr\u0101su<\/p>\n","protected":false},"author":1,"featured_media":12393,"parent":0,"menu_order":0,"comment_status":"closed","ping_status":"closed","template":"","meta":{"_acf_changed":false,"footnotes":""},"acf":[],"_links":{"self":[{"href":"https:\/\/luxus.ee\/lv\/wp-json\/wp\/v2\/pages\/12468"}],"collection":[{"href":"https:\/\/luxus.ee\/lv\/wp-json\/wp\/v2\/pages"}],"about":[{"href":"https:\/\/luxus.ee\/lv\/wp-json\/wp\/v2\/types\/page"}],"author":[{"embeddable":true,"href":"https:\/\/luxus.ee\/lv\/wp-json\/wp\/v2\/users\/1"}],"replies":[{"embeddable":true,"href":"https:\/\/luxus.ee\/lv\/wp-json\/wp\/v2\/comments?post=12468"}],"version-history":[{"count":0,"href":"https:\/\/luxus.ee\/lv\/wp-json\/wp\/v2\/pages\/12468\/revisions"}],"wp:featuredmedia":[{"embeddable":true,"href":"https:\/\/luxus.ee\/lv\/wp-json\/wp\/v2\/media\/12393"}],"wp:attachment":[{"href":"https:\/\/luxus.ee\/lv\/wp-json\/wp\/v2\/media?parent=12468"}],"curies":[{"name":"wp","href":"https:\/\/api.w.org\/{rel}","templated":true}]}}