{"id":12465,"date":"2017-02-24T12:20:51","date_gmt":"2017-02-24T09:20:51","guid":{"rendered":"https:\/\/luxus.ee\/?page_id=12465\/"},"modified":"2021-02-24T23:33:29","modified_gmt":"2021-02-24T20:33:29","slug":"minibasein-opus","status":"publish","type":"page","link":"https:\/\/luxus.ee\/lv\/minibasein-opus\/","title":{"rendered":"Minibasein Opus"},"content":{"rendered":"<section class=\"wpb-content-wrapper\"><p>[vc_row][vc_column width=&#8221;1\/3&#8243;][vc_column_text]<\/p>\n<h4><strong>Luxus minibasein Opus<\/strong><\/h4>\n<p>&nbsp;<\/p>\n<p><strong><u>Tehniskie dati<\/u><\/strong><strong><u><br \/>\n<\/u><\/strong>230 x 230 x 92cm<strong><u><br \/>\n<\/u><\/strong>S\u0113dvietas 3<br \/>\nGu\u013cvietas 2<br \/>\nPa\u0161masa 425kg<br \/>\n\u016adens ietilp\u012bba 1485l<\/p>\n<p><strong><u>Baseina Aprikojums<\/u><\/strong><u><br \/>\n<\/u>Elektr\u012bbas pievads 3 x 16A<br \/>\nPerspex akrila tonis\u00a0<em><span style=\"text-decoration: underline;\">Sterling-silver<\/span><\/em><br \/>\nBalboa vad\u012bbas panelis TP500s<br \/>\nHidromas\u0101\u017eas d\u012bzes 41gab<strong><br \/>\n<\/strong>1. Mas\u0101\u017ea s\u016bknis\u00a03hp<br \/>\n2. Mas\u0101\u017ea s\u016bknis\u00a03hp<br \/>\nCirkul\u0101cija 0,35hp<br \/>\nOzonators<br \/>\nLed gaismeklis\u00a05\u201c<br \/>\nEkskluz\u012bva kr\u0101su terapija 20 led<strong><br \/>\n<\/strong>\u016adens sild\u012bt\u0101js 3kw<strong><br \/>\n<\/strong>Elementu filtrs<br \/>\nSpilveni 3 gab<br \/>\nTermop\u0101rsegs<br \/>\nSint\u0113tisks apvalks ar siltin\u0101jumu<br \/>\nBluetooth stereo + subwoofer<\/p>\n<p>&nbsp;<\/p>\n<p><strong>Cena\u00a0<\/strong><span style=\"color: #ff0000;\"><strong>5999.- <\/strong><\/span><strong>eur<\/strong><\/p>\n<p>Wifi modul[\/vc_column_text][\/vc_column][vc_column width=&#8221;1\/3&#8243;][vc_gallery type=&#8221;image_grid&#8221; images=&#8221;28650,28615,28607,13795,28623,28520&#8243;][\/vc_column][\/vc_row]<\/p>\n<\/section>","protected":false},"excerpt":{"rendered":"<p>[vc_row][vc_column width=&#8221;1\/3&#8243;][vc_column_text] Luxus minibasein Opus &nbsp; Tehniskie dati 230 x 230 x 92cm S\u0113dvietas 3 Gu\u013cvietas 2 Pa\u0161masa 425kg \u016adens ietilp\u012bba 1485l Baseina Aprikojums Elektr\u012bbas pievads 3 x 16A Perspex akrila tonis\u00a0Sterling-silver Balboa vad\u012bbas panelis TP500s Hidromas\u0101\u017eas d\u012bzes 41gab 1. Mas\u0101\u017ea s\u016bknis\u00a03hp 2. Mas\u0101\u017ea s\u016bknis\u00a03hp Cirkul\u0101cija 0,35hp Ozonators Led gaismeklis\u00a05\u201c Ekskluz\u012bva kr\u0101su terapija 20 led<\/p>\n","protected":false},"author":1,"featured_media":12402,"parent":0,"menu_order":0,"comment_status":"closed","ping_status":"closed","template":"","meta":{"_acf_changed":false,"footnotes":""},"acf":[],"_links":{"self":[{"href":"https:\/\/luxus.ee\/lv\/wp-json\/wp\/v2\/pages\/12465"}],"collection":[{"href":"https:\/\/luxus.ee\/lv\/wp-json\/wp\/v2\/pages"}],"about":[{"href":"https:\/\/luxus.ee\/lv\/wp-json\/wp\/v2\/types\/page"}],"author":[{"embeddable":true,"href":"https:\/\/luxus.ee\/lv\/wp-json\/wp\/v2\/users\/1"}],"replies":[{"embeddable":true,"href":"https:\/\/luxus.ee\/lv\/wp-json\/wp\/v2\/comments?post=12465"}],"version-history":[{"count":0,"href":"https:\/\/luxus.ee\/lv\/wp-json\/wp\/v2\/pages\/12465\/revisions"}],"wp:featuredmedia":[{"embeddable":true,"href":"https:\/\/luxus.ee\/lv\/wp-json\/wp\/v2\/media\/12402"}],"wp:attachment":[{"href":"https:\/\/luxus.ee\/lv\/wp-json\/wp\/v2\/media?parent=12465"}],"curies":[{"name":"wp","href":"https:\/\/api.w.org\/{rel}","templated":true}]}}