{"id":12460,"date":"2017-02-24T12:09:40","date_gmt":"2017-02-24T09:09:40","guid":{"rendered":"https:\/\/luxus.ee\/?page_id=12460\/"},"modified":"2021-02-24T23:22:30","modified_gmt":"2021-02-24T20:22:30","slug":"minibasein-milan","status":"publish","type":"page","link":"https:\/\/luxus.ee\/lv\/minibasein-milan\/","title":{"rendered":"Minibasein Milan"},"content":{"rendered":"<section class=\"wpb-content-wrapper\"><p>[vc_row][vc_column width=&#8221;1\/2&#8243;][vc_column_text]<\/p>\n<h4><strong>Luxus minibasein Milan<\/strong><\/h4>\n<p>&nbsp;<\/p>\n<p><strong><u>Tehniskie dati<\/u><\/strong><strong><u><br \/>\n<\/u><\/strong>200 x 200 x 92cm<strong><u><br \/>\n<\/u><\/strong>S\u0113dvietas 5<br \/>\nGu\u013cvietas 1<br \/>\nPa\u0161masa 375kg<br \/>\n\u016adens ietilp\u012bba 1040l<\/p>\n<p><strong><u>Baseina Aprikojums<\/u><\/strong><u><br \/>\n<\/u>Elektr\u012bbas pievads 3 x 16A<br \/>\nPerspex akrila tonis <span style=\"text-decoration: underline;\"><em>Sterling-silver<\/em><\/span><br \/>\nBalboa vad\u012bbas panelis TP500s<br \/>\nHidromas\u0101\u017eas d\u012bzes 46gab<strong><br \/>\n<\/strong>1. Mas\u0101\u017ea s\u016bknis\u00a02hp<br \/>\n2. Mas\u0101\u017ea s\u016bknis\u00a02hp<br \/>\nCirkul\u0101cija 0,35hp<strong><br \/>\n<\/strong>Ozonators<br \/>\nLed gaismeklis\u00a05\u201c<br \/>\nEkskluz\u012bva kr\u0101su terapija 20 led<strong><br \/>\n<\/strong>\u016adens sild\u012bt\u0101js 3kw<strong><br \/>\n<\/strong>Elementu filtrs<br \/>\nSpilveni 3 gab<br \/>\nTermop\u0101rsegs<br \/>\nSint\u0113tisks apvalks ar siltin\u0101jumu<br \/>\nBluetooth stereo<\/p>\n<p>&nbsp;<\/p>\n<p><strong>Cena <span style=\"color: #ff0000;\">59<\/span><\/strong><strong><span style=\"color: #ff0000;\">90.-<\/span> eur<\/strong>[\/vc_column_text][\/vc_column][vc_column width=&#8221;1\/2&#8243;][vc_gallery type=&#8221;image_grid&#8221; images=&#8221;13793,13794,13795&#8243;][vc_gallery type=&#8221;image_grid&#8221; images=&#8221;28623,28615,28607&#8243;][\/vc_column][\/vc_row]<\/p>\n<\/section>","protected":false},"excerpt":{"rendered":"<p>[vc_row][vc_column width=&#8221;1\/2&#8243;][vc_column_text] Luxus minibasein Milan &nbsp; Tehniskie dati 200 x 200 x 92cm S\u0113dvietas 5 Gu\u013cvietas 1 Pa\u0161masa 375kg \u016adens ietilp\u012bba 1040l Baseina Aprikojums Elektr\u012bbas pievads 3 x 16A Perspex akrila tonis Sterling-silver Balboa vad\u012bbas panelis TP500s Hidromas\u0101\u017eas d\u012bzes 46gab 1. Mas\u0101\u017ea s\u016bknis\u00a02hp 2. Mas\u0101\u017ea s\u016bknis\u00a02hp Cirkul\u0101cija 0,35hp Ozonators Led gaismeklis\u00a05\u201c Ekskluz\u012bva kr\u0101su terapija 20<\/p>\n","protected":false},"author":1,"featured_media":12386,"parent":0,"menu_order":0,"comment_status":"closed","ping_status":"closed","template":"","meta":{"_acf_changed":false,"footnotes":""},"acf":[],"_links":{"self":[{"href":"https:\/\/luxus.ee\/lv\/wp-json\/wp\/v2\/pages\/12460"}],"collection":[{"href":"https:\/\/luxus.ee\/lv\/wp-json\/wp\/v2\/pages"}],"about":[{"href":"https:\/\/luxus.ee\/lv\/wp-json\/wp\/v2\/types\/page"}],"author":[{"embeddable":true,"href":"https:\/\/luxus.ee\/lv\/wp-json\/wp\/v2\/users\/1"}],"replies":[{"embeddable":true,"href":"https:\/\/luxus.ee\/lv\/wp-json\/wp\/v2\/comments?post=12460"}],"version-history":[{"count":0,"href":"https:\/\/luxus.ee\/lv\/wp-json\/wp\/v2\/pages\/12460\/revisions"}],"wp:featuredmedia":[{"embeddable":true,"href":"https:\/\/luxus.ee\/lv\/wp-json\/wp\/v2\/media\/12386"}],"wp:attachment":[{"href":"https:\/\/luxus.ee\/lv\/wp-json\/wp\/v2\/media?parent=12460"}],"curies":[{"name":"wp","href":"https:\/\/api.w.org\/{rel}","templated":true}]}}