{"id":12458,"date":"2017-02-24T11:57:43","date_gmt":"2017-02-24T08:57:43","guid":{"rendered":"https:\/\/luxus.ee\/?page_id=12458\/"},"modified":"2020-03-18T15:29:28","modified_gmt":"2020-03-18T12:29:28","slug":"minibasein-meridian","status":"publish","type":"page","link":"https:\/\/luxus.ee\/lv\/minibasein-meridian\/","title":{"rendered":"Minibasein Meridian"},"content":{"rendered":"<section class=\"wpb-content-wrapper\"><p>[vc_row][vc_column width=&#8221;1\/3&#8243;][vc_column_text]<\/p>\n<h4><strong>Luxus minibasein Meridian<br \/>\n<\/strong><\/h4>\n<p>&nbsp;<\/p>\n<p><strong><u>Tehniskie dati<\/u><\/strong><strong><u><br \/>\n<\/u><\/strong>200 x 200 x 92cm<strong><u><br \/>\n<\/u><\/strong>S\u0113dvietas 3<br \/>\nGu\u013cvietas 2<br \/>\nPa\u0161masa 350kg<br \/>\n\u016adens ietilp\u012bba 1040l<\/p>\n<p><strong><u>Baseina Aprikojums<\/u><\/strong><u><br \/>\n<\/u>Elektr\u012bbas pievads 1 x 16 \/ 3 x 16A<br \/>\nBalboa vad\u012bbas panelis TP400<br \/>\nHidromas\u0101\u017eas d\u012bzes 31gab<strong><br \/>\n<\/strong>Mas\u0101\u017ea s\u016bknis\u00a03hp<br \/>\nCirkul\u0101cija 0,35hp<strong><br \/>\n<\/strong>Ozonators<br \/>\nLed gaismeklis\u00a05\u201c<br \/>\nEkskluz\u012bva kr\u0101su terapija 20 led<strong><br \/>\n<\/strong>\u016adens sild\u012bt\u0101js 3kw<strong><br \/>\n<\/strong>Elementu filtrs<br \/>\nSpilveni 3 gab<br \/>\nTermop\u0101rsegs<br \/>\nSint\u0113tisks apvalks ar siltin\u0101jumu<\/p>\n<p><strong>Cena <\/strong><span style=\"color: #ff0000;\"><strong>5499.- <\/strong><\/span><strong>eur<\/strong>[\/vc_column_text][\/vc_column][vc_column width=&#8221;1\/3&#8243;][vc_gallery type=&#8221;image_grid&#8221; images=&#8221;12378,12379,12380&#8243;][\/vc_column][vc_column width=&#8221;1\/3&#8243;][vc_gallery type=&#8221;image_grid&#8221; images=&#8221;12381,12382,12383,12384&#8243;][\/vc_column][\/vc_row]<\/p>\n<\/section>","protected":false},"excerpt":{"rendered":"<p>[vc_row][vc_column width=&#8221;1\/3&#8243;][vc_column_text] Luxus minibasein Meridian &nbsp; Tehniskie dati 200 x 200 x 92cm S\u0113dvietas 3 Gu\u013cvietas 2 Pa\u0161masa 350kg \u016adens ietilp\u012bba 1040l Baseina Aprikojums Elektr\u012bbas pievads 1 x 16 \/ 3 x 16A Balboa vad\u012bbas panelis TP400 Hidromas\u0101\u017eas d\u012bzes 31gab Mas\u0101\u017ea s\u016bknis\u00a03hp Cirkul\u0101cija 0,35hp Ozonators Led gaismeklis\u00a05\u201c Ekskluz\u012bva kr\u0101su terapija 20 led \u016adens sild\u012bt\u0101js 3kw<\/p>\n","protected":false},"author":1,"featured_media":12378,"parent":0,"menu_order":0,"comment_status":"closed","ping_status":"closed","template":"","meta":{"_acf_changed":false,"footnotes":""},"acf":[],"_links":{"self":[{"href":"https:\/\/luxus.ee\/lv\/wp-json\/wp\/v2\/pages\/12458"}],"collection":[{"href":"https:\/\/luxus.ee\/lv\/wp-json\/wp\/v2\/pages"}],"about":[{"href":"https:\/\/luxus.ee\/lv\/wp-json\/wp\/v2\/types\/page"}],"author":[{"embeddable":true,"href":"https:\/\/luxus.ee\/lv\/wp-json\/wp\/v2\/users\/1"}],"replies":[{"embeddable":true,"href":"https:\/\/luxus.ee\/lv\/wp-json\/wp\/v2\/comments?post=12458"}],"version-history":[{"count":0,"href":"https:\/\/luxus.ee\/lv\/wp-json\/wp\/v2\/pages\/12458\/revisions"}],"wp:featuredmedia":[{"embeddable":true,"href":"https:\/\/luxus.ee\/lv\/wp-json\/wp\/v2\/media\/12378"}],"wp:attachment":[{"href":"https:\/\/luxus.ee\/lv\/wp-json\/wp\/v2\/media?parent=12458"}],"curies":[{"name":"wp","href":"https:\/\/api.w.org\/{rel}","templated":true}]}}