{"id":12454,"date":"2017-02-24T11:44:55","date_gmt":"2017-02-24T08:44:55","guid":{"rendered":"https:\/\/luxus.ee\/?page_id=12454\/"},"modified":"2020-03-18T16:21:53","modified_gmt":"2020-03-18T13:21:53","slug":"minibasein-nizza","status":"publish","type":"page","link":"https:\/\/luxus.ee\/lv\/minibasein-nizza\/","title":{"rendered":"Minibasein Nizza"},"content":{"rendered":"<section class=\"wpb-content-wrapper\"><p>[vc_row][vc_column width=&#8221;1\/3&#8243;][vc_column_text]<\/p>\n<h4><strong>Luxus minibasein Nizza<\/strong><\/h4>\n<p>&nbsp;<\/p>\n<p><strong><u>Tehniskie dati<\/u><\/strong><strong><u><br \/>\n<\/u><\/strong>225 x 155 x 80cm<strong><u><br \/>\n<\/u><\/strong>S\u0113dvietas 2<br \/>\nGu\u013cvietas 1<br \/>\nPa\u0161masa 290kg<br \/>\n\u016adens ietilp\u012bba 700l<\/p>\n<p><strong><u>Baseina Aprikojums<\/u><\/strong><u><br \/>\n<\/u>Elektr\u012bbas pievads 1 x 16 \/ 3 x 16A<br \/>\nBalboa vad\u012bbas panelis TP600<br \/>\nHidromas\u0101\u017eas d\u012bzes 50gab<strong><br \/>\n<\/strong>1. Mas\u0101\u017ea s\u016bknis\u00a02hp<br \/>\n2. Mas\u0101\u017ea s\u016bknis\u00a02hp<br \/>\nCirkul\u0101cija 0,35hp<strong><br \/>\n<\/strong>Ozonators<br \/>\nLed gaismeklis\u00a05\u201c<br \/>\nEkskluz\u012bva kr\u0101su terapija 20 Led<strong><br \/>\n<\/strong>\u016adens sild\u012bt\u0101js 3kw<strong><br \/>\n<\/strong>Elementu filtrs<br \/>\nSpilveni 3gab<br \/>\nTermop\u0101rsegs<br \/>\nSint\u0113tisks apvalks ar siltin\u0101jumu<\/p>\n<p><strong>Cena\u00a0<\/strong><span style=\"color: #ff0000;\"><strong>4790.- <\/strong><\/span><strong>eur<\/strong>[\/vc_column_text][\/vc_column][vc_column width=&#8221;1\/3&#8243;][vc_gallery type=&#8221;image_grid&#8221; images=&#8221;12372,12375&#8243;][\/vc_column][vc_column width=&#8221;1\/3&#8243;][vc_gallery type=&#8221;image_grid&#8221; images=&#8221;12376,12377&#8243;][\/vc_column][\/vc_row]<\/p>\n<\/section>","protected":false},"excerpt":{"rendered":"<p>[vc_row][vc_column width=&#8221;1\/3&#8243;][vc_column_text] Luxus minibasein Nizza &nbsp; Tehniskie dati 225 x 155 x 80cm S\u0113dvietas 2 Gu\u013cvietas 1 Pa\u0161masa 290kg \u016adens ietilp\u012bba 700l Baseina Aprikojums Elektr\u012bbas pievads 1 x 16 \/ 3 x 16A Balboa vad\u012bbas panelis TP600 Hidromas\u0101\u017eas d\u012bzes 50gab 1. Mas\u0101\u017ea s\u016bknis\u00a02hp 2. Mas\u0101\u017ea s\u016bknis\u00a02hp Cirkul\u0101cija 0,35hp Ozonators Led gaismeklis\u00a05\u201c Ekskluz\u012bva kr\u0101su terapija 20<\/p>\n","protected":false},"author":1,"featured_media":12375,"parent":0,"menu_order":0,"comment_status":"closed","ping_status":"closed","template":"","meta":{"_acf_changed":false,"footnotes":""},"acf":[],"_links":{"self":[{"href":"https:\/\/luxus.ee\/lv\/wp-json\/wp\/v2\/pages\/12454"}],"collection":[{"href":"https:\/\/luxus.ee\/lv\/wp-json\/wp\/v2\/pages"}],"about":[{"href":"https:\/\/luxus.ee\/lv\/wp-json\/wp\/v2\/types\/page"}],"author":[{"embeddable":true,"href":"https:\/\/luxus.ee\/lv\/wp-json\/wp\/v2\/users\/1"}],"replies":[{"embeddable":true,"href":"https:\/\/luxus.ee\/lv\/wp-json\/wp\/v2\/comments?post=12454"}],"version-history":[{"count":0,"href":"https:\/\/luxus.ee\/lv\/wp-json\/wp\/v2\/pages\/12454\/revisions"}],"wp:featuredmedia":[{"embeddable":true,"href":"https:\/\/luxus.ee\/lv\/wp-json\/wp\/v2\/media\/12375"}],"wp:attachment":[{"href":"https:\/\/luxus.ee\/lv\/wp-json\/wp\/v2\/media?parent=12454"}],"curies":[{"name":"wp","href":"https:\/\/api.w.org\/{rel}","templated":true}]}}