{"id":12452,"date":"2017-02-24T11:28:12","date_gmt":"2017-02-24T08:28:12","guid":{"rendered":"https:\/\/luxus.ee\/?page_id=12452\/"},"modified":"2017-02-24T11:47:38","modified_gmt":"2017-02-24T08:47:38","slug":"minibasein-round","status":"publish","type":"page","link":"https:\/\/luxus.ee\/lv\/minibasein-round\/","title":{"rendered":"Minibasein Round"},"content":{"rendered":"<section class=\"wpb-content-wrapper\"><p>[vc_row][vc_column width=&#8221;1\/3&#8243;][vc_column_text]<\/p>\n<h4><strong>Luxus minibasein Round<\/strong><\/h4>\n<p>&nbsp;<\/p>\n<p><strong><u>Tehniskie dati<br \/>\n<\/u><\/strong>200 x 92cm<strong><u><br \/>\n<\/u><\/strong>S\u0113dvietas 4-5<br \/>\nPa\u0161masa 310kg<br \/>\n\u016adens ietilp\u012bba 1040l<\/p>\n<p>&nbsp;<\/p>\n<p><strong><u>Baseina Aprikojums<\/u><\/strong><br \/>\nElektr\u012bbas pievads 1 x 16 \/ 3 x 16A<br \/>\nBalboa vad\u012bbas panelis VL400<br \/>\nHidromas\u0101\u017eas d\u012bzes 21gab<strong><br \/>\n<\/strong>Mas\u0101\u017ea s\u016bknis 2hp\/2spd<strong><br \/>\n<\/strong>Ozonators<br \/>\nLed gaismeklis\u00a05\u201c<br \/>\nEkskluz\u012bva kr\u0101su terapija 20 Led<strong><br \/>\n<\/strong>\u016adens sild\u012bt\u0101js 3kw<strong><br \/>\n<\/strong>Elementu filtrs<br \/>\nTermop\u0101rsegs<br \/>\nSint\u0113tisks apvalks ar siltin\u0101jumu<\/p>\n<p><strong>Cena\u00a0<span style=\"color: #ff0000;\">4299.-<\/span> eur<\/strong>[\/vc_column_text][\/vc_column][vc_column width=&#8221;1\/3&#8243;][vc_gallery type=&#8221;image_grid&#8221; images=&#8221;12366,12367&#8243; img_size=&#8221;medium&#8221;][\/vc_column][vc_column width=&#8221;1\/3&#8243;][vc_gallery type=&#8221;image_grid&#8221; images=&#8221;12368,12369,12370,12371&#8243; img_size=&#8221;medium&#8221;][\/vc_column][\/vc_row]<\/p>\n<\/section>","protected":false},"excerpt":{"rendered":"<p>[vc_row][vc_column width=&#8221;1\/3&#8243;][vc_column_text] Luxus minibasein Round &nbsp; Tehniskie dati 200 x 92cm S\u0113dvietas 4-5 Pa\u0161masa 310kg \u016adens ietilp\u012bba 1040l &nbsp; Baseina Aprikojums Elektr\u012bbas pievads 1 x 16 \/ 3 x 16A Balboa vad\u012bbas panelis VL400 Hidromas\u0101\u017eas d\u012bzes 21gab Mas\u0101\u017ea s\u016bknis 2hp\/2spd Ozonators Led gaismeklis\u00a05\u201c Ekskluz\u012bva kr\u0101su terapija 20 Led \u016adens sild\u012bt\u0101js 3kw Elementu filtrs Termop\u0101rsegs Sint\u0113tisks<\/p>\n","protected":false},"author":1,"featured_media":12366,"parent":0,"menu_order":0,"comment_status":"closed","ping_status":"closed","template":"","meta":{"_acf_changed":false,"footnotes":""},"acf":[],"_links":{"self":[{"href":"https:\/\/luxus.ee\/lv\/wp-json\/wp\/v2\/pages\/12452"}],"collection":[{"href":"https:\/\/luxus.ee\/lv\/wp-json\/wp\/v2\/pages"}],"about":[{"href":"https:\/\/luxus.ee\/lv\/wp-json\/wp\/v2\/types\/page"}],"author":[{"embeddable":true,"href":"https:\/\/luxus.ee\/lv\/wp-json\/wp\/v2\/users\/1"}],"replies":[{"embeddable":true,"href":"https:\/\/luxus.ee\/lv\/wp-json\/wp\/v2\/comments?post=12452"}],"version-history":[{"count":0,"href":"https:\/\/luxus.ee\/lv\/wp-json\/wp\/v2\/pages\/12452\/revisions"}],"wp:featuredmedia":[{"embeddable":true,"href":"https:\/\/luxus.ee\/lv\/wp-json\/wp\/v2\/media\/12366"}],"wp:attachment":[{"href":"https:\/\/luxus.ee\/lv\/wp-json\/wp\/v2\/media?parent=12452"}],"curies":[{"name":"wp","href":"https:\/\/api.w.org\/{rel}","templated":true}]}}