{"id":12350,"date":"2017-02-23T17:01:00","date_gmt":"2017-02-23T14:01:00","guid":{"rendered":"https:\/\/luxus.ee\/?page_id=12350\/"},"modified":"2019-12-21T13:39:54","modified_gmt":"2019-12-21T10:39:54","slug":"luxus-kubli","status":"publish","type":"page","link":"https:\/\/luxus.ee\/lv\/luxus-kubli\/","title":{"rendered":"Luxus kubli"},"content":{"rendered":"<section class=\"wpb-content-wrapper\"><p>[vc_row][vc_column width=&#8221;2\/3&#8243;][vc_btn title=&#8221;Cenr\u0101dis&#8221; style=&#8221;3d&#8221; color=&#8221;sky&#8221; link=&#8221;url:http%3A%2F%2Fluxus.ee%2Flv%2Fluxus-kubli-cenradis%2F|||&#8221;][vc_column_text]<\/p>\n<h3><strong>Luxus akril kubli<\/strong><\/h3>\n<p>Ekskluz\u012bva kubl tavai terasei \u00a0!<\/p>\n<p>Asto\u0146st\u016bru vanna, kuras \u0101r\u0113jais izm\u0113rs ir 209cm, iek\u0161\u0113jais izm\u0113rs 175cm, dzi\u013cums<br \/>\n91cm, augstums kop\u0101 ar r\u0101mi no zemes virsmas 103cm, tilpums 1000l. <span style=\"color: #ff0000;\"><strong>Ra\u017eota Igaunij\u0101!<\/strong><\/span><br \/>\nKubla \u2013 ir ra\u017eota no ekskluz\u012bv\u0101 \u201ePerspex\u201d akrila<\/p>\n<p>Ra\u017eo\u0161an\u0101 vakuuma form\u0113\u0161anas proces\u0101 \u2013 izmantojam v\u0113rt\u012bgo \u201ePerspex\u201d speci\u0101li izmanto\u0161anai \u0101ra apst\u0101k\u013cos saules un<br \/>\ncitu klimatisko apst\u0101k\u013cu ietekm\u0113 izstr\u0101d\u0101to sanit\u0101ro akrilu ekskluz\u012bvos to\u0146os ar antibakteri\u0101lu p\u0101rkl\u0101jumu. Vanna ir paredz\u0113ta<br \/>\nlieto\u0161anai l\u012bdz 4-6 cilv\u0113kiem<\/p>\n<p>&nbsp;<\/p>\n<p><span style=\"text-decoration: underline;\"><strong>Minim\u0101lais komplekts<\/strong><\/span>\u00a0&#8211;<\/p>\n<p>Akril\u00a0korpuss, met\u0101la atbalsta r\u0101mis, alum\u012bnijs cepe\u0161kr\u0101sns.<\/p>\n<p>&nbsp;<\/p>\n<div class=\"vc_row wpb_row vc_row-fluid\">\n<div class=\"wpb_column vc_column_container vc_col-sm-8\">\n<div class=\"vc_column-inner \">\n<div class=\"wpb_wrapper\">\n<div class=\"wpb_text_column wpb_content_element \">\n<div class=\"wpb_wrapper\">\n<p><strong>Siltin\u0101ts vannas p\u0101rsegs<\/strong>\u00a0&#8211;\u00a0<em>Luxus<\/em> ra\u017eotais 10cm biezais siltin\u0101tais nosedzo\u0161ais v\u0101ks pa\u0101trina vannas sakurin\u0101\u0161anu, sarg\u0101 vannas<br \/>\nsaturu no lietus, sniega un gru\u017eiem. P\u0101rsega virsk\u0101rta ir p\u0101rkl\u0101ta ar m\u0101ksl\u012bg\u0101 \u0101da, kas ir iztur\u012bgs, pacie\u0161 -30 gr\u0101du salu un 50 gr\u0101du<br \/>\nsiltumu, k\u0101 ar\u012b nepel\u0113. Turkl\u0101t vanna ar v\u0101ku ir dro\u0161a ar\u012b \u0123imen\u0113m, kur\u0101s ir b\u0113rni!<\/p>\n<\/div>\n<\/div>\n<div class=\"vc_empty_space\"><\/div>\n<\/div>\n<\/div>\n<\/div>\n<\/div>\n<div class=\"vc_row wpb_row vc_row-fluid\">\n<div class=\"wpb_column vc_column_container vc_col-sm-8\">\n<div class=\"vc_column-inner \">\n<div class=\"wpb_wrapper\">\n<div class=\"wpb_text_column wpb_content_element \">\n<div class=\"wpb_wrapper\">\n<p><span style=\"text-decoration: underline;\"><strong>\u0100r\u0113j\u0101 apkures kr\u0101sns<\/strong><\/span>\u00a0&#8211; komplekt\u0101 pied\u0101v\u0101jam \u0101r\u0113jo apkures kr\u0101sni no j\u016bras alum\u012bnija. Alum\u012bnija kr\u0101sn\u012bm ir ilg\u0101ks m\u016b\u017es nek\u0101 ner\u016bso\u0161\u0101<br \/>\nt\u0113rauda kr\u0101sn\u012bm. Kr\u0101snis ir izgatavotas no iztur\u012bga j\u016bras dro\u0161a alum\u012bnija sakaus\u0113juma. Izmantojam\u0101 materi\u0101la biezums ir 3mm, kas ir<br \/>\ndivreiz liel\u0101ks nek\u0101 parastaj\u0101m ner\u016bso\u0161\u0101 t\u0113rauda kr\u0101sn\u012bm. Tom\u0113r alum\u012bnija kr\u0101sns ir par 30% viegl\u0101ka.<\/p>\n<\/div>\n<\/div>\n<div class=\"vc_row wpb_row vc_inner vc_row-fluid\">\n<div class=\"wpb_column vc_column_container vc_col-sm-12\">\n<div class=\"vc_column-inner \">\n<div class=\"wpb_wrapper\">\n<div class=\"vc_empty_space\"><\/div>\n<div class=\"wpb_text_column wpb_content_element \">\n<div class=\"wpb_wrapper\">\n<p><span style=\"text-decoration: underline;\"><strong>Kubla apr\u012bkojums<\/strong><\/span>\u00a0&#8211; Dab\u012bgs beic\u0113ts d\u0113\u013cu ap\u0161uvums, plastmasas pane\u013ciem, aeromas\u0101\u017eas d\u012bzes 8 gab, hidromas\u0101\u017eas d\u012bzes, led \u016bdensl\u012bniju<br \/>\napgaismojums, PU izol\u0101cija, termisk\u0101 v\u0101ks, <span style=\"color: #ff0000;\"><em>Bluetooth audio 2 x 35w + subwoofer<\/em><\/span><\/p>\n<\/div>\n<\/div>\n<\/div>\n<\/div>\n<\/div>\n<\/div>\n<\/div>\n<\/div>\n<\/div>\n<\/div>\n<div class=\"vc_row wpb_row vc_row-fluid\">\n<div class=\"wpb_column vc_column_container vc_col-sm-12\">\n<div class=\"vc_column-inner \">\n<div class=\"wpb_wrapper\">\n<div class=\"vc_empty_space\"><\/div>\n<div class=\"wpb_text_column wpb_content_element \">\n<div class=\"wpb_wrapper\">\n<p><strong>Prasi komplekta cenu ekskluz\u012bvajai vannai!<\/strong><\/p>\n<p><strong>K\u0101das ir \u201eLucite\u201d akrila baseina priek\u0161roc\u012bbas sal\u012bdzin\u0101jum\u0101 ar koka vannu?<\/strong><\/p>\n<p>1. \u201ePerspex\u201d akrils sal\u012bdzin\u0101jum\u0101 ar koka vannu ir pret klimatiskajiem apst\u0101k\u013ciem iztur\u012bgs un stabils virsmas seguma materi\u0101ls.<br \/>\nAkrila vannas virsma ir vann\u0101 s\u0113do\u0161ajiem t\u012bkami gluda, dizaina l\u012bnijas noapa\u013cotas, taj\u0101 ir \u0113rtas formas s\u0113dvietas.<\/p>\n<p>2. Vannas antibakteri\u0101l\u0101 akrila iek\u0161\u0113j\u0101 virsma nov\u0113r\u0161 a\u013c\u0123u un net\u012brumu pie\u0137er\u0161anos pie baseina sien\u0101m, un zil\u0101s kr\u0101sas d\u0113\u013c nav<br \/>\nredzami sakr\u0101ju\u0161ies net\u012brumi. Akrila vann\u0101 \u016bdens boj\u0101\u0161an\u0101s process sal\u012bdzin\u0101jum\u0101 ar koka vannu ir l\u0113n\u0101ks. Nav nek\u0101du starpu,<br \/>\nspraugu un plaisu, kur kr\u0101ties net\u012brumiem.<\/p>\n<p>3. Akrila vannai nav nepiecie\u0161ams t\u0101ds apkopes darbs k\u0101 korpusa e\u013c\u013co\u0161ana.<\/p>\n<p>4. Akrila vannai, sagatavojot to katru pavasari darbam, nav j\u0101savelk st\u012bpas, un nav nek\u0101du \u016bdens nopl\u016bdes probl\u0113mu,<br \/>\nkas katr\u0101 lieto\u0161anas reiz\u0113 ir koka vann\u0101m.<\/p>\n<p>5. Akrila vannu ir viegli uzst\u0101d\u012bt, ja iepriek\u0161 ir sagatavota stabila pamatnes pl\u0101ksne. Iztur\u012bgais met\u0101la atbalsta r\u0101mis stabili<br \/>\ntur baseinu viet\u0101. Pie atbalsta r\u0101mja stateniskajiem stabiem stiprin\u0101ts s\u0101nus nosedzo\u0161s lapegles d\u0113\u013cu ap\u0161uvums.<\/p>\n<p>6. Akrila vannai caur s\u0101nu sien\u0101m un pamatni var piemont\u0113t mas\u0101\u017eas un citu apr\u012bkojumu t\u0101, ka apr\u012bkojums paliek apsl\u0113pts zem<br \/>\nbaseina iedobuma un d\u0113\u013cu ap\u0161uvuma.<\/p>\n<p>7. Akrila vanna ir viegli t\u012br\u0101ma ar neabraz\u012bviem un \u0137\u012bmiski nestipriem \u0161\u0137idriem mazg\u0101\u0161anas l\u012bdzek\u013ciem.<\/p>\n<\/div>\n<\/div>\n<\/div>\n<\/div>\n<\/div>\n<\/div>\n<p>[\/vc_column_text][\/vc_column][vc_column width=&#8221;1\/3&#8243;][vc_gallery type=&#8221;image_grid&#8221; images=&#8221;12338,12336,12337,26726,12341,12328,12329,12326,12327,12330,26734,12335,12334,12333,12332,12339,12340,12347,12348,12346,12345&#8243; img_size=&#8221;110&#215;110&#8243;][\/vc_column][\/vc_row]<\/p>\n<\/section>","protected":false},"excerpt":{"rendered":"<p>[vc_row][vc_column width=&#8221;2\/3&#8243;][vc_btn title=&#8221;Cenr\u0101dis&#8221; style=&#8221;3d&#8221; color=&#8221;sky&#8221; link=&#8221;url:http%3A%2F%2Fluxus.ee%2Flv%2Fluxus-kubli-cenradis%2F|||&#8221;][vc_column_text] Luxus akril kubli Ekskluz\u012bva kubl tavai terasei \u00a0! Asto\u0146st\u016bru vanna, kuras \u0101r\u0113jais izm\u0113rs ir 209cm, iek\u0161\u0113jais izm\u0113rs 175cm, dzi\u013cums 91cm, augstums kop\u0101 ar r\u0101mi no zemes virsmas 103cm, tilpums 1000l. Ra\u017eota Igaunij\u0101! Kubla \u2013 ir ra\u017eota no ekskluz\u012bv\u0101 \u201ePerspex\u201d akrila Ra\u017eo\u0161an\u0101 vakuuma form\u0113\u0161anas proces\u0101 \u2013 izmantojam v\u0113rt\u012bgo \u201ePerspex\u201d speci\u0101li<\/p>\n","protected":false},"author":1,"featured_media":12337,"parent":0,"menu_order":0,"comment_status":"closed","ping_status":"closed","template":"","meta":{"_acf_changed":false,"footnotes":""},"acf":[],"_links":{"self":[{"href":"https:\/\/luxus.ee\/lv\/wp-json\/wp\/v2\/pages\/12350"}],"collection":[{"href":"https:\/\/luxus.ee\/lv\/wp-json\/wp\/v2\/pages"}],"about":[{"href":"https:\/\/luxus.ee\/lv\/wp-json\/wp\/v2\/types\/page"}],"author":[{"embeddable":true,"href":"https:\/\/luxus.ee\/lv\/wp-json\/wp\/v2\/users\/1"}],"replies":[{"embeddable":true,"href":"https:\/\/luxus.ee\/lv\/wp-json\/wp\/v2\/comments?post=12350"}],"version-history":[{"count":0,"href":"https:\/\/luxus.ee\/lv\/wp-json\/wp\/v2\/pages\/12350\/revisions"}],"wp:featuredmedia":[{"embeddable":true,"href":"https:\/\/luxus.ee\/lv\/wp-json\/wp\/v2\/media\/12337"}],"wp:attachment":[{"href":"https:\/\/luxus.ee\/lv\/wp-json\/wp\/v2\/media?parent=12350"}],"curies":[{"name":"wp","href":"https:\/\/api.w.org\/{rel}","templated":true}]}}