{"id":10437,"date":"2017-01-06T10:52:17","date_gmt":"2017-01-06T07:52:17","guid":{"rendered":"https:\/\/luxus.ee\/?page_id=10437\/"},"modified":"2017-01-06T10:53:44","modified_gmt":"2017-01-06T07:53:44","slug":"wellis-spa-basein-robinson","status":"publish","type":"page","link":"https:\/\/luxus.ee\/lv\/wellis-spa-basein-robinson\/","title":{"rendered":"Wellis spa basein Robinson"},"content":{"rendered":"<p><strong>SPA baseins ar lab\u0101ko papildapr\u012bkojumu Igaunij\u0101!<\/strong><\/p>\n<p><a data-vc-tabs=\"\" data-vc-container=\".vc_tta\"><span class=\"vc_tta-title-text\">TEHNISKIE DATI<\/span><\/a><br \/>\nS\u0113dvietas 5<br \/>\nGu\u013cvietas 1<br \/>\nPa\u0161masa 390kg<br \/>\n\u016adens ietilp\u012bba 1450l<\/p>\n<p><a data-vc-tabs=\"\" data-vc-container=\".vc_tta\"><span class=\"vc_tta-title-text\">BASEINA APR\u012aKOJUMS &#8211; DELUXE<\/span><\/a><\/p>\n<p>Elektr\u012bbas pievads 1 x 32A \/ 3 x 16A<br \/>\nHidromas\u0101\u017eas d\u012bzes 64gab.<br \/>\nMas\u0101\u017eas s\u016bk\u0146a jauda 3 x 3hp<br \/>\nCirkul\u0101cija \u2013 ener\u0123ijas pat\u0113ri\u0146\u0161 100w\/h<br \/>\nAeromas\u0101\u017eas d\u012bzes 12gab.<br \/>\nGaisa p\u016bt\u0113js ar sild\u012b\u0161anu 1hp<br \/>\nOzonators<br \/>\nUV-C \u016bdens att\u012br\u012b\u0161ana<br \/>\nAromterapija<br \/>\n\u016adens sild\u012bt\u0101js 3 kw<br \/>\nLED gaismeklis 1 x 55 LED<br \/>\nEkskluz\u012bva kr\u0101su terapija 16 LED<br \/>\nApgaismoti gl\u0101\u017eu tur\u0113t\u0101ji 3 gab.<br \/>\nApgaismotas \u016bdens str\u016bklas d\u012bzes 2 gab.<br \/>\nBalboa Colossus vad\u012bbas panelis<br \/>\nElementu filtrs<br \/>\nTermop\u0101rsegs<br \/>\nSpilveni 3 gab.<br \/>\nSint\u0113tisks apvalks ar siltin\u0101jumu<br \/>\nWPS \u2013 kompoz\u012btmateri\u0101la balsta r\u0101mis<\/p>\n<p><a data-vc-tabs=\"\" data-vc-container=\".vc_tta\"><span class=\"vc_tta-title-text\">IESP\u0112JAMAIS PAPILDAPR\u012aKOJUMS<\/span><\/a><\/p>\n<p>SPA funkciju vad\u012bba ar iPhone<br \/>\nStereo sist\u0113ma + basu ska\u013cru\u0146i<br \/>\nI.S.I.S pa\u0161att\u012bro\u0161\u0101 sist\u0113ma<br \/>\nBaseina p\u0101rsega tur\u0113t\u0101js<br \/>\nEfekt\u012bv\u0101ks un iztur\u012bg\u0101ks p\u0101rsegs<br \/>\nPapildu apsildes \u0137ermenis<br \/>\nBaseina soma<br \/>\nBaseina k\u0101pnes<\/p>\n<p>Cena &#8211; prasiet pied\u0101v\u0101jumu !<\/p>\n<p>Robinson Start\u00a0 &#8211; 8490.-\u00a0 eur<br \/>\nRobinson Deluxe\u00a0 &#8211;\u00a0 10999.-\u00a0 eur<br \/>\nRobinson Premium\u00a0 &#8211;\u00a0 13999.-\u00a0 eur<\/p>\n<div id='gallery-1' class='gallery galleryid-10437 gallery-columns-3 gallery-size-thumbnail'><figure class='gallery-item'>\n\t\t\t<div class='gallery-icon landscape'>\n\t\t\t\t<a href='https:\/\/luxus.ee\/lv\/wellis-robinson-led-2\/'><img loading=\"lazy\" decoding=\"async\" width=\"150\" height=\"150\" src=\"https:\/\/luxus.ee\/wp-content\/uploads\/2012\/05\/Wellis-Robinson-led-150x150.jpg\" class=\"attachment-thumbnail size-thumbnail\" alt=\"\" srcset=\"https:\/\/luxus.ee\/wp-content\/uploads\/2012\/05\/Wellis-Robinson-led-150x150.jpg 150w, https:\/\/luxus.ee\/wp-content\/uploads\/2012\/05\/Wellis-Robinson-led-180x180.jpg 180w, https:\/\/luxus.ee\/wp-content\/uploads\/2012\/05\/Wellis-Robinson-led-300x300.jpg 300w, https:\/\/luxus.ee\/wp-content\/uploads\/2012\/05\/Wellis-Robinson-led-120x120.jpg 120w, https:\/\/luxus.ee\/wp-content\/uploads\/2012\/05\/Wellis-Robinson-led-80x80.jpg 80w\" sizes=\"(max-width: 150px) 100vw, 150px\" \/><\/a>\n\t\t\t<\/div><\/figure><figure class='gallery-item'>\n\t\t\t<div class='gallery-icon landscape'>\n\t\t\t\t<a href='https:\/\/luxus.ee\/lv\/wellis-robinson-aroomiteraapia-ja-ledvalgustusega-klaasi-hoidja-2-2\/'><img loading=\"lazy\" decoding=\"async\" width=\"150\" height=\"150\" src=\"https:\/\/luxus.ee\/wp-content\/uploads\/2012\/05\/Wellis-Robinson-aroomiteraapia-ja-ledvalgustusega-klaasi-hoidja-1-150x150.jpg\" class=\"attachment-thumbnail size-thumbnail\" alt=\"\" srcset=\"https:\/\/luxus.ee\/wp-content\/uploads\/2012\/05\/Wellis-Robinson-aroomiteraapia-ja-ledvalgustusega-klaasi-hoidja-1-150x150.jpg 150w, https:\/\/luxus.ee\/wp-content\/uploads\/2012\/05\/Wellis-Robinson-aroomiteraapia-ja-ledvalgustusega-klaasi-hoidja-1-180x180.jpg 180w, https:\/\/luxus.ee\/wp-content\/uploads\/2012\/05\/Wellis-Robinson-aroomiteraapia-ja-ledvalgustusega-klaasi-hoidja-1-300x300.jpg 300w, https:\/\/luxus.ee\/wp-content\/uploads\/2012\/05\/Wellis-Robinson-aroomiteraapia-ja-ledvalgustusega-klaasi-hoidja-1-120x120.jpg 120w, https:\/\/luxus.ee\/wp-content\/uploads\/2012\/05\/Wellis-Robinson-aroomiteraapia-ja-ledvalgustusega-klaasi-hoidja-1-80x80.jpg 80w\" sizes=\"(max-width: 150px) 100vw, 150px\" \/><\/a>\n\t\t\t<\/div><\/figure><figure class='gallery-item'>\n\t\t\t<div class='gallery-icon landscape'>\n\t\t\t\t<a href='https:\/\/luxus.ee\/lv\/luxus-spa-wellis-robinson-2\/'><img loading=\"lazy\" decoding=\"async\" width=\"150\" height=\"150\" src=\"https:\/\/luxus.ee\/wp-content\/uploads\/2012\/05\/Luxus-SPA-Wellis-Robinson-150x150.jpg\" class=\"attachment-thumbnail size-thumbnail\" alt=\"\" srcset=\"https:\/\/luxus.ee\/wp-content\/uploads\/2012\/05\/Luxus-SPA-Wellis-Robinson-150x150.jpg 150w, https:\/\/luxus.ee\/wp-content\/uploads\/2012\/05\/Luxus-SPA-Wellis-Robinson-120x120.jpg 120w\" sizes=\"(max-width: 150px) 100vw, 150px\" \/><\/a>\n\t\t\t<\/div><\/figure>\n\t\t<\/div>\n\n","protected":false},"excerpt":{"rendered":"<p>SPA baseins ar lab\u0101ko papildapr\u012bkojumu Igaunij\u0101! TEHNISKIE DATI S\u0113dvietas 5 Gu\u013cvietas 1 Pa\u0161masa 390kg \u016adens ietilp\u012bba 1450l BASEINA APR\u012aKOJUMS &#8211; DELUXE Elektr\u012bbas pievads 1 x 32A \/ 3 x 16A Hidromas\u0101\u017eas d\u012bzes 64gab. Mas\u0101\u017eas s\u016bk\u0146a jauda 3 x 3hp Cirkul\u0101cija \u2013 ener\u0123ijas pat\u0113ri\u0146\u0161 100w\/h Aeromas\u0101\u017eas d\u012bzes 12gab. Gaisa p\u016bt\u0113js ar sild\u012b\u0161anu 1hp Ozonators UV-C \u016bdens<\/p>\n","protected":false},"author":4,"featured_media":0,"parent":0,"menu_order":0,"comment_status":"closed","ping_status":"closed","template":"","meta":{"_acf_changed":false,"footnotes":""},"acf":[],"_links":{"self":[{"href":"https:\/\/luxus.ee\/lv\/wp-json\/wp\/v2\/pages\/10437"}],"collection":[{"href":"https:\/\/luxus.ee\/lv\/wp-json\/wp\/v2\/pages"}],"about":[{"href":"https:\/\/luxus.ee\/lv\/wp-json\/wp\/v2\/types\/page"}],"author":[{"embeddable":true,"href":"https:\/\/luxus.ee\/lv\/wp-json\/wp\/v2\/users\/4"}],"replies":[{"embeddable":true,"href":"https:\/\/luxus.ee\/lv\/wp-json\/wp\/v2\/comments?post=10437"}],"version-history":[{"count":0,"href":"https:\/\/luxus.ee\/lv\/wp-json\/wp\/v2\/pages\/10437\/revisions"}],"wp:attachment":[{"href":"https:\/\/luxus.ee\/lv\/wp-json\/wp\/v2\/media?parent=10437"}],"curies":[{"name":"wp","href":"https:\/\/api.w.org\/{rel}","templated":true}]}}