{"id":10433,"date":"2017-01-06T10:46:59","date_gmt":"2017-01-06T07:46:59","guid":{"rendered":"https:\/\/luxus.ee\/?page_id=10433\/"},"modified":"2017-01-06T10:48:38","modified_gmt":"2017-01-06T07:48:38","slug":"wellis-spa-basein-palermo-deluxe","status":"publish","type":"page","link":"https:\/\/luxus.ee\/lv\/wellis-spa-basein-palermo-deluxe\/","title":{"rendered":"Wellis spa basein Palermo Deluxe"},"content":{"rendered":"<p><a data-vc-tabs=\"\" data-vc-container=\".vc_tta\"><span class=\"vc_tta-title-text\">TEHNISKIE DATI<\/span><\/a><br \/>\nS\u0113dvietas\u00a03<br \/>\nGu\u013cvietas 2<br \/>\nPa\u0161masa 300kg<br \/>\n\u016adens ietilp\u012bba 1390l<\/p>\n<p><a data-vc-tabs=\"\" data-vc-container=\".vc_tta\"><span class=\"vc_tta-title-text\">BASEINA APR\u012aKOJUMS &#8211; DELUXE<\/span><\/a><br \/>\nElektr\u012bbas pievads 1 x 32A \/ 3 x 16A<br \/>\nHidromas\u0101\u017eas d\u012bzes 47 gab.<br \/>\nMas\u0101\u017eas s\u016bk\u0146a jauda 2 x 3hp<br \/>\nCirkul\u0101cija \u2013 ener\u0123ijas pat\u0113ri\u0146\u0161 100w\/h<br \/>\nAeromas\u0101\u017eas d\u012bzes 10 gab.<br \/>\nGaisa p\u016bt\u0113js ar sild\u012b\u0161anu 1 hp<br \/>\nUV-C \u016bdens att\u012br\u012b\u0161ana<br \/>\nAromterapija<br \/>\n\u016adens sild\u012bt\u0101js 3 kw<br \/>\nLED gaismeklis 1 x 55 LED<br \/>\nEkskluz\u012bva kr\u0101su terapija 16 LED<br \/>\n<em>Balboa TP800<\/em> vad\u012bbas panelis<br \/>\nElementu filtrs<br \/>\nTermop\u0101rsegs<br \/>\nSpilveni 3 gab.<br \/>\nSint\u0113tisks apvalks ar siltin\u0101jumu<\/p>\n<p>Cena &#8211;<\/p>\n<p>Palermo Start\u00a0 &#8211;\u00a0 5999.- eur<\/p>\n<p>Palermo Standard\u00a0 &#8211;\u00a0 6999.- eur<\/p>\n<p>Palermo Deluxe\u00a0 &#8211;\u00a0 8990.- eur<\/p>\n<div id='gallery-1' class='gallery galleryid-10433 gallery-columns-3 gallery-size-thumbnail'><figure class='gallery-item'>\n\t\t\t<div class='gallery-icon landscape'>\n\t\t\t\t<a href='https:\/\/luxus.ee\/lv\/wellis-spa-palermo-5-2\/'><img loading=\"lazy\" decoding=\"async\" width=\"150\" height=\"150\" src=\"https:\/\/luxus.ee\/wp-content\/uploads\/2012\/02\/Wellis-spa-Palermo-150x150.jpg\" class=\"attachment-thumbnail size-thumbnail\" alt=\"\" aria-describedby=\"gallery-1-15642\" srcset=\"https:\/\/luxus.ee\/wp-content\/uploads\/2012\/02\/Wellis-spa-Palermo-150x150.jpg 150w, https:\/\/luxus.ee\/wp-content\/uploads\/2012\/02\/Wellis-spa-Palermo-120x120.jpg 120w\" sizes=\"(max-width: 150px) 100vw, 150px\" \/><\/a>\n\t\t\t<\/div>\n\t\t\t\t<figcaption class='wp-caption-text gallery-caption' id='gallery-1-15642'>\n\t\t\t\tWellis spa Palermo standard\n\t\t\t\t<\/figcaption><\/figure><figure class='gallery-item'>\n\t\t\t<div class='gallery-icon landscape'>\n\t\t\t\t<a href='https:\/\/luxus.ee\/lv\/wellis-palermo-1-4\/'><img loading=\"lazy\" decoding=\"async\" width=\"150\" height=\"150\" src=\"https:\/\/luxus.ee\/wp-content\/uploads\/2012\/05\/Wellis-Palermo-1-150x150.jpg\" class=\"attachment-thumbnail size-thumbnail\" alt=\"\" srcset=\"https:\/\/luxus.ee\/wp-content\/uploads\/2012\/05\/Wellis-Palermo-1-150x150.jpg 150w, https:\/\/luxus.ee\/wp-content\/uploads\/2012\/05\/Wellis-Palermo-1-120x120.jpg 120w\" sizes=\"(max-width: 150px) 100vw, 150px\" \/><\/a>\n\t\t\t<\/div><\/figure><figure class='gallery-item'>\n\t\t\t<div class='gallery-icon landscape'>\n\t\t\t\t<a href='https:\/\/luxus.ee\/lv\/wellis-spa-palermo-standard-2-2\/'><img loading=\"lazy\" decoding=\"async\" width=\"150\" height=\"150\" src=\"https:\/\/luxus.ee\/wp-content\/uploads\/2012\/05\/Wellis-spa-Palermo-standard-1-150x150.jpg\" class=\"attachment-thumbnail size-thumbnail\" alt=\"\" aria-describedby=\"gallery-1-18519\" srcset=\"https:\/\/luxus.ee\/wp-content\/uploads\/2012\/05\/Wellis-spa-Palermo-standard-1-150x150.jpg 150w, https:\/\/luxus.ee\/wp-content\/uploads\/2012\/05\/Wellis-spa-Palermo-standard-1-180x180.jpg 180w, https:\/\/luxus.ee\/wp-content\/uploads\/2012\/05\/Wellis-spa-Palermo-standard-1-300x300.jpg 300w, https:\/\/luxus.ee\/wp-content\/uploads\/2012\/05\/Wellis-spa-Palermo-standard-1-600x600.jpg 600w, https:\/\/luxus.ee\/wp-content\/uploads\/2012\/05\/Wellis-spa-Palermo-standard-1-120x120.jpg 120w, https:\/\/luxus.ee\/wp-content\/uploads\/2012\/05\/Wellis-spa-Palermo-standard-1-80x80.jpg 80w\" sizes=\"(max-width: 150px) 100vw, 150px\" \/><\/a>\n\t\t\t<\/div>\n\t\t\t\t<figcaption class='wp-caption-text gallery-caption' id='gallery-1-18519'>\n\t\t\t\tminibassein Palermo Deluxe\n\t\t\t\t<\/figcaption><\/figure><figure class='gallery-item'>\n\t\t\t<div class='gallery-icon landscape'>\n\t\t\t\t<a href='https:\/\/luxus.ee\/lv\/wellis-spa-palermo-4-2\/'><img loading=\"lazy\" decoding=\"async\" width=\"150\" height=\"150\" src=\"https:\/\/luxus.ee\/wp-content\/uploads\/2012\/05\/Wellis-spa-Palermo-2-150x150.jpg\" class=\"attachment-thumbnail size-thumbnail\" alt=\"\" aria-describedby=\"gallery-1-18512\" srcset=\"https:\/\/luxus.ee\/wp-content\/uploads\/2012\/05\/Wellis-spa-Palermo-2-150x150.jpg 150w, https:\/\/luxus.ee\/wp-content\/uploads\/2012\/05\/Wellis-spa-Palermo-2-180x180.jpg 180w, https:\/\/luxus.ee\/wp-content\/uploads\/2012\/05\/Wellis-spa-Palermo-2-300x300.jpg 300w, https:\/\/luxus.ee\/wp-content\/uploads\/2012\/05\/Wellis-spa-Palermo-2-600x600.jpg 600w, https:\/\/luxus.ee\/wp-content\/uploads\/2012\/05\/Wellis-spa-Palermo-2-120x120.jpg 120w, https:\/\/luxus.ee\/wp-content\/uploads\/2012\/05\/Wellis-spa-Palermo-2-80x80.jpg 80w\" sizes=\"(max-width: 150px) 100vw, 150px\" \/><\/a>\n\t\t\t<\/div>\n\t\t\t\t<figcaption class='wp-caption-text gallery-caption' id='gallery-1-18512'>\n\t\t\t\tMinibassein Palermo deluxe\n\t\t\t\t<\/figcaption><\/figure><figure class='gallery-item'>\n\t\t\t<div class='gallery-icon landscape'>\n\t\t\t\t<a href='https:\/\/luxus.ee\/lv\/img_2537-3\/'><img loading=\"lazy\" decoding=\"async\" width=\"150\" height=\"150\" src=\"https:\/\/luxus.ee\/wp-content\/uploads\/2012\/05\/IMG_2537-150x150.jpg\" class=\"attachment-thumbnail size-thumbnail\" alt=\"\" aria-describedby=\"gallery-1-16895\" srcset=\"https:\/\/luxus.ee\/wp-content\/uploads\/2012\/05\/IMG_2537-150x150.jpg 150w, https:\/\/luxus.ee\/wp-content\/uploads\/2012\/05\/IMG_2537-120x120.jpg 120w\" sizes=\"(max-width: 150px) 100vw, 150px\" \/><\/a>\n\t\t\t<\/div>\n\t\t\t\t<figcaption class='wp-caption-text gallery-caption' id='gallery-1-16895'>\n\t\t\t\tminibassein Palermo Deluxe\n\t\t\t\t<\/figcaption><\/figure><figure class='gallery-item'>\n\t\t\t<div class='gallery-icon landscape'>\n\t\t\t\t<a href='https:\/\/luxus.ee\/lv\/img_2539-2\/'><img loading=\"lazy\" decoding=\"async\" width=\"150\" height=\"150\" src=\"https:\/\/luxus.ee\/wp-content\/uploads\/2012\/05\/IMG_2539-150x150.jpg\" class=\"attachment-thumbnail size-thumbnail\" alt=\"\" aria-describedby=\"gallery-1-16888\" srcset=\"https:\/\/luxus.ee\/wp-content\/uploads\/2012\/05\/IMG_2539-150x150.jpg 150w, https:\/\/luxus.ee\/wp-content\/uploads\/2012\/05\/IMG_2539-120x120.jpg 120w\" sizes=\"(max-width: 150px) 100vw, 150px\" \/><\/a>\n\t\t\t<\/div>\n\t\t\t\t<figcaption class='wp-caption-text gallery-caption' id='gallery-1-16888'>\n\t\t\t\tminibassein Palermo Deluxe\n\t\t\t\t<\/figcaption><\/figure><figure class='gallery-item'>\n\t\t\t<div class='gallery-icon landscape'>\n\t\t\t\t<a href='https:\/\/luxus.ee\/lv\/img_2538-3\/'><img loading=\"lazy\" decoding=\"async\" width=\"150\" height=\"150\" src=\"https:\/\/luxus.ee\/wp-content\/uploads\/2012\/05\/IMG_2538-150x150.jpg\" class=\"attachment-thumbnail size-thumbnail\" alt=\"\" aria-describedby=\"gallery-1-16881\" srcset=\"https:\/\/luxus.ee\/wp-content\/uploads\/2012\/05\/IMG_2538-150x150.jpg 150w, https:\/\/luxus.ee\/wp-content\/uploads\/2012\/05\/IMG_2538-120x120.jpg 120w\" sizes=\"(max-width: 150px) 100vw, 150px\" \/><\/a>\n\t\t\t<\/div>\n\t\t\t\t<figcaption class='wp-caption-text gallery-caption' id='gallery-1-16881'>\n\t\t\t\tminibassein Palermo Deluxe\n\t\t\t\t<\/figcaption><\/figure><figure class='gallery-item'>\n\t\t\t<div class='gallery-icon landscape'>\n\t\t\t\t<a href='https:\/\/luxus.ee\/lv\/wellis-palermo-12-2\/'><img loading=\"lazy\" decoding=\"async\" width=\"150\" height=\"150\" src=\"https:\/\/luxus.ee\/wp-content\/uploads\/2012\/05\/Wellis-Palermo-12-1-150x150.jpg\" class=\"attachment-thumbnail size-thumbnail\" alt=\"\" aria-describedby=\"gallery-1-18603\" srcset=\"https:\/\/luxus.ee\/wp-content\/uploads\/2012\/05\/Wellis-Palermo-12-1-150x150.jpg 150w, https:\/\/luxus.ee\/wp-content\/uploads\/2012\/05\/Wellis-Palermo-12-1-180x180.jpg 180w, https:\/\/luxus.ee\/wp-content\/uploads\/2012\/05\/Wellis-Palermo-12-1-300x300.jpg 300w, https:\/\/luxus.ee\/wp-content\/uploads\/2012\/05\/Wellis-Palermo-12-1-600x600.jpg 600w, https:\/\/luxus.ee\/wp-content\/uploads\/2012\/05\/Wellis-Palermo-12-1-120x120.jpg 120w, https:\/\/luxus.ee\/wp-content\/uploads\/2012\/05\/Wellis-Palermo-12-1-80x80.jpg 80w\" sizes=\"(max-width: 150px) 100vw, 150px\" \/><\/a>\n\t\t\t<\/div>\n\t\t\t\t<figcaption class='wp-caption-text gallery-caption' id='gallery-1-18603'>\n\t\t\t\tMinibassein Palermo deluxe\n\t\t\t\t<\/figcaption><\/figure><figure class='gallery-item'>\n\t\t\t<div class='gallery-icon landscape'>\n\t\t\t\t<a href='https:\/\/luxus.ee\/lv\/palermo-deluxe-3-2-2\/'><img loading=\"lazy\" decoding=\"async\" width=\"150\" height=\"150\" src=\"https:\/\/luxus.ee\/wp-content\/uploads\/2012\/05\/Palermo-Deluxe-3-1-150x150.jpg\" class=\"attachment-thumbnail size-thumbnail\" alt=\"\" aria-describedby=\"gallery-1-18589\" srcset=\"https:\/\/luxus.ee\/wp-content\/uploads\/2012\/05\/Palermo-Deluxe-3-1-150x150.jpg 150w, https:\/\/luxus.ee\/wp-content\/uploads\/2012\/05\/Palermo-Deluxe-3-1-180x180.jpg 180w, https:\/\/luxus.ee\/wp-content\/uploads\/2012\/05\/Palermo-Deluxe-3-1-300x300.jpg 300w, https:\/\/luxus.ee\/wp-content\/uploads\/2012\/05\/Palermo-Deluxe-3-1-600x600.jpg 600w, https:\/\/luxus.ee\/wp-content\/uploads\/2012\/05\/Palermo-Deluxe-3-1-120x120.jpg 120w, https:\/\/luxus.ee\/wp-content\/uploads\/2012\/05\/Palermo-Deluxe-3-1-80x80.jpg 80w\" sizes=\"(max-width: 150px) 100vw, 150px\" \/><\/a>\n\t\t\t<\/div>\n\t\t\t\t<figcaption class='wp-caption-text gallery-caption' id='gallery-1-18589'>\n\t\t\t\tminibassein Palermo Deluxe\n\t\t\t\t<\/figcaption><\/figure>\n\t\t<\/div>\n\n","protected":false},"excerpt":{"rendered":"<p>TEHNISKIE DATI S\u0113dvietas\u00a03 Gu\u013cvietas 2 Pa\u0161masa 300kg \u016adens ietilp\u012bba 1390l BASEINA APR\u012aKOJUMS &#8211; DELUXE Elektr\u012bbas pievads 1 x 32A \/ 3 x 16A Hidromas\u0101\u017eas d\u012bzes 47 gab. Mas\u0101\u017eas s\u016bk\u0146a jauda 2 x 3hp Cirkul\u0101cija \u2013 ener\u0123ijas pat\u0113ri\u0146\u0161 100w\/h Aeromas\u0101\u017eas d\u012bzes 10 gab. Gaisa p\u016bt\u0113js ar sild\u012b\u0161anu 1 hp UV-C \u016bdens att\u012br\u012b\u0161ana Aromterapija \u016adens sild\u012bt\u0101js 3<\/p>\n","protected":false},"author":4,"featured_media":0,"parent":0,"menu_order":0,"comment_status":"closed","ping_status":"closed","template":"","meta":{"_acf_changed":false,"footnotes":""},"acf":[],"_links":{"self":[{"href":"https:\/\/luxus.ee\/lv\/wp-json\/wp\/v2\/pages\/10433"}],"collection":[{"href":"https:\/\/luxus.ee\/lv\/wp-json\/wp\/v2\/pages"}],"about":[{"href":"https:\/\/luxus.ee\/lv\/wp-json\/wp\/v2\/types\/page"}],"author":[{"embeddable":true,"href":"https:\/\/luxus.ee\/lv\/wp-json\/wp\/v2\/users\/4"}],"replies":[{"embeddable":true,"href":"https:\/\/luxus.ee\/lv\/wp-json\/wp\/v2\/comments?post=10433"}],"version-history":[{"count":0,"href":"https:\/\/luxus.ee\/lv\/wp-json\/wp\/v2\/pages\/10433\/revisions"}],"wp:attachment":[{"href":"https:\/\/luxus.ee\/lv\/wp-json\/wp\/v2\/media?parent=10433"}],"curies":[{"name":"wp","href":"https:\/\/api.w.org\/{rel}","templated":true}]}}