{"id":10426,"date":"2017-01-06T10:35:07","date_gmt":"2017-01-06T07:35:07","guid":{"rendered":"https:\/\/luxus.ee\/?page_id=10426\/"},"modified":"2017-01-06T11:01:58","modified_gmt":"2017-01-06T08:01:58","slug":"wellis-baseini","status":"publish","type":"page","link":"https:\/\/luxus.ee\/lv\/wellis-baseini\/","title":{"rendered":"Wellis baseini"},"content":{"rendered":"<p>Wellis ra\u017eo\u0161anas procesa liel\u0101k\u0101 da\u013ca ir automatiz\u0113ta un, komplekt\u0113jot iek\u0101rtas, tiek izmantoti Eiropas ra\u017eot\u0101ju kvalitat\u012bvie materi\u0101li. Wellis izstr\u0101d\u0101jumu kl\u0101st\u0101 ietilpst baseini, vannas, tvaika<br \/>\nun infrasarkano staru pirtis utt.<\/p>\n<p>Wellis izstr\u0101d\u0101jumiem ir Eirop\u0101 atz\u012btais T\u00dcV sertifik\u0101ts !<\/p>\n<p>Kop\u0161 2008. gada O\u00dc Luxus ir Wellis baseinu p\u0101rst\u0101vis Igaunij\u0101.<\/p>\n<p>WELLIS SPA korpusam ir 5 gadu un iek\u0101rt\u0101m \u2013 2 gadu garantija !<\/p>\n<p>Jauni produkti !<\/p>\n<p>\u2192 iesp\u0113jama SPA funkciju vad\u012bba ar iPhone.<\/p>\n<p>\u2192 Cirkul\u0101cija ener\u0123ijas pat\u0113ri\u0146\u0161 100w\/h<\/p>\n<p>Pas\u016bt\u012bjumu izpildes laiks l\u012bdz 3 ned\u0113\u013c\u0101m !<\/p>\n<p>Pied\u0101v\u0101jam 11 da\u017e\u0101du izm\u0113ru mode\u013cus.<\/p>\n<p>Papildapr\u012bkojums \u2013 lab\u0101k\u0101 SPA papildapr\u012bkojuma izv\u0113le Igaunij\u0101.<br \/>\n(apskatiet pied\u0101v\u0101t\u0101 papildapr\u012bkojuma att\u0113lus lappuses beig\u0101s)<\/p>\n<div id='gallery-1' class='gallery galleryid-10426 gallery-columns-3 gallery-size-thumbnail'><figure class='gallery-item'>\n\t\t\t<div class='gallery-icon landscape'>\n\t\t\t\t<a href='https:\/\/luxus.ee\/lv\/wellis-bahama-2\/'><img loading=\"lazy\" decoding=\"async\" width=\"150\" height=\"150\" src=\"https:\/\/luxus.ee\/wp-content\/uploads\/2012\/05\/Wellis-Bahama-150x150.jpg\" class=\"attachment-thumbnail size-thumbnail\" alt=\"\" srcset=\"https:\/\/luxus.ee\/wp-content\/uploads\/2012\/05\/Wellis-Bahama-150x150.jpg 150w, https:\/\/luxus.ee\/wp-content\/uploads\/2012\/05\/Wellis-Bahama-120x120.jpg 120w\" sizes=\"(max-width: 150px) 100vw, 150px\" \/><\/a>\n\t\t\t<\/div><\/figure><figure class='gallery-item'>\n\t\t\t<div class='gallery-icon landscape'>\n\t\t\t\t<a href='https:\/\/luxus.ee\/lv\/wellis-samoa-2\/'><img loading=\"lazy\" decoding=\"async\" width=\"150\" height=\"150\" src=\"https:\/\/luxus.ee\/wp-content\/uploads\/2012\/05\/Wellis-Samoa-150x150.jpg\" class=\"attachment-thumbnail size-thumbnail\" alt=\"\" srcset=\"https:\/\/luxus.ee\/wp-content\/uploads\/2012\/05\/Wellis-Samoa-150x150.jpg 150w, https:\/\/luxus.ee\/wp-content\/uploads\/2012\/05\/Wellis-Samoa-120x120.jpg 120w\" sizes=\"(max-width: 150px) 100vw, 150px\" \/><\/a>\n\t\t\t<\/div><\/figure><figure class='gallery-item'>\n\t\t\t<div class='gallery-icon landscape'>\n\t\t\t\t<a href='https:\/\/luxus.ee\/lv\/wellis-basseinide-tehase-tootmisliin-ungaris-2\/'><img loading=\"lazy\" decoding=\"async\" width=\"150\" height=\"150\" src=\"https:\/\/luxus.ee\/wp-content\/uploads\/2012\/05\/Wellis-basseinide-tehase-tootmisliin-Ungaris-150x150.jpg\" class=\"attachment-thumbnail size-thumbnail\" alt=\"\" aria-describedby=\"gallery-1-15390\" srcset=\"https:\/\/luxus.ee\/wp-content\/uploads\/2012\/05\/Wellis-basseinide-tehase-tootmisliin-Ungaris-150x150.jpg 150w, https:\/\/luxus.ee\/wp-content\/uploads\/2012\/05\/Wellis-basseinide-tehase-tootmisliin-Ungaris-120x120.jpg 120w\" sizes=\"(max-width: 150px) 100vw, 150px\" \/><\/a>\n\t\t\t<\/div>\n\t\t\t\t<figcaption class='wp-caption-text gallery-caption' id='gallery-1-15390'>\n\t\t\t\tWellis spas production\n\t\t\t\t<\/figcaption><\/figure><figure class='gallery-item'>\n\t\t\t<div class='gallery-icon landscape'>\n\t\t\t\t<a href='https:\/\/luxus.ee\/lv\/wellis-tootmisseadmed-spade-tugevdamine-automatiseeritud-robotiga-2\/'><img loading=\"lazy\" decoding=\"async\" width=\"150\" height=\"150\" src=\"https:\/\/luxus.ee\/wp-content\/uploads\/2012\/05\/Wellis-tootmisseadmed-spade-tugevdamine-automatiseeritud-robotiga.jpg\" class=\"attachment-thumbnail size-thumbnail\" alt=\"\" aria-describedby=\"gallery-1-15383\" srcset=\"https:\/\/luxus.ee\/wp-content\/uploads\/2012\/05\/Wellis-tootmisseadmed-spade-tugevdamine-automatiseeritud-robotiga.jpg 150w, https:\/\/luxus.ee\/wp-content\/uploads\/2012\/05\/Wellis-tootmisseadmed-spade-tugevdamine-automatiseeritud-robotiga-120x120.jpg 120w\" sizes=\"(max-width: 150px) 100vw, 150px\" \/><\/a>\n\t\t\t<\/div>\n\t\t\t\t<figcaption class='wp-caption-text gallery-caption' id='gallery-1-15383'>\n\t\t\t\tWellis spas production\n\t\t\t\t<\/figcaption><\/figure><figure class='gallery-item'>\n\t\t\t<div class='gallery-icon landscape'>\n\t\t\t\t<a href='https:\/\/luxus.ee\/lv\/window-shopping-2\/'><img loading=\"lazy\" decoding=\"async\" width=\"150\" height=\"150\" src=\"https:\/\/luxus.ee\/wp-content\/uploads\/2012\/05\/Wellis-tootmisseadmed-spade-l\u00f5ikamine-automaatiseeritud-robotiga.jpg\" class=\"attachment-thumbnail size-thumbnail\" alt=\"\" aria-describedby=\"gallery-1-15376\" srcset=\"https:\/\/luxus.ee\/wp-content\/uploads\/2012\/05\/Wellis-tootmisseadmed-spade-l\u00f5ikamine-automaatiseeritud-robotiga.jpg 150w, https:\/\/luxus.ee\/wp-content\/uploads\/2012\/05\/Wellis-tootmisseadmed-spade-l\u00f5ikamine-automaatiseeritud-robotiga-120x120.jpg 120w\" sizes=\"(max-width: 150px) 100vw, 150px\" \/><\/a>\n\t\t\t<\/div>\n\t\t\t\t<figcaption class='wp-caption-text gallery-caption' id='gallery-1-15376'>\n\t\t\t\tWellis spas production\n\t\t\t\t<\/figcaption><\/figure>\n\t\t<\/div>\n\n","protected":false},"excerpt":{"rendered":"<p>Wellis ra\u017eo\u0161anas procesa liel\u0101k\u0101 da\u013ca ir automatiz\u0113ta un, komplekt\u0113jot iek\u0101rtas, tiek izmantoti Eiropas ra\u017eot\u0101ju kvalitat\u012bvie materi\u0101li. Wellis izstr\u0101d\u0101jumu kl\u0101st\u0101 ietilpst baseini, vannas, tvaika un infrasarkano staru pirtis utt. Wellis izstr\u0101d\u0101jumiem ir Eirop\u0101 atz\u012btais T\u00dcV sertifik\u0101ts ! Kop\u0161 2008. gada O\u00dc Luxus ir Wellis baseinu p\u0101rst\u0101vis Igaunij\u0101. WELLIS SPA korpusam ir 5 gadu un iek\u0101rt\u0101m \u2013<\/p>\n","protected":false},"author":4,"featured_media":15376,"parent":0,"menu_order":0,"comment_status":"closed","ping_status":"closed","template":"","meta":{"_acf_changed":false,"footnotes":""},"acf":[],"_links":{"self":[{"href":"https:\/\/luxus.ee\/lv\/wp-json\/wp\/v2\/pages\/10426"}],"collection":[{"href":"https:\/\/luxus.ee\/lv\/wp-json\/wp\/v2\/pages"}],"about":[{"href":"https:\/\/luxus.ee\/lv\/wp-json\/wp\/v2\/types\/page"}],"author":[{"embeddable":true,"href":"https:\/\/luxus.ee\/lv\/wp-json\/wp\/v2\/users\/4"}],"replies":[{"embeddable":true,"href":"https:\/\/luxus.ee\/lv\/wp-json\/wp\/v2\/comments?post=10426"}],"version-history":[{"count":0,"href":"https:\/\/luxus.ee\/lv\/wp-json\/wp\/v2\/pages\/10426\/revisions"}],"wp:featuredmedia":[{"embeddable":true,"href":"https:\/\/luxus.ee\/lv\/wp-json\/wp\/v2\/media\/15376"}],"wp:attachment":[{"href":"https:\/\/luxus.ee\/lv\/wp-json\/wp\/v2\/media?parent=10426"}],"curies":[{"name":"wp","href":"https:\/\/api.w.org\/{rel}","templated":true}]}}