{"id":6889,"date":"2013-11-04T22:26:23","date_gmt":"2013-11-04T19:26:23","guid":{"rendered":"https:\/\/luxus.ee\/?page_id=6889"},"modified":"2024-06-18T09:42:25","modified_gmt":"2024-06-18T06:42:25","slug":"allastarvikkeet","status":"publish","type":"page","link":"https:\/\/luxus.ee\/fi\/allastarvikkeet\/","title":{"rendered":"Allastarvikkeet"},"content":{"rendered":"<section class=\"wpb-content-wrapper\"><p>[vc_row][vc_column][vc_column_text]<\/p>\n<h2><strong><span class=\"hps\">Pyyd\u00e4<\/span> <span class=\"hps\">tarjous ulkopore<\/span>allas tai kylpytynnyi tarvikkeita !<\/strong><\/h2>\n<p>[\/vc_column_text][vc_empty_space height=&#8221;15px&#8221;][vc_column_text]<strong>Hinta &#8211; kysy tarjousta !<\/strong><\/p>\n<p><strong><span style=\"color: #ff0000;\">\u00a0<\/span><\/strong>[\/vc_column_text][vc_row_inner][vc_column_inner width=&#8221;1\/2&#8243;][vc_custom_heading text=&#8221;Pumput&#8221; font_container=&#8221;tag:h3|text_align:left|color:%234887cc&#8221; google_fonts=&#8221;font_family:Bitter%3Aregular%2Citalic%2C700|font_style:400%20regular%3A400%3Anormal&#8221;][vc_column_text]<strong><span style=\"text-decoration: underline;\">Hierontapumppu<\/span><\/strong><\/p>\n<p>LX 2hp\u00a0 <strong>320.- eur, <\/strong>LX 2hp\/2spd\u00a0 <strong>360.- eur, <\/strong>LX 3hp <strong>360.- eur, <\/strong>LX 3hp\/2spd\u00a0 <strong>420.-eur<\/strong><\/p>\n<p>&nbsp;<\/p>\n<p><span style=\"text-decoration: underline;\"><strong>Kiertovesi pumppu <\/strong><\/span><\/p>\n<p>LX JA50\u00a0 <strong>195.- eur<\/strong>, LX WTC50\u00a0 <strong>195.- eur<\/strong>, Laing 115w\/h\u00a0 <strong>320.- eur<\/strong><\/p>\n<p>&nbsp;<\/p>\n<p><span style=\"text-decoration: underline;\"><strong>Ilmapuhallin<\/strong><\/span><\/p>\n<p>LX400w\u00a0 <strong>199.- eur<\/strong>, LX700w esil\u00e4mmitin <strong>249.- eur<\/strong>[\/vc_column_text][\/vc_column_inner][vc_column_inner width=&#8221;1\/2&#8243;][vc_gallery type=&#8221;image_grid&#8221; images=&#8221;6724,25506,26010,26002,6725,25604&#8243; img_size=&#8221;110&#215;110&#8243; css=&#8221;.vc_custom_1572859094624{padding-bottom: 20px !important;}&#8221;][\/vc_column_inner][\/vc_row_inner][vc_separator border_width=&#8221;2&#8243;][\/vc_column][\/vc_row][vc_row][vc_column][vc_row_inner][vc_column_inner width=&#8221;1\/2&#8243;][vc_custom_heading text=&#8221;Ulkoporealtaan kansit&#8221; font_container=&#8221;tag:h3|text_align:left|color:%234887cc&#8221; google_fonts=&#8221;font_family:Bitter%3Aregular%2Citalic%2C700|font_style:400%20regular%3A400%3Anormal&#8221;][vc_column_text]8-kulmainen kylpytynnyri Octa 210cm, 6-10cm\u00a0 <strong>499eur<\/strong><br \/>\n200 x 200cm, 8-13cm\u00a0 <strong>549eur<\/strong><br \/>\n213 x 213cm, 8-13cm\u00a0 <strong>549eur<\/strong><br \/>\n220 x 220cm, 8-13cm\u00a0 <strong>599eur<\/strong><br \/>\n225 x 225cm, 8-13cm\u00a0 <strong>649eur<\/strong><br \/>\n230 x 230cm, 8-13cm\u00a0 <strong>649eur<\/strong><\/p>\n<p>Kansit kaikkille spa- ja uima-altaan br\u00e4ndille<\/p>\n<p>Uima-allas 400 x 230cm, 10-15cm\u00a0 <strong>999eur<br \/>\n<\/strong>Uima-allas 500 x 230cm, 10-15cm\u00a0 <strong>999eur<br \/>\n<\/strong>Uima-allas 600 x 230cm, 10-15cm\u00a0 <strong>1199eur<br \/>\n<\/strong>[\/vc_column_text][\/vc_column_inner][vc_column_inner width=&#8221;1\/2&#8243;][vc_gallery type=&#8221;image_grid&#8221; images=&#8221;25985&#8243; img_size=&#8221;150&#215;120&#8243; css=&#8221;.vc_custom_1572864367251{padding-bottom: 20px !important;}&#8221;][\/vc_column_inner][\/vc_row_inner][vc_separator border_width=&#8221;2&#8243;][\/vc_column][\/vc_row][vc_row][vc_column][vc_row_inner][vc_column_inner width=&#8221;1\/2&#8243;][vc_custom_heading text=&#8221;Kansi mekanismi&#8221; font_container=&#8221;tag:h3|text_align:left|color:%234887cc&#8221; google_fonts=&#8221;font_family:Bitter%3Aregular%2Citalic%2C700&#8243;][vc_column_text]Universal kansi mekanismit\u00a0 <strong>200eur<\/strong>[\/vc_column_text][\/vc_column_inner][vc_column_inner width=&#8221;1\/2&#8243;][vc_gallery type=&#8221;image_grid&#8221; images=&#8221;27631&#8243; img_size=&#8221;150&#215;120&#8243; css=&#8221;.vc_custom_1593944259032{padding-bottom: 20px !important;}&#8221;][\/vc_column_inner][\/vc_row_inner][vc_separator border_width=&#8221;2&#8243;][\/vc_column][\/vc_row][vc_row][vc_column][vc_row_inner][vc_column_inner width=&#8221;1\/2&#8243;][vc_custom_heading text=&#8221;Ulkoporealtaan suodattimet&#8221; font_container=&#8221;tag:h3|text_align:left|color:%234887cc&#8221; google_fonts=&#8221;font_family:Bitter%3Aregular%2Citalic%2C700|font_style:400%20regular%3A400%3Anormal&#8221;][vc_column_text]<\/p>\n<div class=\"wpb_text_column wpb_content_element \">\n<div class=\"wpb_wrapper\">\n<p>\u201cRibs\u201d malli suodattimet<\/p>\n<p>235 x 125mm, 2 x aukko 55mm\u00a0 \u00a0<strong>45.-<\/strong> eur<\/p>\n<\/div>\n<\/div>\n<p>[\/vc_column_text][vc_separator border_width=&#8221;2&#8243;][vc_column_text]\u201cRibs\u201d malli suodattimet<\/p>\n<p>335 x 125mm, 2 x aukko 55mm\u00a0 \u00a0<strong>45.-<\/strong>\u00a0eur[\/vc_column_text][vc_separator border_width=&#8221;2&#8243;][vc_column_text]\u201cLeaf\u201d malli suodattimet <strong>35.-<\/strong>\u00a0eur<\/p>\n<p>Mitat 340 x 125mm, karkea kierre[\/vc_column_text][vc_separator border_width=&#8221;2&#8243;][vc_column_text]\u201cRibs\u201d type suodattimet <strong>55.-<\/strong>\u00a0eur<\/p>\n<p>Mitat 340 x 125mm, karkea kierre[\/vc_column_text][vc_separator border_width=&#8221;2&#8243;][vc_column_text]\u201cRibs\u201d malli suodattimet <strong>49.-<\/strong>\u00a0eur<\/p>\n<p>Mitat 175 x 152mm, harvoin kierre[\/vc_column_text][vc_separator border_width=&#8221;2&#8243;][vc_column_text]\u201cRibs\u201d malli suodattimet <strong>49.-<\/strong>\u00a0eur<\/p>\n<p>Mitat 175 x 152mm, Karkea kierre[\/vc_column_text][\/vc_column_inner][vc_column_inner width=&#8221;1\/2&#8243;][vc_gallery type=&#8221;image_grid&#8221; images=&#8221;25705,25697,25689&#8243; img_size=&#8221;110&#215;110&#8243;][vc_gallery type=&#8221;image_grid&#8221; images=&#8221;25681,25673&#8243; img_size=&#8221;110&#215;110&#8243; css=&#8221;.vc_custom_1572866715637{padding-bottom: 20px !important;}&#8221;][vc_gallery type=&#8221;image_grid&#8221; images=&#8221;25665,25657&#8243; img_size=&#8221;110&#215;110&#8243;][\/vc_column_inner][\/vc_row_inner][vc_separator border_width=&#8221;2&#8243;][\/vc_column][\/vc_row][vc_row][vc_column][vc_row_inner][vc_column_inner width=&#8221;1\/2&#8243;][vc_custom_heading text=&#8221;Balboa ohjauspaneelit&#8221; font_container=&#8221;tag:h3|text_align:left|color:%234887cc&#8221; google_fonts=&#8221;font_family:Bitter%3Aregular%2Citalic%2C700&#8243;][vc_column_text]<span style=\"text-decoration: underline;\"><strong>Ohjauspaneelit<\/strong><\/span><\/p>\n<p>VL400, VL260<br \/>\nVL701S, VL802D<br \/>\nTP400, TP600, TP800<br \/>\nSpa touch panel<\/p>\n<p><span style=\"text-decoration: underline;\"><strong>Ohjausyksik\u00f6t<br \/>\n<\/strong><\/span>GS501, GS510, GS523<br \/>\nBP601, BP2100<\/p>\n<p><span style=\"text-decoration: underline;\"><strong>L\u00e4mmittimet<\/strong><\/span><br \/>\nBalboa 3kw l\u00e4mmitimet[\/vc_column_text][\/vc_column_inner][vc_column_inner width=&#8221;1\/2&#8243;][vc_gallery type=&#8221;image_grid&#8221; images=&#8221;26388,26404,26412,26420,26428,26436,26444,26452,26460,26468,26476,26484,26492,26500,26508,26516,26524&#8243; img_size=&#8221;110&#215;110&#8243; css=&#8221;.vc_custom_1572868021258{padding-bottom: 20px !important;}&#8221;][\/vc_column_inner][\/vc_row_inner][vc_separator border_width=&#8221;2&#8243;][\/vc_column][\/vc_row][vc_row][vc_column][vc_row_inner][vc_column_inner width=&#8221;2\/3&#8243;][vc_custom_heading text=&#8221;Suuttimet, vesiraja ledit, kylpytynnri kaminat&#8221; font_container=&#8221;tag:h3|text_align:left|color:%234887cc&#8221; google_fonts=&#8221;font_family:Bitter%3Aregular%2Citalic%2C700|font_style:400%20regular%3A400%3Anormal&#8221;][\/vc_column_inner][vc_column_inner width=&#8221;1\/3&#8243;][vc_gallery type=&#8221;image_grid&#8221; images=&#8221;9659,9660,9657,9656,9590,7730&#8243; img_size=&#8221;110&#215;110&#8243; css=&#8221;.vc_custom_1485277331207{padding-bottom: 20px !important;}&#8221;][\/vc_column_inner][\/vc_row_inner][vc_separator border_width=&#8221;2&#8243;][\/vc_column][\/vc_row][vc_row][vc_column][vc_row_inner][vc_column_inner width=&#8221;2\/3&#8243;][vc_custom_heading text=&#8221;Spa kansi diameter 4950mm.&#8221; font_container=&#8221;tag:h3|text_align:left|color:%234887cc&#8221; google_fonts=&#8221;font_family:Bitter%3Aregular%2Citalic%2C700|font_style:400%20regular%3A400%3Anormal&#8221;][\/vc_column_inner][vc_column_inner width=&#8221;1\/3&#8243;][vc_gallery type=&#8221;image_grid&#8221; images=&#8221;9563,7527&#8243; img_size=&#8221;110&#215;110&#8243; css=&#8221;.vc_custom_1481182366250{padding-bottom: 20px !important;}&#8221;][\/vc_column_inner][\/vc_row_inner][vc_separator border_width=&#8221;2&#8243;][\/vc_column][\/vc_row][vc_row][vc_column][vc_row_inner][vc_column_inner width=&#8221;2\/3&#8243;][vc_custom_heading text=&#8221;Ulkoporealtaan lasi kansit&#8221; font_container=&#8221;tag:h3|text_align:left|color:%234887cc&#8221; google_fonts=&#8221;font_family:Bitter%3Aregular%2Citalic%2C700|font_style:400%20regular%3A400%3Anormal&#8221;][vc_column_text]Rentoudu viherhuone suojaa sinua ja vieraat eritt\u00e4in ep\u00e4vakaita Suomen s\u00e4\u00e4oloista ja ulottuu lyhyen ajan kes\u00e4ll\u00e4 puutarha puolueiden ja grillaus nautintoa.<\/p>\n<p>Pituus : 7 &#8211; 12m.<br \/>\n<span class=\"hps\">Leveys <\/span>: <span class=\"hps\">4 &#8211;<\/span> <span class=\"hps\">7<\/span> <span class=\"hps\">m.<\/span><br \/>\n<span class=\"hps\">Korkeus <\/span>:\u00a0 <span class=\"hps\">2,2<\/span> <span class=\"hps\">&#8211;<\/span> <span class=\"hps\">2,6<\/span>.<span class=\"hps atn\">m<\/span>[\/vc_column_text][\/vc_column_inner][vc_column_inner width=&#8221;1\/3&#8243;][vc_gallery type=&#8221;image_grid&#8221; images=&#8221;6640&#8243; img_size=&#8221;320&#215;120&#8243; css=&#8221;.vc_custom_1481182435279{padding-bottom: 20px !important;}&#8221;][\/vc_column_inner][\/vc_row_inner][vc_separator border_width=&#8221;2&#8243;][\/vc_column][\/vc_row][vc_row][vc_column][vc_row_inner][vc_column_inner width=&#8221;2\/3&#8243;][vc_custom_heading text=&#8221;Allashuone Relax kate mitat 7 x 12m.&#8221; font_container=&#8221;tag:h3|text_align:left|color:%234887cc&#8221; google_fonts=&#8221;font_family:Bitter%3Aregular%2Citalic%2C700|font_style:400%20regular%3A400%3Anormal&#8221;][\/vc_column_inner][vc_column_inner width=&#8221;1\/3&#8243;][vc_gallery type=&#8221;image_grid&#8221; images=&#8221;7529&#8243; img_size=&#8221;320&#215;120&#8243; css=&#8221;.vc_custom_1481182567295{padding-bottom: 20px !important;}&#8221;][\/vc_column_inner][\/vc_row_inner][vc_separator border_width=&#8221;2&#8243;][\/vc_column][\/vc_row][vc_row][vc_column][vc_row_inner][vc_column_inner width=&#8221;2\/3&#8243;][vc_custom_heading text=&#8221;Allashoune \u2013 Thermo&#8221; font_container=&#8221;tag:h3|text_align:left|color:%234887cc&#8221; google_fonts=&#8221;font_family:Bitter%3Aregular%2Citalic%2C700|font_style:400%20regular%3A400%3Anormal&#8221;][\/vc_column_inner][vc_column_inner width=&#8221;1\/3&#8243;][vc_gallery type=&#8221;image_grid&#8221; images=&#8221;7534&#8243; img_size=&#8221;320&#215;120&#8243; css=&#8221;.vc_custom_1481182610324{padding-bottom: 20px !important;}&#8221;][\/vc_column_inner][\/vc_row_inner][vc_separator border_width=&#8221;2&#8243;][\/vc_column][\/vc_row][vc_row][vc_column][vc_row_inner][vc_column_inner width=&#8221;2\/3&#8243;][vc_custom_heading text=&#8221;Allashoune &#8211; Super&#8221; font_container=&#8221;tag:h3|text_align:left|color:%234887cc&#8221; google_fonts=&#8221;font_family:Bitter%3Aregular%2Citalic%2C700|font_style:400%20regular%3A400%3Anormal&#8221;][\/vc_column_inner][vc_column_inner width=&#8221;1\/3&#8243;][vc_gallery type=&#8221;image_grid&#8221; images=&#8221;6780&#8243; img_size=&#8221;320&#215;120&#8243; css=&#8221;.vc_custom_1486854684735{padding-bottom: 20px !important;}&#8221;][\/vc_column_inner][\/vc_row_inner][vc_separator border_width=&#8221;2&#8243;][\/vc_column][\/vc_row][vc_row][vc_column][vc_row_inner][vc_column_inner width=&#8221;2\/3&#8243;][vc_custom_heading text=&#8221;Allashoune \u2013 Superpluss&#8221; font_container=&#8221;tag:h3|text_align:left|color:%234887cc&#8221; google_fonts=&#8221;font_family:Bitter%3Aregular%2Citalic%2C700|font_style:400%20regular%3A400%3Anormal&#8221;][\/vc_column_inner][vc_column_inner width=&#8221;1\/3&#8243;][vc_gallery type=&#8221;image_grid&#8221; images=&#8221;6668&#8243; img_size=&#8221;320&#215;120&#8243;][\/vc_column_inner][\/vc_row_inner][vc_separator border_width=&#8221;2&#8243;][\/vc_column][\/vc_row][vc_row][vc_column][vc_row_inner][vc_column_inner width=&#8221;2\/3&#8243;][vc_custom_heading text=&#8221;Terrassihoune \u2013 Balkon&#8221; font_container=&#8221;tag:h3|text_align:left|color:%234887cc&#8221; google_fonts=&#8221;font_family:Bitter%3Aregular%2Citalic%2C700|font_style:400%20regular%3A400%3Anormal&#8221;][\/vc_column_inner][vc_column_inner width=&#8221;1\/3&#8243;][vc_gallery type=&#8221;image_grid&#8221; images=&#8221;7533&#8243; img_size=&#8221;320&#215;120&#8243;][\/vc_column_inner][\/vc_row_inner][\/vc_column][\/vc_row]<\/p>\n<\/section>","protected":false},"excerpt":{"rendered":"<p>[vc_row][vc_column][vc_column_text] Pyyd\u00e4 tarjous ulkoporeallas tai kylpytynnyi tarvikkeita ! [\/vc_column_text][vc_empty_space height=&#8221;15px&#8221;][vc_column_text]Hinta &#8211; kysy tarjousta ! \u00a0[\/vc_column_text][vc_row_inner][vc_column_inner width=&#8221;1\/2&#8243;][vc_custom_heading text=&#8221;Pumput&#8221; font_container=&#8221;tag:h3|text_align:left|color:%234887cc&#8221; google_fonts=&#8221;font_family:Bitter%3Aregular%2Citalic%2C700|font_style:400%20regular%3A400%3Anormal&#8221;][vc_column_text]Hierontapumppu LX 2hp\u00a0 320.- eur, LX 2hp\/2spd\u00a0 360.- eur, LX 3hp 360.- eur, LX 3hp\/2spd\u00a0 420.-eur &nbsp; Kiertovesi pumppu LX JA50\u00a0 195.- eur, LX WTC50\u00a0 195.- eur, Laing 115w\/h\u00a0 320.- eur &nbsp; Ilmapuhallin LX400w\u00a0 199.- eur, LX700w<\/p>\n","protected":false},"author":1,"featured_media":11841,"parent":0,"menu_order":0,"comment_status":"closed","ping_status":"closed","template":"","meta":{"_acf_changed":false,"footnotes":""},"acf":[],"_links":{"self":[{"href":"https:\/\/luxus.ee\/fi\/wp-json\/wp\/v2\/pages\/6889"}],"collection":[{"href":"https:\/\/luxus.ee\/fi\/wp-json\/wp\/v2\/pages"}],"about":[{"href":"https:\/\/luxus.ee\/fi\/wp-json\/wp\/v2\/types\/page"}],"author":[{"embeddable":true,"href":"https:\/\/luxus.ee\/fi\/wp-json\/wp\/v2\/users\/1"}],"replies":[{"embeddable":true,"href":"https:\/\/luxus.ee\/fi\/wp-json\/wp\/v2\/comments?post=6889"}],"version-history":[{"count":0,"href":"https:\/\/luxus.ee\/fi\/wp-json\/wp\/v2\/pages\/6889\/revisions"}],"wp:featuredmedia":[{"embeddable":true,"href":"https:\/\/luxus.ee\/fi\/wp-json\/wp\/v2\/media\/11841"}],"wp:attachment":[{"href":"https:\/\/luxus.ee\/fi\/wp-json\/wp\/v2\/media?parent=6889"}],"curies":[{"name":"wp","href":"https:\/\/api.w.org\/{rel}","templated":true}]}}