{"id":1361,"date":"2011-10-17T19:15:51","date_gmt":"2011-10-17T16:15:51","guid":{"rendered":"https:\/\/luxus.ee\/?page_id=1361"},"modified":"2024-01-17T12:30:44","modified_gmt":"2024-01-17T09:30:44","slug":"kylpytynnyri","status":"publish","type":"page","link":"https:\/\/luxus.ee\/fi\/kylpytynnyri\/","title":{"rendered":"Kylpytynnyri"},"content":{"rendered":"<section class=\"wpb-content-wrapper\"><p>[vc_row][vc_column width=&#8221;2\/3&#8243;][vc_custom_heading text=&#8221;Akryyli kylpytynnyri Octa&#8221; font_container=&#8221;tag:h3|text_align:left|color:%23000000&#8243; google_fonts=&#8221;font_family:Bitter%3Aregular%2Citalic%2C700|font_style:400%20regular%3A400%3Anormal&#8221;][vc_separator][vc_btn title=&#8221;Katso kylpytynnyri hinta&#8221; style=&#8221;3d&#8221; color=&#8221;sky&#8221; link=&#8221;url:http%3A%2F%2Fluxus.ee%2Ffi%2Fkylpytynnyri-hinta%2F|||&#8221;][vc_separator][vc_column_text]<\/p>\n<h2><span style=\"color: #ff0000;\"><strong>Akryyli v\u00e4rit 2024<\/strong><\/span><\/h2>\n<p>[\/vc_column_text][vc_gallery type=&#8221;image_grid&#8221; images=&#8221;25284,25308,25316&#8243;][vc_column_text]<strong>Uusi akryyli v\u00e4ri <span style=\"text-decoration: underline;\"><em>Winter-solstice<\/em><\/span>\u00a0<\/strong>[\/vc_column_text][vc_gallery type=&#8221;image_grid&#8221; images=&#8221;27585&#8243;][vc_empty_space height=&#8221;20px&#8221;][vc_column_text]<\/p>\n<h4>\u00a0<strong>Ainutlaatuisia antibakteerinen akryylirungon s\u00e4vyj\u00e4<\/strong><\/h4>\n<p>&nbsp;<\/p>\n<p>8-kulmainen kylpytynnyri, ulkohalkaisija 209cm, sis\u00e4halkaisija 175cm, syvyys 91cm, korkeus<br \/>\nmaanpinnasta alustoineen 103cm, tilavuus 1000l,\u00a0<span style=\"color: #ff0000;\"><strong><em><u>Virolainen tuote!<\/u><\/em><\/strong><\/span><\/p>\n<p><strong><u>Kylpytynnyri<\/u><\/strong> \u2013 valmistettu ylellisest\u00e4 Perspex akryylist\u00e4 (USA)<\/p>\n<p><strong><u>V\u00e4ris\u00e4vyt<\/u><\/strong><u><\/u> &#8211; Lumi-valkoinen, Alba (pearl-white), Sterling-silver, Tuscan-sun, Winter-solstice.<\/p>\n<p><strong><u>Valmistusmenetelm\u00e4n\u00e4 tyhji\u00f6muovaus<\/u><\/strong> \u2013 k\u00e4yt\u00e4mme arvokasta antibakteerikerroksella varustettua laatus\u00e4vyist\u00e4<br \/>\nsaniteettia Perspex -akryyli\u00e4, joka on kehitetty k\u00e4ytett\u00e4v\u00e4ksi juuri ulkotiloissa.<\/p>\n<p><strong><u>Kylpytynnyri<\/u><\/strong>\u00a0\u2013 on tarkoitettu 4-6 henkil\u00f6lle.<\/p>\n<p><strong><u>V\u00e4himm\u00e4istoimitus<\/u><\/strong> \u2013 akryylirunko\u00a0<em><span style=\"text-decoration: underline;\">maalatulla<\/span><\/em>\u00a0tai\u00a0<span style=\"text-decoration: underline;\"><em>sinkkity<\/em><\/span>\u00a0tukikehyksell\u00e4.<\/p>\n<p>&nbsp;<\/p>\n<p><strong><u>Lis\u00e4varusteet<\/u><\/strong><\/p>\n<p><strong><u>Kylpytynnyrin l\u00e4mp\u00f6kansi<\/u><\/strong><strong>\u00a0<\/strong>\u2013\u00a0L\u00e4mp\u00f6kannen ansiosta tynnyrin l\u00e4mmitys on nopeampaa, se suojaa tynnyrin altaanosaa<br \/>\nlumi- ja vesisateilta ja mahdolliselta lialta. Kannen peite on keskelt\u00e4 molempiin puoliin ulosp\u00e4in taittuva ja vett\u00e4hylkiv\u00e4,<br \/>\njoten se on my\u00f6s pitk\u00e4ik\u00e4inen. L\u00e4mp\u00f6kansi kest\u00e4\u00e4 &#8211; 30 astetta pakkasta ja 50 astetta l\u00e4mp\u00f6\u00e4, lis\u00e4ksi se on homeen<br \/>\nkest\u00e4v\u00e4. Kannellinen kylpytynnyri on turvallinen my\u00f6s lapsiperheille.<\/p>\n<p>&nbsp;<\/p>\n<p><strong><u>Ulkopaneelit<\/u><\/strong><br \/>\n1. Huoltovapaata harmaa tai ruskeaa muovia ja luonnonlepp\u00e4lautaa.<\/p>\n<p><strong><u>Kylpytynnyri eristys<\/u><\/strong>\u00a0\u2013 tarjoamme 2 eri tyyppi\u00e4 eristyst\u00e4, tehokas polyuretaanivaahto (2-4 cm kerros vastaa<br \/>\n10cm EPS peno eristykseen) nopeuttaa altaan veden l\u00e4mmitt\u00e4mist\u00e4 ja s\u00e4ilytt\u00e4\u00e4 l\u00e4mp\u00f6tilan pitemp\u00e4\u00e4n k\u00e4yt\u00f6n<br \/>\naikana, antaa l\u00e4mmitysprosessin aikana l\u00e4mp\u00f6kannen k\u00e4yt\u00f6ss\u00e4 jopa 50% aikas\u00e4\u00e4st\u00f6n. L\u00e4mmitysaika on l\u00e4mmitys<br \/>\nasteesta riippuen noin 2 tuntia. Lis\u00e4ksi voidaan l\u00e4mmitt\u00e4\u00e4 ulkopaneelit (ainoastaan puuverhoisille).<\/p>\n<p>&nbsp;<\/p>\n<p><strong><u>Merialumiininen ulkokamiina<\/u><\/strong>\u00a0&#8211; toimitukseen kuuluu merialumiininen ulkopuolinen kamiina. Alumiinikamiinan<br \/>\nelinik\u00e4 on rst-kamiinaa pidempi. Kamiinat on valmistettu merivett\u00e4 kest\u00e4v\u00e4st\u00e4 alumiiniseoksesta. Materiaalin paksuus<br \/>\non 3mm, joka on normaalia rst-kamiinaa kaksi kertaa suurempi. Alumiinikamiina on my\u00f6s 30% kevyempi.<\/p>\n<p><strong><span style=\"text-decoration: underline;\">Vaihtoehdot<\/span><\/strong> &#8211; Py\u00f6re\u00e4 kamiina, jossa 1 tulo- ja 1 paluuputki.<\/p>\n<p>&nbsp;<\/p>\n<p><strong><u>Extra lis\u00e4tarvikkeet<\/u><\/strong> \u2013 ekstra Led valaistus vedenrajalla, porej\u00e4rjestelm\u00e4 ilma- ja vesihieronnalla,<br \/>\n1 x 16A virtasulake liitin, <span style=\"color: #ff0000;\"><strong>Uusi \u2013 Bluetooth-musiikkij\u00e4rjestelm\u00e4.<\/strong><\/span><\/p>\n<div class=\"entry-content\"><\/div>\n<p>[\/vc_column_text][vc_empty_space height=&#8221;10px&#8221;][\/vc_column][vc_column width=&#8221;1\/3&#8243;][vc_gallery type=&#8221;image_grid&#8221; images=&#8221;27823,27758,27750,12251,12258,11855,11853,11861,11840,27877,25588,25612,25885,25620,11835,11837,11838,11865,11849,11864,11863,11857,11859,11856,11841,11842,11858,25604,25628,25636,25596,25554,26113,26121,27766&#8243; img_size=&#8221;110&#215;110&#8243; el_class=&#8221;wpb_gallery&#8211;first-nine&#8221;][\/vc_column][\/vc_row][vc_row][vc_column][vc_separator border_width=&#8221;2&#8243;][vc_empty_space height=&#8221;10px&#8221;][vc_custom_heading text=&#8221;Sis\u00e4-poreallas Octa 209 x 103cm&#8221; font_container=&#8221;tag:h3|text_align:left|color:%234887cc&#8221; google_fonts=&#8221;font_family:Bitter%3Aregular%2Citalic%2C700|font_style:400%20regular%3A400%3Anormal&#8221;][vc_column_text]<\/p>\n<h4><strong>Sis\u00e4-poreallas Octa 209 x 103cm<\/strong><\/h4>\n<p>Akryyli allas + tukikehys, s\u00e4hk\u00f6liit\u00e4nt\u00e4 1 x 16A, vesisuuttimet 11 +3 kpl + hierontapumppu 2hp, led, pneumaatinen ohjaus.<\/p>\n<p><strong>Hinta<span style=\"color: #ff0000;\"> 2990.-<\/span>\u00a0eur<\/strong><\/p>\n<p><strong>Lis\u00e4varusteet\u00a0:<\/strong> ilmasuuttimet, paneelit, kansi.[\/vc_column_text][vc_separator border_width=&#8221;2&#8243;][\/vc_column][\/vc_row][vc_row][vc_column width=&#8221;2\/3&#8243;][vc_empty_space height=&#8221;20px&#8221;][vc_custom_heading text=&#8221;Uusi \u2013 Kylpytynnyri per\u00e4k\u00e4rry&#8221; font_container=&#8221;tag:h3|text_align:left|color:%23ce340e&#8221; google_fonts=&#8221;font_family:Bitter%3Aregular%2Citalic%2C700|font_style:400%20regular%3A400%3Anormal&#8221;][vc_column_text]<\/p>\n<h4><strong><u>Sis\u00e4lt\u00e4\u00e4<\/u><\/strong>\u00a0: vapaa valinta akryyli allas v\u00e4ri + tukikehys, merialumiini kamina, 400w<br \/>\nilmapuhallin 8 suuttimet, vesiraja ledit, paneelit, paneelit ja paneeli eristys, kansi, pneumaattinen ohjaus.<\/h4>\n<p><strong><u>Lis\u00e4varusteet<\/u><\/strong> : PU eristys, vesisuuttimet 3 + 11 hierontapumppu 2hp, bluetooth audio.[\/vc_column_text][\/vc_column][vc_column width=&#8221;1\/3&#8243;][vc_gallery type=&#8221;image_grid&#8221; images=&#8221;12536,12537,12535,12534,12533,12532&#8243; img_size=&#8221;110&#215;110&#8243;][\/vc_column][vc_column][vc_separator border_width=&#8221;2&#8243;][\/vc_column][\/vc_row][vc_row][vc_column][vc_empty_space][vc_column_text]<strong>Mik\u00e4 on Lucite akryyli\u00e4 altaan\u00a0 edut puusta Kylpytynnyrin suhteen ?<\/strong><\/p>\n<p>1. \u00a0T\u00e4rkein etu on kest\u00e4v\u00e4 ja vakaa pinnan materiaali, auringon ja muiden s\u00e4\u00e4olosuhteiden osalta, puuta tunnissa verrattuna. Akryyl kylpytynnyrin<br \/>\npinnoite on mukavan sile\u00e4 ja sis\u00e4lt\u00e4 py\u00f6re\u00e4viivainen\u00a0 ja ihmisilleen sis\u00e4lt\u00e4 mukavilla istuimilla.<\/p>\n<p>2.\u00a0 Kylpytynnyrin antibakteerinen akryyli\u00e4 sis\u00e4pinta ei anna levill\u00e4 ja liasta kiinnitty\u00e4 altaan sein\u00e4miin ja osoita my\u00f6s kent\u00e4n ansiosta sinisen v\u00e4rin pilaantuneet vett\u00e4. allas pilaantua prosessi on hitaampi kuin puuta tunnissa. Ei ole v\u00e4lit, halkiot ja halkeamat, jotka ker\u00e4\u00e4v\u00e4t likaa. Ei huoltojen kotelon yli voitelun ty\u00f6kustannukset tarve.<\/p>\n<p>3.\u00a0 Akryyli\u00e4\u00a0kylpytynnyrin ei tarvitse kev\u00e4\u00e4ll\u00e4 uudelleen toimintakuntoon asettamalla vitsat kirist\u00e4mist\u00e4 ja mink\u00e4\u00e4nlaista veepidamatuse ongelma kuten puun tynnyrin kanssa.<\/p>\n<p>4.\u00a0 Akryyli\u00e4\u00a0kylpytynnyri on helppo asentaa, kun etuk\u00e4teen on valmistettu metallista ja vakaa pohjalevy tukikehys pit\u00e4\u00e4 altaan oikein seisomaan. Tukikehykseen suoratukipuut\u00a0 kiinni on helppo asentaa sivuja suojavaa.<\/p>\n<p>5.\u00a0 Akryyli\u00e4\u00a0kylpytynnyri voidaan asentaa hieronnan ja muut varusteet l\u00e4pi altaan seinien ja pohjan niin, ett\u00e4 altaan varusteet j\u00e4\u00e4 tyhj\u00e4tila alle ja paneelin taakse piiloon.<\/p>\n<p>6.\u00a0 Akryyli\u00e4\u00a0kylpytynnyri on helppo puhdistaa eik\u00e4 hiovien ja kemiallisesti eik\u00e4 v\u00e4kevien nestem\u00e4isten pesuaineiden kanssa.<\/p>\n<p>7.\u00a0 Halutessaan voidaan\u00a0kylpytynnyri l\u00e4mmitt\u00e4 halkoilla kun\u00a0 hankitaan siihen lis\u00e4varusteet[\/vc_column_text][\/vc_column][\/vc_row][vc_row][vc_column][\/vc_column][\/vc_row]<\/p>\n<\/section>","protected":false},"excerpt":{"rendered":"<p>[vc_row][vc_column width=&#8221;2\/3&#8243;][vc_custom_heading text=&#8221;Akryyli kylpytynnyri Octa&#8221; font_container=&#8221;tag:h3|text_align:left|color:%23000000&#8243; google_fonts=&#8221;font_family:Bitter%3Aregular%2Citalic%2C700|font_style:400%20regular%3A400%3Anormal&#8221;][vc_separator][vc_btn title=&#8221;Katso kylpytynnyri hinta&#8221; style=&#8221;3d&#8221; color=&#8221;sky&#8221; link=&#8221;url:http%3A%2F%2Fluxus.ee%2Ffi%2Fkylpytynnyri-hinta%2F|||&#8221;][vc_separator][vc_column_text] Akryyli v\u00e4rit 2024 [\/vc_column_text][vc_gallery type=&#8221;image_grid&#8221; images=&#8221;25284,25308,25316&#8243;][vc_column_text]Uusi akryyli v\u00e4ri Winter-solstice\u00a0[\/vc_column_text][vc_gallery type=&#8221;image_grid&#8221; images=&#8221;27585&#8243;][vc_empty_space height=&#8221;20px&#8221;][vc_column_text] \u00a0Ainutlaatuisia antibakteerinen akryylirungon s\u00e4vyj\u00e4 &nbsp; 8-kulmainen kylpytynnyri, ulkohalkaisija 209cm, sis\u00e4halkaisija 175cm, syvyys 91cm, korkeus maanpinnasta alustoineen 103cm, tilavuus 1000l,\u00a0Virolainen tuote! Kylpytynnyri \u2013 valmistettu ylellisest\u00e4 Perspex akryylist\u00e4 (USA) V\u00e4ris\u00e4vyt &#8211; Lumi-valkoinen,<\/p>\n","protected":false},"author":1,"featured_media":19995,"parent":0,"menu_order":0,"comment_status":"closed","ping_status":"closed","template":"","meta":{"_acf_changed":false,"footnotes":""},"acf":[],"_links":{"self":[{"href":"https:\/\/luxus.ee\/fi\/wp-json\/wp\/v2\/pages\/1361"}],"collection":[{"href":"https:\/\/luxus.ee\/fi\/wp-json\/wp\/v2\/pages"}],"about":[{"href":"https:\/\/luxus.ee\/fi\/wp-json\/wp\/v2\/types\/page"}],"author":[{"embeddable":true,"href":"https:\/\/luxus.ee\/fi\/wp-json\/wp\/v2\/users\/1"}],"replies":[{"embeddable":true,"href":"https:\/\/luxus.ee\/fi\/wp-json\/wp\/v2\/comments?post=1361"}],"version-history":[{"count":0,"href":"https:\/\/luxus.ee\/fi\/wp-json\/wp\/v2\/pages\/1361\/revisions"}],"wp:featuredmedia":[{"embeddable":true,"href":"https:\/\/luxus.ee\/fi\/wp-json\/wp\/v2\/media\/19995"}],"wp:attachment":[{"href":"https:\/\/luxus.ee\/fi\/wp-json\/wp\/v2\/media?parent=1361"}],"curies":[{"name":"wp","href":"https:\/\/api.w.org\/{rel}","templated":true}]}}