{"id":1301,"date":"2011-12-17T15:13:37","date_gmt":"2011-12-17T12:13:37","guid":{"rendered":"https:\/\/luxus.ee\/?page_id=1301"},"modified":"2024-04-24T18:22:11","modified_gmt":"2024-04-24T15:22:11","slug":"tarjoukset","status":"publish","type":"page","link":"https:\/\/luxus.ee\/fi\/tarjoukset\/","title":{"rendered":"Edulliset tarjoukset"},"content":{"rendered":"<section class=\"wpb-content-wrapper\"><p>[vc_row][vc_column][vc_row_inner][vc_column_inner width=&#8221;2\/3&#8243;][vc_column_text]<strong>You tube video<\/strong> &#8211; <a href=\"http:\/\/www.youtube.com\/watch?v=fXVofbmvEO4&amp;feature=youtu.be\">http:\/\/www.youtube.com\/watch?v=fXVofbmvEO4&amp;feature=youtu.be<\/a><\/p>\n<p><strong>You tube video<\/strong> &#8211; <a href=\"http:\/\/www.youtube.com\/watch?v=0l8E4RQpWFk&amp;feature=relmfu\">http:\/\/www.youtube.com\/watch?v=0l8E4RQpWFk&amp;feature=relmfu<\/a>[\/vc_column_text][\/vc_column_inner][\/vc_row_inner][vc_separator border_width=&#8221;2&#8243;][\/vc_column][\/vc_row][vc_row][vc_column][vc_row_inner][vc_column_inner width=&#8221;2\/3&#8243;][vc_custom_heading text=&#8221;Luxus Ulkoporeallas Diamant&#8221; font_container=&#8221;tag:h3|text_align:left|color:%23000000&#8243; google_fonts=&#8221;font_family:Bitter%3Aregular%2Citalic%2C700|font_style:400%20regular%3A400%3Anormal&#8221;][vc_column_text]<\/p>\n<h4>Mitat 213 x 213 x 92cm<\/h4>\n<h4><strong><span style=\"color: #000000;\">Hinta <del>7999<\/del>.- eur\u00a0 \u00a0\u21d2 \u00a0 \u00a0<span style=\"color: #ff0000;\">6499.-<\/span> eur<\/span><\/strong><\/h4>\n<p>&nbsp;<\/p>\n<h4><strong>Sterling-silver tai Pearl-white akryyli<\/strong><\/h4>\n<p>&nbsp;<\/p>\n<h3><\/h3>\n<h4><\/h4>\n<h5><\/h5>\n<h3><\/h3>\n<p>[\/vc_column_text][vc_btn title=&#8221;Katso tarjousta&#8221; style=&#8221;3d&#8221; color=&#8221;sky&#8221; link=&#8221;url:https%3A%2F%2Fwww.luxus.ee%2Ffi%2Fulkoporeallas-diamant-tarjous%2F|title:Luxus%20ulkoporeallas%20Diamant%20tarjous||&#8221;][vc_empty_space height=&#8221;20px&#8221;][\/vc_column_inner][vc_column_inner width=&#8221;1\/3&#8243;][vc_gallery type=&#8221;image_grid&#8221; images=&#8221;28117&#8243; img_size=&#8221;160&#215;160&#8243;][\/vc_column_inner][\/vc_row_inner][vc_separator border_width=&#8221;2&#8243;][\/vc_column][\/vc_row][vc_row][vc_column width=&#8221;2\/3&#8243;][vc_row_inner][vc_column_inner][vc_custom_heading text=&#8221;Sis\u00e4-poreallas Octa 209 x 103cm&#8221; font_container=&#8221;tag:h3|text_align:left|color:%23000000&#8243; google_fonts=&#8221;font_family:Bitter%3Aregular%2Citalic%2C700|font_style:400%20regular%3A400%3Anormal&#8221;][vc_column_text]<\/p>\n<h4><strong>Sis\u00e4-poreallas Octa 209 x 103cm<\/strong><\/h4>\n<p>Akryyli allas + tukikehys, s\u00e4hk\u00f6liit\u00e4nt\u00e4 1 x 16A, vesisuuttimet 11 +3 kpl + hierontapumppu 2hp, led, pneumaatinen ohjaus.<\/p>\n<p><strong>Hinta<span style=\"color: #ff0000;\"> 2990.-<\/span>\u00a0eur<br \/>\n<\/strong>(sis\u00e4lt\u00e4\u00e4 vero 20%)<strong><br \/>\n<\/strong><\/p>\n<p><strong>Lis\u00e4varusteet\u00a0:<\/strong> ilmasuuttimet, paneelit, kansi.[\/vc_column_text][\/vc_column_inner][\/vc_row_inner][\/vc_column][vc_column width=&#8221;1\/3&#8243;][vc_gallery type=&#8221;image_grid&#8221; images=&#8221;27233&#8243;][\/vc_column][\/vc_row][vc_row][vc_column][vc_separator border_width=&#8221;2&#8243;][vc_row_inner][vc_column_inner width=&#8221;2\/3&#8243;][vc_custom_heading text=&#8221;Ainutlaatuinen kylpytynnyri skandinavia&#8221; font_container=&#8221;tag:h3|text_align:left|color:%23000000&#8243; google_fonts=&#8221;font_family:Bitter%3Aregular%2Citalic%2C700|font_style:400%20regular%3A400%3Anormal&#8221;][vc_column_text]<\/p>\n<h3><\/h3>\n<h4><strong>A<span class=\"hps\">ntibakteerinen Perspex akryyli !<\/span><\/strong><\/h4>\n<p>&nbsp;<\/p>\n<h4><strong><span style=\"color: #ff0000;\">Super tarjous<\/span>\u00a0<span style=\"color: #ff0000;\">\u21d2<br \/>\n<\/span><\/strong><\/h4>\n<p>&nbsp;<\/p>\n<h4><strong>1. Sterling-silver Akryyli kotelo <span style=\"color: #ff0000;\">1199.-<\/span> + sinkkity runko <span style=\"color: #ff0000;\">299.-<\/span>\u00a0+ kamina <span style=\"color: #ff0000;\">549.-<\/span><\/strong><\/h4>\n<p>&nbsp;<\/p>\n<h4><strong><span style=\"color: #000000;\">Terrassi paketti hinta <span style=\"color: #ff0000;\">2047.-<\/span> eur\u00a0 \u00a0 \ud83d\ude06\u00a0<\/span><\/strong><\/h4>\n<p>[\/vc_column_text][vc_column_text]<\/p>\n<h4><\/h4>\n<h4><\/h4>\n<p>[\/vc_column_text][vc_empty_space height=&#8221;20px&#8221;][vc_btn title=&#8221;KYLPYTYNNYRI HINTA&#8221; style=&#8221;3d&#8221; color=&#8221;sky&#8221; size=&#8221;sm&#8221; link=&#8221;url:https%3A%2F%2Fluxus.ee%2Ffi%2Fkylpytynnyri-hinta%2F|||&#8221;][vc_empty_space height=&#8221;20px&#8221;][\/vc_column_inner][vc_column_inner width=&#8221;1\/3&#8243;][vc_gallery type=&#8221;image_grid&#8221; images=&#8221;9259&#8243;][\/vc_column_inner][\/vc_row_inner][\/vc_column][\/vc_row][vc_row][vc_column][vc_separator border_width=&#8221;2&#8243;][\/vc_column][\/vc_row][vc_row][vc_column][vc_separator border_width=&#8221;2&#8243;][\/vc_column][\/vc_row]<\/p>\n<\/section>","protected":false},"excerpt":{"rendered":"<p>[vc_row][vc_column][vc_row_inner][vc_column_inner width=&#8221;2\/3&#8243;][vc_column_text]You tube video &#8211; http:\/\/www.youtube.com\/watch?v=fXVofbmvEO4&amp;feature=youtu.be You tube video &#8211; http:\/\/www.youtube.com\/watch?v=0l8E4RQpWFk&amp;feature=relmfu[\/vc_column_text][\/vc_column_inner][\/vc_row_inner][vc_separator border_width=&#8221;2&#8243;][\/vc_column][\/vc_row][vc_row][vc_column][vc_row_inner][vc_column_inner width=&#8221;2\/3&#8243;][vc_custom_heading text=&#8221;Luxus Ulkoporeallas Diamant&#8221; font_container=&#8221;tag:h3|text_align:left|color:%23000000&#8243; google_fonts=&#8221;font_family:Bitter%3Aregular%2Citalic%2C700|font_style:400%20regular%3A400%3Anormal&#8221;][vc_column_text] Mitat 213 x 213 x 92cm Hinta 7999.- eur\u00a0 \u00a0\u21d2 \u00a0 \u00a06499.- eur &nbsp; Sterling-silver tai Pearl-white akryyli &nbsp; [\/vc_column_text][vc_btn title=&#8221;Katso tarjousta&#8221; style=&#8221;3d&#8221; color=&#8221;sky&#8221; link=&#8221;url:https%3A%2F%2Fwww.luxus.ee%2Ffi%2Fulkoporeallas-diamant-tarjous%2F|title:Luxus%20ulkoporeallas%20Diamant%20tarjous||&#8221;][vc_empty_space height=&#8221;20px&#8221;][\/vc_column_inner][vc_column_inner width=&#8221;1\/3&#8243;][vc_gallery type=&#8221;image_grid&#8221; images=&#8221;28117&#8243; img_size=&#8221;160&#215;160&#8243;][\/vc_column_inner][\/vc_row_inner][vc_separator border_width=&#8221;2&#8243;][\/vc_column][\/vc_row][vc_row][vc_column width=&#8221;2\/3&#8243;][vc_row_inner][vc_column_inner][vc_custom_heading text=&#8221;Sis\u00e4-poreallas Octa 209 x 103cm&#8221;<\/p>\n","protected":false},"author":1,"featured_media":13007,"parent":0,"menu_order":0,"comment_status":"closed","ping_status":"closed","template":"","meta":{"_acf_changed":false,"footnotes":""},"acf":[],"_links":{"self":[{"href":"https:\/\/luxus.ee\/fi\/wp-json\/wp\/v2\/pages\/1301"}],"collection":[{"href":"https:\/\/luxus.ee\/fi\/wp-json\/wp\/v2\/pages"}],"about":[{"href":"https:\/\/luxus.ee\/fi\/wp-json\/wp\/v2\/types\/page"}],"author":[{"embeddable":true,"href":"https:\/\/luxus.ee\/fi\/wp-json\/wp\/v2\/users\/1"}],"replies":[{"embeddable":true,"href":"https:\/\/luxus.ee\/fi\/wp-json\/wp\/v2\/comments?post=1301"}],"version-history":[{"count":0,"href":"https:\/\/luxus.ee\/fi\/wp-json\/wp\/v2\/pages\/1301\/revisions"}],"wp:featuredmedia":[{"embeddable":true,"href":"https:\/\/luxus.ee\/fi\/wp-json\/wp\/v2\/media\/13007"}],"wp:attachment":[{"href":"https:\/\/luxus.ee\/fi\/wp-json\/wp\/v2\/media?parent=1301"}],"curies":[{"name":"wp","href":"https:\/\/api.w.org\/{rel}","templated":true}]}}