{"id":11592,"date":"2017-01-28T14:23:34","date_gmt":"2017-01-28T11:23:34","guid":{"rendered":"https:\/\/luxus.ee\/?page_id=11592\/"},"modified":"2020-05-17T16:07:49","modified_gmt":"2020-05-17T13:07:49","slug":"luxus-kylpytynnyri-tarjous","status":"publish","type":"page","link":"https:\/\/luxus.ee\/fi\/luxus-kylpytynnyri-tarjous\/","title":{"rendered":"kylpytynnyri tarjous"},"content":{"rendered":"<section class=\"wpb-content-wrapper\"><p>[vc_row][vc_column width=&#8221;2\/3&#8243;][vc_gallery type=&#8221;image_grid&#8221; images=&#8221;25292,25284,25308,25316&#8243;][vc_custom_heading text=&#8221;Akryyli v\u00e4rit 2020&#8243; font_container=&#8221;tag:h2|text_align:left|color:%23dd3333&#8243;][vc_btn title=&#8221;Katso kylpytynnyri hinta&#8221; style=&#8221;3d&#8221; color=&#8221;sky&#8221; size=&#8221;sm&#8221; link=&#8221;url:http%3A%2F%2Fluxus.ee%2Ffi%2Fkylpytynnyri-hinta%2F|||&#8221;][vc_column_text]<\/p>\n<div class=\"wpb_text_column wpb_content_element \">\n<div class=\"wpb_wrapper\">\n<h4><strong>Ainutlaatuisia antibakteerinen akryylirungon s\u00e4vyj\u00e4<\/strong><\/h4>\n<p>&nbsp;<\/p>\n<p>8-kulmainen kylpytynnyri, ulkohalkaisija 209cm, sis\u00e4halkaisija 175cm, syvyys 91cm, korkeus maanpinnasta alustoineen 103cm, tilavuus 1000l,\u00a0<span style=\"color: #ff0000;\"><strong><em><u>Virolainen tuote!<\/u><\/em><\/strong><\/span><\/p>\n<p><strong><u>Kylpytynnyri<\/u><\/strong> \u2013 valmistettu ylellisest\u00e4 Perspex akryylist\u00e4 (USA)<\/p>\n<p><strong><u>V\u00e4ris\u00e4vyt<\/u><\/strong>\u00a0\u2013 Lumi valkoinen, Alba (pearl-white), Sterling-silver, Tuscan-sun, Pacific-rim, Summer-sapphire.<\/p>\n<p><strong><u>Valmistusmenetelm\u00e4n\u00e4 tyhji\u00f6muovaus<\/u><\/strong> \u2013 k\u00e4yt\u00e4mme arvokasta antibakteerikerroksella varustettua laatus\u00e4vyist\u00e4 saniteettia Perspex -akryyli\u00e4, joka on kehitetty k\u00e4ytett\u00e4v\u00e4ksi juuri ulkotiloissa.<\/p>\n<p><strong><u>Kylpytynnyri<\/u><\/strong>\u00a0\u2013 on tarkoitettu 4-6 henkil\u00f6lle.<\/p>\n<p><strong><u>V\u00e4himm\u00e4istoimitus<\/u><\/strong> \u2013 akryylirunko\u00a0<em>maalatulla<\/em>\u00a0tai\u00a0<em>sinkkity<\/em>\u00a0tukikehyksell\u00e4<\/p>\n<p>&nbsp;<\/p>\n<p><strong><u>Lis\u00e4varusteet<\/u><\/strong><\/p>\n<p><strong><u>Kylpytynnyrin l\u00e4mp\u00f6kansi<\/u><\/strong><strong>\u00a0<\/strong>\u2013\u00a0L\u00e4mp\u00f6kannen ansiosta tynnyrin l\u00e4mmitys on nopeampaa, se suojaa tynnyrin altaanosaa lumi- ja vesisateilta ja mahdolliselta lialta. Kannen peite on keskelt\u00e4 molempiin puoliin ulosp\u00e4in taittuva ja vett\u00e4hylkiv\u00e4, joten se on my\u00f6s pitk\u00e4ik\u00e4inen. L\u00e4mp\u00f6kansi kest\u00e4\u00e4 \u2013 30 astetta pakkasta ja 50 astetta l\u00e4mp\u00f6\u00e4, lis\u00e4ksi se on homeen kest\u00e4v\u00e4. Kannellinen kylpytynnyri on turvallinen my\u00f6s lapsiperheille.<\/p>\n<p>&nbsp;<\/p>\n<p><strong><u>Ulkopaneelit<\/u><\/strong><br \/>\n1. Huoltovapaata harmaa tai ruskeaa muovia ja luonnonlepp\u00e4lautaa.<br \/>\n2. Luonnollista pinotex Ultralla petsattua lepp\u00e4lautaa.<\/p>\n<p>&nbsp;<\/p>\n<p><strong><u>Kylpytynnyri eristys<\/u><\/strong>\u00a0\u2013 tarjoamme 2 eri tyyppi\u00e4 eristyst\u00e4, tehokas polyuretaanivaahto (2-4 cm kerros vastaa 10cm EPS peno eristykseen) nopeuttaa altaan veden l\u00e4mmitt\u00e4mist\u00e4 ja s\u00e4ilytt\u00e4\u00e4 l\u00e4mp\u00f6tilan pitemp\u00e4\u00e4n k\u00e4yt\u00f6n aikana, antaa l\u00e4mmitysprosessin aikana l\u00e4mp\u00f6kannen k\u00e4yt\u00f6ss\u00e4 jopa 50% aikas\u00e4\u00e4st\u00f6n. L\u00e4mmitysaika on l\u00e4mmitysasteesta riippuen noin 2 tuntia. Lis\u00e4ksi voidaan l\u00e4mmitt\u00e4\u00e4 ulkopaneelit (ainoastaan puuverhoisille).<\/p>\n<p>&nbsp;<\/p>\n<p><strong><u>Merialumiininen ulkokamiina<\/u><\/strong>\u00a0\u2013 toimitukseen kuuluu merialumiininen ulkopuolinen kamiina. Alumiinikamiinan elinik\u00e4 on rst-kamiinaa pidempi. Kamiinat on valmistettu merivett\u00e4 kest\u00e4v\u00e4st\u00e4 alumiiniseoksesta. Materiaalin paksuus on 3mm, joka on normaalia rst-kamiinaa kaksi kertaa suurempi. Alumiinikamiina on my\u00f6s 30% kevyempi.<\/p>\n<p><strong><u>Vaihtoehdot<\/u><\/strong> \u2013 Py\u00f6re\u00e4 kamiina, jossa 1 tulo- ja 1 paluuputki.<\/p>\n<p>&nbsp;<\/p>\n<p><strong><u>Extra lis\u00e4tarvikkeet<\/u><\/strong> \u2013 ekstra Led valaistus vedenrajalla, porej\u00e4rjestelm\u00e4 ilma- ja vesihieronnalla, hiekkasuodatin-suodatinpumppu, 1 x 16A virtasulake liitin,\u00a0<span style=\"color: #ff0000;\"><strong>Uusi \u2013 Bluetooth-musiikkij\u00e4rjestelm\u00e4<\/strong><\/span><\/p>\n<\/div>\n<\/div>\n<div class=\"vc_btn3-container vc_btn3-inline\"><\/div>\n<p>[\/vc_column_text][\/vc_column][vc_column width=&#8221;1\/3&#8243;][vc_gallery type=&#8221;image_grid&#8221; images=&#8221;11836,11835,9259,12532,12258,12250,11853,11855,11866,13196,9771,11849,11841,8187,8185,8184,11868,11861,11856,11857,7847,25284,25300,25308,25604,25316,26113,25596,25588,25612,25620,25628,25636,11842,26121&#8243; img_size=&#8221;110&#215;110&#8243;][\/vc_column][\/vc_row][vc_row][vc_column width=&#8221;2\/3&#8243;][vc_single_image image=&#8221;11853&#8243; img_size=&#8221;large&#8221;][\/vc_column][vc_column width=&#8221;1\/3&#8243;][\/vc_column][\/vc_row]<\/p>\n<\/section>","protected":false},"excerpt":{"rendered":"<p>[vc_row][vc_column width=&#8221;2\/3&#8243;][vc_gallery type=&#8221;image_grid&#8221; images=&#8221;25292,25284,25308,25316&#8243;][vc_custom_heading text=&#8221;Akryyli v\u00e4rit 2020&#8243; font_container=&#8221;tag:h2|text_align:left|color:%23dd3333&#8243;][vc_btn title=&#8221;Katso kylpytynnyri hinta&#8221; style=&#8221;3d&#8221; color=&#8221;sky&#8221; size=&#8221;sm&#8221; link=&#8221;url:http%3A%2F%2Fluxus.ee%2Ffi%2Fkylpytynnyri-hinta%2F|||&#8221;][vc_column_text] Ainutlaatuisia antibakteerinen akryylirungon s\u00e4vyj\u00e4 &nbsp; 8-kulmainen kylpytynnyri, ulkohalkaisija 209cm, sis\u00e4halkaisija 175cm, syvyys 91cm, korkeus maanpinnasta alustoineen 103cm, tilavuus 1000l,\u00a0Virolainen tuote! Kylpytynnyri \u2013 valmistettu ylellisest\u00e4 Perspex akryylist\u00e4 (USA) V\u00e4ris\u00e4vyt\u00a0\u2013 Lumi valkoinen, Alba (pearl-white), Sterling-silver, Tuscan-sun, Pacific-rim, Summer-sapphire. Valmistusmenetelm\u00e4n\u00e4 tyhji\u00f6muovaus \u2013 k\u00e4yt\u00e4mme<\/p>\n","protected":false},"author":1,"featured_media":8162,"parent":0,"menu_order":0,"comment_status":"closed","ping_status":"closed","template":"","meta":{"_acf_changed":false,"footnotes":""},"acf":[],"_links":{"self":[{"href":"https:\/\/luxus.ee\/fi\/wp-json\/wp\/v2\/pages\/11592"}],"collection":[{"href":"https:\/\/luxus.ee\/fi\/wp-json\/wp\/v2\/pages"}],"about":[{"href":"https:\/\/luxus.ee\/fi\/wp-json\/wp\/v2\/types\/page"}],"author":[{"embeddable":true,"href":"https:\/\/luxus.ee\/fi\/wp-json\/wp\/v2\/users\/1"}],"replies":[{"embeddable":true,"href":"https:\/\/luxus.ee\/fi\/wp-json\/wp\/v2\/comments?post=11592"}],"version-history":[{"count":0,"href":"https:\/\/luxus.ee\/fi\/wp-json\/wp\/v2\/pages\/11592\/revisions"}],"wp:featuredmedia":[{"embeddable":true,"href":"https:\/\/luxus.ee\/fi\/wp-json\/wp\/v2\/media\/8162"}],"wp:attachment":[{"href":"https:\/\/luxus.ee\/fi\/wp-json\/wp\/v2\/media?parent=11592"}],"curies":[{"name":"wp","href":"https:\/\/api.w.org\/{rel}","templated":true}]}}