{"id":11581,"date":"2017-01-28T14:01:34","date_gmt":"2017-01-28T11:01:34","guid":{"rendered":"https:\/\/luxus.ee\/?page_id=11581\/"},"modified":"2021-03-12T12:06:21","modified_gmt":"2021-03-12T09:06:21","slug":"ulkoporeallas-meridian-tarjous","status":"publish","type":"page","link":"https:\/\/luxus.ee\/fi\/ulkoporeallas-meridian-tarjous\/","title":{"rendered":"Ulkoporeallas Meridian tarjous"},"content":{"rendered":"<section class=\"wpb-content-wrapper\"><p>[vc_row][vc_column width=&#8221;1\/3&#8243;][vc_column_text]<\/p>\n<h4><strong>Luxus ulkoporeallas Meridian\u00a0<\/strong><\/h4>\n<p>&nbsp;<\/p>\n<p><strong><u>Mitat<br \/>\n<\/u><\/strong>200 x 200 x 92cm<br \/>\nVesitilavus 1040l<br \/>\nTyhj\u00e4paino 350kg<\/p>\n<p><strong><u>Varusteet<\/u><\/strong><br \/>\nLucite Sterling-silver akryyli\u00a0<strong><br \/>\n<\/strong>Balboa ohjauspaneeli TP400<strong>\u00a0<\/strong><br \/>\nPanelointi \u2013 huolto vapaa<br \/>\nPump 1 \/ 3hp<br \/>\nHarmaa vesihierontasuuttimia 31kpl<br \/>\nSuodatinpumppu 0,35hp<br \/>\nL\u00e4mmitin 3kW<br \/>\nLed valo 5\u2033<br \/>\nVesirajaledit 20kpl<br \/>\nOtsonaattori 1kpl<br \/>\nNiska tyynyt 3kpl<br \/>\nKuitusuodatin 1kpl<br \/>\nPuinen tukikehys<br \/>\nIlmans\u00e4\u00e4din 2kpl<br \/>\nL\u00e4mp\u00f6kansi 1kpl<br \/>\nPolyuretaani eristys 1cm<br \/>\nMiramat 3,5cm eristys<br \/>\nKupla folio eristys<span style=\"color: #ff0000;\"><br \/>\n<\/span><\/p>\n<p><strong>Hinta <del>5999.-<\/del>\u00a0 \/\u00a0 <span style=\"color: #ff0000;\">4999<\/span><\/strong><span style=\"color: #ff0000;\"><strong>.-<\/strong><\/span><strong>\u00a0eur<\/strong><\/p>\n<p>&nbsp;<\/p>\n<p><strong><u>Premium varusteet<br \/>\n<\/u><\/strong>TP500 ohjaus panel<strong><u><br \/>\n<\/u><\/strong>Kromi tyypiset suuttimet<strong><u><br \/>\n<\/u><\/strong>Bluetooth audio<strong><u><br \/>\n<\/u><\/strong>Wifi ohjaus<\/p>\n<p><span style=\"text-decoration: underline;\"><strong>Lis\u00e4varusteet<\/strong><\/span><br \/>\nPortaat<br \/>\nKansi lifter<br \/>\nTransport[\/vc_column_text][\/vc_column][vc_column width=&#8221;1\/3&#8243;][vc_gallery type=&#8221;image_grid&#8221; images=&#8221;11171,8502,8503,25953&#8243;][\/vc_column][vc_column width=&#8221;1\/3&#8243;][vc_gallery type=&#8221;image_grid&#8221; images=&#8221;11588,11162,11161,24321&#8243;][\/vc_column][\/vc_row]<\/p>\n<\/section>","protected":false},"excerpt":{"rendered":"<p>[vc_row][vc_column width=&#8221;1\/3&#8243;][vc_column_text] Luxus ulkoporeallas Meridian\u00a0 &nbsp; Mitat 200 x 200 x 92cm Vesitilavus 1040l Tyhj\u00e4paino 350kg Varusteet Lucite Sterling-silver akryyli\u00a0 Balboa ohjauspaneeli TP400\u00a0 Panelointi \u2013 huolto vapaa Pump 1 \/ 3hp Harmaa vesihierontasuuttimia 31kpl Suodatinpumppu 0,35hp L\u00e4mmitin 3kW Led valo 5\u2033 Vesirajaledit 20kpl Otsonaattori 1kpl Niska tyynyt 3kpl Kuitusuodatin 1kpl Puinen tukikehys Ilmans\u00e4\u00e4din 2kpl L\u00e4mp\u00f6kansi<\/p>\n","protected":false},"author":1,"featured_media":8501,"parent":0,"menu_order":0,"comment_status":"closed","ping_status":"closed","template":"","meta":{"_acf_changed":false,"footnotes":""},"acf":[],"_links":{"self":[{"href":"https:\/\/luxus.ee\/fi\/wp-json\/wp\/v2\/pages\/11581"}],"collection":[{"href":"https:\/\/luxus.ee\/fi\/wp-json\/wp\/v2\/pages"}],"about":[{"href":"https:\/\/luxus.ee\/fi\/wp-json\/wp\/v2\/types\/page"}],"author":[{"embeddable":true,"href":"https:\/\/luxus.ee\/fi\/wp-json\/wp\/v2\/users\/1"}],"replies":[{"embeddable":true,"href":"https:\/\/luxus.ee\/fi\/wp-json\/wp\/v2\/comments?post=11581"}],"version-history":[{"count":0,"href":"https:\/\/luxus.ee\/fi\/wp-json\/wp\/v2\/pages\/11581\/revisions"}],"wp:featuredmedia":[{"embeddable":true,"href":"https:\/\/luxus.ee\/fi\/wp-json\/wp\/v2\/media\/8501"}],"wp:attachment":[{"href":"https:\/\/luxus.ee\/fi\/wp-json\/wp\/v2\/media?parent=11581"}],"curies":[{"name":"wp","href":"https:\/\/api.w.org\/{rel}","templated":true}]}}