{"id":11206,"date":"2017-01-24T12:56:39","date_gmt":"2017-01-24T09:56:39","guid":{"rendered":"https:\/\/luxus.ee\/?page_id=11206\/"},"modified":"2024-01-17T13:19:55","modified_gmt":"2024-01-17T10:19:55","slug":"kylpytynnyri-hinta","status":"publish","type":"page","link":"https:\/\/luxus.ee\/fi\/kylpytynnyri-hinta\/","title":{"rendered":"Kylpytynnyri hinta"},"content":{"rendered":"<section class=\"wpb-content-wrapper\"><p>[vc_row][vc_column width=&#8221;2\/3&#8243;][vc_column_text]<\/p>\n<h2><span style=\"color: #ff0000;\"><strong>Akryyli v\u00e4rit 2024<\/strong><\/span><\/h2>\n<p>[\/vc_column_text][vc_gallery type=&#8221;image_grid&#8221; images=&#8221;25284,25308,25316&#8243;][vc_column_text]<strong>uusi akryyli v\u00e4ri <span style=\"text-decoration: underline;\"><em>Winter-solstice<\/em><\/span>\u00a0<\/strong>[\/vc_column_text][vc_gallery type=&#8221;image_grid&#8221; images=&#8221;27585&#8243;][vc_column_text]<\/p>\n<div class=\"tlid-input input\">\n<div class=\"source-wrap\">\n<div class=\"input-full-height-wrapper tlid-input-full-height-wrapper\">\n<div class=\"source-input\">\n<div id=\"spelling-correction\" class=\"tlid-spelling-correction spelling-correction gt-spell-correct-message\">\n<div><strong><u>V\u00e4himm\u00e4istoimitus<\/u><\/strong> \u2013 akryylirunko + sinkkity tukikehyksell\u00e4 + kamina + eristetty kansi.<\/div>\n<div><\/div>\n<div class=\"gt-spell-icon\">\n<p><strong><span class=\"tlid-translation translation\" lang=\"fi\"><span class=\"\" title=\"\">Valitse 1 sopiva akryylis\u00e4vy\u00a0<\/span><\/span><\/strong><\/p>\n<p>&nbsp;<\/p>\n<\/div>\n<\/div>\n<\/div>\n<\/div>\n<\/div>\n<\/div>\n<p>1. Akryyli v\u00e4ri\u00a0 <span style=\"text-decoration: underline;\"><em>Sterling-silver<\/em><\/span> \u00a0<strong><span style=\"color: #ff0000;\"><span style=\"color: #000000;\">1299.-<\/span><br \/>\n<\/span><\/strong><span style=\"color: #000000;\">2. Akryyli v\u00e4ri\u00a0 <em><span style=\"text-decoration: underline;\">Alba<\/span> (pearl-white)\u00a0 <\/em><strong>1299.-<\/strong><\/span><strong><span style=\"color: #ff0000;\"><br \/>\n<\/span><\/strong><span style=\"color: #000000;\">3. Akryyli v\u00e4ri\u00a0 <span style=\"text-decoration: underline;\"><em>Tuscan-sun<\/em><\/span><em>\u00a0 \u00a0<\/em><strong>1299.-<\/strong><\/span><strong><span style=\"color: #ff0000;\"><br \/>\n<\/span><\/strong><span style=\"color: #ff0000;\"><span style=\"color: #000000;\">4. Akryyli v\u00e4ri\u00a0 <span style=\"text-decoration: underline;\">Winter-solstice<\/span>\u00a0 \u00a0<\/span><\/span><strong><span style=\"color: #ff0000;\"><span style=\"color: #000000;\">1299.-\u00a0<\/span><br \/>\n<\/span><\/strong><strong><br \/>\n<\/strong><\/p>\n<p>&nbsp;<\/p>\n<p><strong><u>Lis\u00e4varusteet<\/u><\/strong><strong><br \/>\n<\/strong>Sinkkity runko<span class=\"tlid-translation translation\" lang=\"fi\"><span class=\"\" title=\"\">\u00a0 \u00a0<strong>34<\/strong><\/span><\/span><strong>9.-<br \/>\n<\/strong>Merialuminium kamina\u00a0 \u00a0<strong>599.-<br \/>\n<\/strong>Piipun suojaverkko\u00a0 \u00a0<strong>60.-<\/strong><strong><br \/>\n<\/strong>Paneelit \/ harmaa muovia\u00a0 \u00a0<strong>799.-<br \/>\n<\/strong>Paneelit \/ ruskea muovia\u00a0 \u00a0<strong>799.-<br \/>\n<\/strong>Vesisuutimet 14kpl \/2hp pumpu\u00a0 <strong>990.-\u00a0<\/strong><strong><br \/>\n<\/strong>Ilmapuhallin 700w\u00a0 \u00a0<strong>750.-<br \/>\n<\/strong>Aromaterapia\u00a0\u00a0\u00a0<strong>129.-<br \/>\n<\/strong>3,5&#8243; Led valo\u00a0 <strong>249.-<br \/>\n<\/strong>3,5&#8243; Led\u00a0 valo + vesirajaledit 8kpl\u00a0 \u00a0<strong>349.-<br \/>\n<\/strong>Led lasi haltijat 3kpl\u00a0\u00a0<strong>150.-<br \/>\n<\/strong>PU eristys\u00a0\u00a0<strong> 349.-<br \/>\n<\/strong>Eristetty kansi \u00a0\u00a0<strong>4<\/strong><span style=\"color: #ff0000;\"><strong><span style=\"color: #000000;\">99.-<\/span><br \/>\n<\/strong><\/span><span style=\"color: #000000;\">Kylpytynnyri Virtasulake liitin\u00a0<\/span><strong style=\"color: #ff0000;\"><span style=\"color: #000000;\"> \u00a090.-<br \/>\n<\/span><\/strong><span style=\"color: #000000;\">Bluetooth-musiikkij\u00e4rjestelm\u00e4 + 2 x 35w\u00a0 \u00a0<strong>475<\/strong><\/span><strong style=\"color: #000000;\">.-<\/strong><strong style=\"color: #000000;\"><br \/>\n<\/strong>[\/vc_column_text][\/vc_column][vc_column width=&#8221;1\/3&#8243;][vc_gallery type=&#8221;image_grid&#8221; images=&#8221;27758,27750,11855,27823,11835,11836,11837,25620,25612,11857,27877,9591,25588,25596,8199,8200,8201,11853,11854,11868,11856,11841,25636,25604,25628,25885,26113,26121&#8243; img_size=&#8221;110&#215;110&#8243;][\/vc_column][\/vc_row][vc_row][vc_column width=&#8221;2\/3&#8243;][vc_column_text]<strong>Mik\u00e4 on Lucite akryyli\u00e4 altaan edut puusta Kylpytynnyrin suhteen ?<\/strong><\/p>\n<p>1. T\u00e4rkein etu on kest\u00e4v\u00e4 ja vakaa pinnan materiaali, auringon ja muiden s\u00e4\u00e4olosuhteiden osalta,<br \/>\npuuta tunnissa verrattuna. Akryylkylpytynnyrin pinnoite on mukavan sile\u00e4 ja sis\u00e4lt\u00e4 py\u00f6re\u00e4viivainen<br \/>\nja ihmisilleen sis\u00e4lt\u00e4 mukavilla istuimilla.<\/p>\n<p>2. Kylpytynnyrin antibakteerinen akryyli\u00e4 sis\u00e4pinta ei anna levill\u00e4 ja liasta kiinnitty\u00e4 altaan sein\u00e4miin<br \/>\nja osoita my\u00f6s kent\u00e4n ansiosta sinisen v\u00e4rin pilaantuneet vett\u00e4. allas pilaantua prosessi on hitaampi<br \/>\nkuin puuta tunnissa. Ei ole v\u00e4lit, halkiot ja halkeamat, jotka ker\u00e4\u00e4v\u00e4t likaa. Ei huoltojen kotelon yli<br \/>\nvoitelun y\u00f6kustannukset tarve.<\/p>\n<p>3. Akryyli\u00e4 kylpytynnyrin ei tarvitse kev\u00e4\u00e4ll\u00e4 uudelleen toimintakuntoon asettamalla vitsat kirist\u00e4mist\u00e4<br \/>\nja mink\u00e4\u00e4nlaista veepidamatuse ongelma kuten puun tynnyrin kanssa.<\/p>\n<p>4. Akryyli\u00e4 kylpytynnyri on helppo asentaa, kun etuk\u00e4teen on valmistettu metallista ja vakaa<br \/>\npohjalevy tukikehys pit\u00e4\u00e4 altaan oikein seisomaan. Tukikehykseen suoratukipuut kiinni on helppo<br \/>\nasentaa sivuja suojavaa.<\/p>\n<p>5. Akryyli\u00e4 kylpytynnyri voidaan asentaa hieronnan ja muut varusteet l\u00e4pi altaan seinien ja pohjan<br \/>\nniin, ett\u00e4 altaan varusteet j\u00e4\u00e4 tyhj\u00e4tila alle ja paneelin taakse piiloon.<\/p>\n<p>6. Akryyli\u00e4 kylpytynnyri on helppo puhdistaa eik\u00e4 hiovien ja kemiallisesti eik\u00e4 v\u00e4kevien nestem\u00e4isten<br \/>\npesuaineiden kanssa.<\/p>\n<p>7. Halutessaan voidaan kylpytynnyri l\u00e4mmitt\u00e4 halkoilla kun hankitaan siihen lis\u00e4varusteet.[\/vc_column_text][\/vc_column][vc_column width=&#8221;1\/3&#8243;][\/vc_column][\/vc_row]<\/p>\n<\/section>","protected":false},"excerpt":{"rendered":"<p>[vc_row][vc_column width=&#8221;2\/3&#8243;][vc_column_text] Akryyli v\u00e4rit 2024 [\/vc_column_text][vc_gallery type=&#8221;image_grid&#8221; images=&#8221;25284,25308,25316&#8243;][vc_column_text]uusi akryyli v\u00e4ri Winter-solstice\u00a0[\/vc_column_text][vc_gallery type=&#8221;image_grid&#8221; images=&#8221;27585&#8243;][vc_column_text] V\u00e4himm\u00e4istoimitus \u2013 akryylirunko + sinkkity tukikehyksell\u00e4 + kamina + eristetty kansi. Valitse 1 sopiva akryylis\u00e4vy\u00a0 &nbsp; 1. Akryyli v\u00e4ri\u00a0 Sterling-silver \u00a01299.- 2. Akryyli v\u00e4ri\u00a0 Alba (pearl-white)\u00a0 1299.- 3. Akryyli v\u00e4ri\u00a0 Tuscan-sun\u00a0 \u00a01299.- 4. Akryyli v\u00e4ri\u00a0 Winter-solstice\u00a0 \u00a01299.-\u00a0 &nbsp; Lis\u00e4varusteet Sinkkity runko\u00a0 \u00a0349.-<\/p>\n","protected":false},"author":1,"featured_media":9259,"parent":0,"menu_order":0,"comment_status":"closed","ping_status":"closed","template":"","meta":{"_acf_changed":false,"footnotes":""},"acf":[],"_links":{"self":[{"href":"https:\/\/luxus.ee\/fi\/wp-json\/wp\/v2\/pages\/11206"}],"collection":[{"href":"https:\/\/luxus.ee\/fi\/wp-json\/wp\/v2\/pages"}],"about":[{"href":"https:\/\/luxus.ee\/fi\/wp-json\/wp\/v2\/types\/page"}],"author":[{"embeddable":true,"href":"https:\/\/luxus.ee\/fi\/wp-json\/wp\/v2\/users\/1"}],"replies":[{"embeddable":true,"href":"https:\/\/luxus.ee\/fi\/wp-json\/wp\/v2\/comments?post=11206"}],"version-history":[{"count":0,"href":"https:\/\/luxus.ee\/fi\/wp-json\/wp\/v2\/pages\/11206\/revisions"}],"wp:featuredmedia":[{"embeddable":true,"href":"https:\/\/luxus.ee\/fi\/wp-json\/wp\/v2\/media\/9259"}],"wp:attachment":[{"href":"https:\/\/luxus.ee\/fi\/wp-json\/wp\/v2\/media?parent=11206"}],"curies":[{"name":"wp","href":"https:\/\/api.w.org\/{rel}","templated":true}]}}