{"id":11112,"date":"2017-01-23T20:47:50","date_gmt":"2017-01-23T17:47:50","guid":{"rendered":"https:\/\/luxus.ee\/?page_id=11112\/"},"modified":"2021-02-24T16:11:04","modified_gmt":"2021-02-24T13:11:04","slug":"uima-allas-neeva","status":"publish","type":"page","link":"https:\/\/luxus.ee\/fi\/uima-allas-neeva\/","title":{"rendered":"Uima allas Neeva"},"content":{"rendered":"<section class=\"wpb-content-wrapper\"><p>[vc_row][vc_column width=&#8221;1\/2&#8243;][vc_column_text]<\/p>\n<h4><strong>Uima allas Neeva<\/strong><\/h4>\n<p>&nbsp;<\/p>\n<p><strong><span style=\"text-decoration: underline;\">Mitat<\/span><\/strong><br \/>\n572 x 225 x 128cm<br \/>\nIstuimet 6<br \/>\nVesitilavus 5900l + 1000l<br \/>\nOmapaino 1100kg<\/p>\n<p><strong><u>Varusteet<\/u><u><br \/>\n<\/u><\/strong>S\u00e4hk\u00f6liitant\u00e4 3 x 16A \/ 1 x 16 tai\u00a0 3 x 16A<br \/>\nBalboa ohjauspaneeli<br \/>\nSuuttimet 41kpl \u00a0\/ \u00a037kpl<br \/>\nLucite Sterling Silver akryyli<br \/>\nHuolto vapaa ulkoverhoilu<br \/>\nBalboa ohjauspaneeli<br \/>\nSwim\u00a0pump 1 &#8211; 3hp \u00a0\/\u00a0 spa\u00a0pump 1 &#8211; 2hp<br \/>\nSwim\u00a0pump 2 &#8211; 3hp \u00a0\/\u00a0 spa\u00a0pump 2 &#8211; 2hp<br \/>\nSwim\u00a0pump 3 &#8211; 3hp \u00a0\/ \u00a0spa\u00a0puudub<br \/>\nSwim\u00a0pump 4 &#8211; 3hp \u00a0\/\u00a0 spa\u00a0puudub<br \/>\nSwim\u00a0kiertovesi 0,35hp \u00a0\/ \u00a0spa\u00a00,35hp<br \/>\nSwim\u00a0l\u00e4mmitin 3kw \u00a0\/\u00a0 spa\u00a03kw<br \/>\nSwim\u00a0led valo 1kpl \u00a0\/\u00a0 spa\u00a0led valo 1kpl<br \/>\nSwim\u00a0otsonaattori 1kpl\u00a0 \/\u00a0 spa\u00a0otsonaattori 1kpl<br \/>\nSwim\u00a0kuitusuodatin 2kpl \u00a0\/\u00a0 spa\u00a01kpl<br \/>\nSwim\u00a0niskatyynyt 0 \u00a0\/ \u00a0spa\u00a02kpl<br \/>\nSwim\u00a0l\u00e4mp\u00f6kansi 2 \u00a0\/ \u00a0spa\u00a01kpl<\/p>\n<p>&nbsp;<\/p>\n<p><strong>Hinta <span style=\"color: #ff0000;\">22990.-<\/span> eur<\/strong><\/p>\n<p><u><strong>Lis\u00e4varusteet<\/strong><\/u><strong><br \/>\n<\/strong>Balboa wifi ohjaus<br \/>\nPolyuretaani eristus 1cm<br \/>\nVesirajaledit 44kpl<br \/>\nKupla folio eristys<br \/>\nMiramat paneeli eristys 35mm.[\/vc_column_text][\/vc_column][vc_column width=&#8221;1\/2&#8243;][vc_single_image image=&#8221;11905&#8243; img_size=&#8221;400&#215;180&#8243;][\/vc_column][\/vc_row]<\/p>\n<\/section>","protected":false},"excerpt":{"rendered":"<p>[vc_row][vc_column width=&#8221;1\/2&#8243;][vc_column_text] Uima allas Neeva &nbsp; Mitat 572 x 225 x 128cm Istuimet 6 Vesitilavus 5900l + 1000l Omapaino 1100kg Varusteet S\u00e4hk\u00f6liitant\u00e4 3 x 16A \/ 1 x 16 tai\u00a0 3 x 16A Balboa ohjauspaneeli Suuttimet 41kpl \u00a0\/ \u00a037kpl Lucite Sterling Silver akryyli Huolto vapaa ulkoverhoilu Balboa ohjauspaneeli Swim\u00a0pump 1 &#8211; 3hp \u00a0\/\u00a0 spa\u00a0pump 1<\/p>\n","protected":false},"author":1,"featured_media":11878,"parent":0,"menu_order":0,"comment_status":"closed","ping_status":"closed","template":"","meta":{"_acf_changed":false,"footnotes":""},"acf":[],"_links":{"self":[{"href":"https:\/\/luxus.ee\/fi\/wp-json\/wp\/v2\/pages\/11112"}],"collection":[{"href":"https:\/\/luxus.ee\/fi\/wp-json\/wp\/v2\/pages"}],"about":[{"href":"https:\/\/luxus.ee\/fi\/wp-json\/wp\/v2\/types\/page"}],"author":[{"embeddable":true,"href":"https:\/\/luxus.ee\/fi\/wp-json\/wp\/v2\/users\/1"}],"replies":[{"embeddable":true,"href":"https:\/\/luxus.ee\/fi\/wp-json\/wp\/v2\/comments?post=11112"}],"version-history":[{"count":0,"href":"https:\/\/luxus.ee\/fi\/wp-json\/wp\/v2\/pages\/11112\/revisions"}],"wp:featuredmedia":[{"embeddable":true,"href":"https:\/\/luxus.ee\/fi\/wp-json\/wp\/v2\/media\/11878"}],"wp:attachment":[{"href":"https:\/\/luxus.ee\/fi\/wp-json\/wp\/v2\/media?parent=11112"}],"curies":[{"name":"wp","href":"https:\/\/api.w.org\/{rel}","templated":true}]}}