{"id":11103,"date":"2017-01-23T19:31:53","date_gmt":"2017-01-23T16:31:53","guid":{"rendered":"https:\/\/luxus.ee\/?page_id=11103\/"},"modified":"2021-02-24T16:14:57","modified_gmt":"2021-02-24T13:14:57","slug":"uima-allas-jangtse","status":"publish","type":"page","link":"https:\/\/luxus.ee\/fi\/uima-allas-jangtse\/","title":{"rendered":"Uima-allas Jangtse"},"content":{"rendered":"<section class=\"wpb-content-wrapper\"><p>[vc_row][vc_column width=&#8221;1\/2&#8243;][vc_column_text]<\/p>\n<h4><strong>Luxus uima allas Jangtse<\/strong><\/h4>\n<p>&nbsp;<\/p>\n<p><strong><u>Mitat<\/u><\/strong><br \/>\n530 x 225 x 150cm<br \/>\nVesitilavus 7500l<br \/>\nOmapaino 950kg<\/p>\n<p><strong><u>Varusteet<br \/>\n<\/u><\/strong>S\u00e4hk\u00f6liitant\u00e4 3 x 16A<br \/>\nBalboa ohjauspaneeli<br \/>\nSuuttimet 41kpl<br \/>\nLucite Sterling Silver akryyli<br \/>\nHuolto vapaa ulkoverhoilu<br \/>\nBalboa ohjauspaneeli<br \/>\nPump 1 \/ 4hp<br \/>\nPump 2 \/ 4hp<br \/>\nPump 3 \/ 3hp<br \/>\nPump 4 \/ 3hp<br \/>\nSuodatinpumppu 0,35hp<br \/>\nL\u00e4mmitin 3kw<br \/>\nLed valo 5\u2033<br \/>\nOtsonaattori 1kpl<br \/>\nKuitusuodatin 4kpl<br \/>\nPuinen tukikehys<br \/>\nIlmans\u00e4\u00e4din 7kpl<\/p>\n<p>&nbsp;<\/p>\n<p><strong>Hinta <span style=\"color: #ff0000;\">18990.-<\/span> eur<\/strong><\/p>\n<p>&nbsp;<\/p>\n<p><strong><u>Lis\u00e4varusteet<br \/>\n<\/u><\/strong>L\u00e4mp\u00f6kansi 2kpl<strong><u><br \/>\n<\/u><\/strong>Paneelit<strong><br \/>\n<\/strong>Balboa wifi ohjaus<br \/>\nPolyuretaani eristus 1cm<br \/>\nVesirajaledit 20kpl<br \/>\nMiramat paneeli eristys 35mm<br \/>\nLedvalo vesisuihkut 6kpl<\/p>\n<p>[\/vc_column_text][\/vc_column][vc_column width=&#8221;1\/2&#8243;][vc_single_image image=&#8221;11897&#8243; img_size=&#8221;300&#215;150&#8243;][vc_gallery type=&#8221;image_grid&#8221; images=&#8221;11898,11896,11895,11894,11893,11889,26412,25953&#8243; img_size=&#8221;150&#215;150&#8243;][\/vc_column][\/vc_row]<\/p>\n<\/section>","protected":false},"excerpt":{"rendered":"<p>[vc_row][vc_column width=&#8221;1\/2&#8243;][vc_column_text] Luxus uima allas Jangtse &nbsp; Mitat 530 x 225 x 150cm Vesitilavus 7500l Omapaino 950kg Varusteet S\u00e4hk\u00f6liitant\u00e4 3 x 16A Balboa ohjauspaneeli Suuttimet 41kpl Lucite Sterling Silver akryyli Huolto vapaa ulkoverhoilu Balboa ohjauspaneeli Pump 1 \/ 4hp Pump 2 \/ 4hp Pump 3 \/ 3hp Pump 4 \/ 3hp Suodatinpumppu 0,35hp L\u00e4mmitin 3kw<\/p>\n","protected":false},"author":1,"featured_media":8936,"parent":0,"menu_order":0,"comment_status":"closed","ping_status":"closed","template":"","meta":{"_acf_changed":false,"footnotes":""},"acf":[],"_links":{"self":[{"href":"https:\/\/luxus.ee\/fi\/wp-json\/wp\/v2\/pages\/11103"}],"collection":[{"href":"https:\/\/luxus.ee\/fi\/wp-json\/wp\/v2\/pages"}],"about":[{"href":"https:\/\/luxus.ee\/fi\/wp-json\/wp\/v2\/types\/page"}],"author":[{"embeddable":true,"href":"https:\/\/luxus.ee\/fi\/wp-json\/wp\/v2\/users\/1"}],"replies":[{"embeddable":true,"href":"https:\/\/luxus.ee\/fi\/wp-json\/wp\/v2\/comments?post=11103"}],"version-history":[{"count":0,"href":"https:\/\/luxus.ee\/fi\/wp-json\/wp\/v2\/pages\/11103\/revisions"}],"wp:featuredmedia":[{"embeddable":true,"href":"https:\/\/luxus.ee\/fi\/wp-json\/wp\/v2\/media\/8936"}],"wp:attachment":[{"href":"https:\/\/luxus.ee\/fi\/wp-json\/wp\/v2\/media?parent=11103"}],"curies":[{"name":"wp","href":"https:\/\/api.w.org\/{rel}","templated":true}]}}