{"id":11100,"date":"2017-01-23T18:59:22","date_gmt":"2017-01-23T15:59:22","guid":{"rendered":"https:\/\/luxus.ee\/?page_id=11100\/"},"modified":"2021-02-24T16:07:29","modified_gmt":"2021-02-24T13:07:29","slug":"uima-allas-niilus","status":"publish","type":"page","link":"https:\/\/luxus.ee\/fi\/uima-allas-niilus\/","title":{"rendered":"Uima-allas Niilus"},"content":{"rendered":"<section class=\"wpb-content-wrapper\"><p>[vc_row][vc_column width=&#8221;1\/2&#8243;][vc_column_text]<\/p>\n<h4><strong>Luxus uima-allas Niilus<\/strong><\/h4>\n<p>&nbsp;<\/p>\n<p><strong><span style=\"text-decoration: underline;\">Mitat<\/span><u><br \/>\n<\/u><\/strong>428 x 225 x 128cm<br \/>\nIstuimet 3<br \/>\nVesitilavus 6000l<br \/>\nOmapaino 800kg<\/p>\n<p><u><b>Varusteet<\/b><br \/>\n<\/u>S\u00e4hk\u00f6liitant\u00e4 3 x 16A<br \/>\nBalboa TP600 Ohjauspaneeli<br \/>\nSuuttimit 23kpl<br \/>\nVastavirtasuutinta 3kpl<br \/>\nLucite Sterling-silver akryyli<br \/>\nhuolto vapaa ulkoverhoilu<br \/>\nPump 1 \/ 3hp<br \/>\nPump 2 \/ 3hp<br \/>\nPump 3 \/ 3hp<br \/>\nPump 4 \/ 3hp<br \/>\nSuodatinpumppu 0,35hp<br \/>\nL\u00e4mmitin 3kw<br \/>\nLed valo 5&#8243;<br \/>\nOtsonaattori 1kpl<br \/>\nKuitusuodatin 2kpl<br \/>\nRuostumaton metalliset tukikehys<br \/>\nIlmans\u00e4\u00e4din 5kpl<br \/>\nMiramat paneeli eristys 35mm<br \/>\nExtreme L\u00e4mp\u00f6kansi<\/p>\n<p><strong>Hinta <span style=\"color: #ff0000;\">16990.-<\/span> eur<\/strong><\/p>\n<p>&nbsp;<\/p>\n<p><u><strong>Lis\u00e4varusteet<\/strong><\/u><br \/>\nBalboa wifi ohjaus<br \/>\nVesirajaledit 24kpl<br \/>\nSuuret suutimet 2 x 6kpl<br \/>\nPolyuretaani eristus 1cm<\/p>\n<p>[\/vc_column_text][\/vc_column][vc_column width=&#8221;1\/2&#8243;][vc_single_image image=&#8221;11876&#8243; img_size=&#8221;300&#215;150&#8243;][vc_gallery type=&#8221;image_grid&#8221; images=&#8221;11876,11888,11887,11886,11883,11882,11881,11880,26412,25953&#8243; img_size=&#8221;150&#215;150&#8243;][\/vc_column][\/vc_row]<\/p>\n<\/section>","protected":false},"excerpt":{"rendered":"<p>[vc_row][vc_column width=&#8221;1\/2&#8243;][vc_column_text] Luxus uima-allas Niilus &nbsp; Mitat 428 x 225 x 128cm Istuimet 3 Vesitilavus 6000l Omapaino 800kg Varusteet S\u00e4hk\u00f6liitant\u00e4 3 x 16A Balboa TP600 Ohjauspaneeli Suuttimit 23kpl Vastavirtasuutinta 3kpl Lucite Sterling-silver akryyli huolto vapaa ulkoverhoilu Pump 1 \/ 3hp Pump 2 \/ 3hp Pump 3 \/ 3hp Pump 4 \/ 3hp Suodatinpumppu 0,35hp L\u00e4mmitin<\/p>\n","protected":false},"author":1,"featured_media":11888,"parent":0,"menu_order":0,"comment_status":"closed","ping_status":"closed","template":"","meta":{"_acf_changed":false,"footnotes":""},"acf":[],"_links":{"self":[{"href":"https:\/\/luxus.ee\/fi\/wp-json\/wp\/v2\/pages\/11100"}],"collection":[{"href":"https:\/\/luxus.ee\/fi\/wp-json\/wp\/v2\/pages"}],"about":[{"href":"https:\/\/luxus.ee\/fi\/wp-json\/wp\/v2\/types\/page"}],"author":[{"embeddable":true,"href":"https:\/\/luxus.ee\/fi\/wp-json\/wp\/v2\/users\/1"}],"replies":[{"embeddable":true,"href":"https:\/\/luxus.ee\/fi\/wp-json\/wp\/v2\/comments?post=11100"}],"version-history":[{"count":0,"href":"https:\/\/luxus.ee\/fi\/wp-json\/wp\/v2\/pages\/11100\/revisions"}],"wp:featuredmedia":[{"embeddable":true,"href":"https:\/\/luxus.ee\/fi\/wp-json\/wp\/v2\/media\/11888"}],"wp:attachment":[{"href":"https:\/\/luxus.ee\/fi\/wp-json\/wp\/v2\/media?parent=11100"}],"curies":[{"name":"wp","href":"https:\/\/api.w.org\/{rel}","templated":true}]}}