{"id":10510,"date":"2017-01-06T14:25:41","date_gmt":"2017-01-06T11:25:41","guid":{"rendered":"https:\/\/luxus.ee\/?page_id=10510\/"},"modified":"2020-03-16T16:23:54","modified_gmt":"2020-03-16T13:23:54","slug":"party","status":"publish","type":"page","link":"https:\/\/luxus.ee\/fi\/ulkoporeallas\/party\/","title":{"rendered":"Luxus Ulkoporeallas Party"},"content":{"rendered":"<section class=\"wpb-content-wrapper\"><p>[vc_row][vc_column width=&#8221;1\/3&#8243;][vc_column_text]<\/p>\n<h4><strong>Luxus Ulkoporeallas Party<\/strong><\/h4>\n<p>&nbsp;<\/p>\n<p><strong><span style=\"text-decoration: underline;\">Mitat<\/span><\/strong><br \/>\n<span style=\"color: #000000;\"> 380 x 225 x 92cm<\/span><br \/>\n<span style=\"color: #000000;\"> Vesitilavus 1900l.<\/span><br \/>\n<span style=\"color: #000000;\"> Tyhj\u00e4paino 650kg<\/span><br \/>\n<span style=\"color: #000000;\"> S\u00e4hk\u00f6liitant\u00e4 3 x 16A<\/span><\/p>\n<p><strong><span style=\"text-decoration: underline;\"><span style=\"color: #000000;\"><a style=\"color: #000000;\" data-vc-tabs=\"\" data-vc-container=\".vc_tta\"><span class=\"vc_tta-title-text\">Varusteet<\/span><\/a><\/span><\/span><\/strong><br \/>\n<span style=\"color: #000000;\"> Lucite Sterling-silver akryyli<br \/>\nBalboa ohjauspaneeli TP800<\/span><br \/>\n<span style=\"color: #000000;\"> Panelointi &#8211; huolto vapaa<\/span><br \/>\n<span style=\"color: #000000;\"> Pump 1 \/\u00a03hp<\/span><br \/>\n<span style=\"color: #000000;\"> Pump 2 \/\u00a03hp<br \/>\nPump 2 \/ 3hp<\/span><br \/>\n<span style=\"color: #000000;\"> Vesihierontasuuttimia 111kpl<\/span><br \/>\n<span style=\"color: #000000;\"> Suodatinpumppu 0,35hp<\/span><br \/>\n<span style=\"color: #000000;\"> L\u00e4mmitin 3kw<\/span><br \/>\n<span style=\"color: #000000;\"> Led valo 5&#8243;<\/span><br \/>\n<span style=\"color: #000000;\"> Vesiraja ledit 24kpl<\/span><br \/>\n<span style=\"color: #000000;\"> Ledvalo vesisuihkut 2 + 3kpl<\/span><br \/>\n<span style=\"color: #000000;\"> Led valo kaskaad suihku 1kpl<\/span><br \/>\n<span style=\"color: #000000;\"> Otsonaattori 1kpl<\/span><br \/>\n<span style=\"color: #000000;\"> Niska tyynyt 4kpl<\/span><br \/>\n<span style=\"color: #000000;\"> Kuitusuodatin 2kpl<\/span><br \/>\n<span style=\"color: #000000;\"> Puinen tukikehys<\/span><br \/>\n<span style=\"color: #000000;\"> Ilmans\u00e4\u00e4din 5kpl<br \/>\nExtreme l\u00e4mp\u00f6kansi 10-13cm\u00a0<\/span><br \/>\n<span style=\"color: #000000;\"> Polyuretaani eristys 1cm<\/span><br \/>\n<span style=\"color: #000000;\"> Miramat 3,5cm eristys \u00a0 \u00a0 \u00a0 \u00a0 \u00a0 \u00a0<\/span><br \/>\n<span style=\"color: #000000;\"> Kupla folio eristys<\/span><\/p>\n<p>&nbsp;<\/p>\n<p><strong>Hinta <span style=\"color: #ff0000;\">14990.-<\/span> eur<\/strong><\/p>\n<p>&nbsp;<\/p>\n<p><strong><span style=\"text-decoration: underline;\"><span style=\"color: #000000;\"><a style=\"color: #000000;\" data-vc-tabs=\"\" data-vc-container=\".vc_tta\"><span class=\"vc_tta-title-text\">Lis\u00e4varusteet<\/span><\/a><\/span><\/span><\/strong><br \/>\n<span style=\"color: #000000;\">Bluetooth audio<br \/>\nWifi ohjaus<br \/>\nPortaat<\/span><br \/>\n<span style=\"color: #000000;\"> Kansi lifter<\/span><br \/>\n<span style=\"color: #000000;\"> Transport<\/span>[\/vc_column_text][\/vc_column][vc_column width=&#8221;1\/3&#8243;][vc_gallery type=&#8221;image_grid&#8221; images=&#8221;11938,8861,8862,12024,26420,25953&#8243;][\/vc_column][vc_column width=&#8221;1\/3&#8243;][vc_gallery type=&#8221;image_grid&#8221; images=&#8221;8871,8872&#8243;][\/vc_column][\/vc_row]<\/p>\n<\/section>","protected":false},"excerpt":{"rendered":"<p>[vc_row][vc_column width=&#8221;1\/3&#8243;][vc_column_text] Luxus Ulkoporeallas Party &nbsp; Mitat 380 x 225 x 92cm Vesitilavus 1900l. Tyhj\u00e4paino 650kg S\u00e4hk\u00f6liitant\u00e4 3 x 16A Varusteet Lucite Sterling-silver akryyli Balboa ohjauspaneeli TP800 Panelointi &#8211; huolto vapaa Pump 1 \/\u00a03hp Pump 2 \/\u00a03hp Pump 2 \/ 3hp Vesihierontasuuttimia 111kpl Suodatinpumppu 0,35hp L\u00e4mmitin 3kw Led valo 5&#8243; Vesiraja ledit 24kpl Ledvalo vesisuihkut<\/p>\n","protected":false},"author":1,"featured_media":8368,"parent":1297,"menu_order":0,"comment_status":"closed","ping_status":"closed","template":"","meta":{"_acf_changed":false,"footnotes":""},"acf":[],"_links":{"self":[{"href":"https:\/\/luxus.ee\/fi\/wp-json\/wp\/v2\/pages\/10510"}],"collection":[{"href":"https:\/\/luxus.ee\/fi\/wp-json\/wp\/v2\/pages"}],"about":[{"href":"https:\/\/luxus.ee\/fi\/wp-json\/wp\/v2\/types\/page"}],"author":[{"embeddable":true,"href":"https:\/\/luxus.ee\/fi\/wp-json\/wp\/v2\/users\/1"}],"replies":[{"embeddable":true,"href":"https:\/\/luxus.ee\/fi\/wp-json\/wp\/v2\/comments?post=10510"}],"version-history":[{"count":0,"href":"https:\/\/luxus.ee\/fi\/wp-json\/wp\/v2\/pages\/10510\/revisions"}],"up":[{"embeddable":true,"href":"https:\/\/luxus.ee\/fi\/wp-json\/wp\/v2\/pages\/1297"}],"wp:featuredmedia":[{"embeddable":true,"href":"https:\/\/luxus.ee\/fi\/wp-json\/wp\/v2\/media\/8368"}],"wp:attachment":[{"href":"https:\/\/luxus.ee\/fi\/wp-json\/wp\/v2\/media?parent=10510"}],"curies":[{"name":"wp","href":"https:\/\/api.w.org\/{rel}","templated":true}]}}