{"id":10508,"date":"2017-01-06T14:23:24","date_gmt":"2017-01-06T11:23:24","guid":{"rendered":"https:\/\/luxus.ee\/?page_id=10508\/"},"modified":"2022-01-11T15:32:36","modified_gmt":"2022-01-11T12:32:36","slug":"vulcan","status":"publish","type":"page","link":"https:\/\/luxus.ee\/fi\/ulkoporeallas\/vulcan\/","title":{"rendered":"Luxus Ulkoporeallas Vulcan"},"content":{"rendered":"<section class=\"wpb-content-wrapper\"><p>[vc_row][vc_column width=&#8221;1\/3&#8243;][vc_column_text]<\/p>\n<h4><strong>Luxus ulkoporeallas Vulcan<\/strong><\/h4>\n<p>&nbsp;<\/p>\n<p><strong><span style=\"text-decoration: underline; color: #000000;\">Mitat<\/span><\/strong><br \/>\n<span style=\"color: #000000;\"> 230 x 230 x 93cm<\/span><br \/>\n<span style=\"color: #000000;\"> Vesitilavus 1500l.<\/span><br \/>\n<span style=\"color: #000000;\"> Tyhj\u00e4paino 455kg<\/span><br \/>\n<span style=\"color: #000000;\"> S\u00e4hk\u00f6liitant\u00e4 3 x 16A<\/span><\/p>\n<p><span style=\"color: #000000;\"><a style=\"color: #000000;\" data-vc-tabs=\"\" data-vc-container=\".vc_tta\"><span class=\"vc_tta-title-text\"><strong><span style=\"text-decoration: underline;\">Varusteet<\/span><\/strong><br \/>\nLucite Pearl-white akryyli<br \/>\nBalboa ohjauspaneeli\u00a0TP600<br \/>\nPanelointi &#8211; harmaa huolto vapaa<br \/>\nPump 1 \/\u00a03hp<br \/>\nPump 2 \/\u00a03hp<br \/>\nPump 3 \/ 3hp<br \/>\nVesihierontasuuttimia 100kpl (kromi tyypi)<\/span><\/a><br \/>\nSuodatinpumppu 0,35hp<br \/>\nL\u00e4mmitin 3kw<br \/>\nLed valo 5&#8243;<br \/>\nVesiraja ledit 20kpl<br \/>\nLedvalo vesisuihkut 2kpl<\/span><br \/>\nOtsonaattori 1kpl<br \/>\nNiskatyynyt\u00a04kpl<br \/>\nKuitusuodatin 1kpl<br \/>\nPuinen tukikehys<br \/>\nIlmans\u00e4\u00e4din 6kpl<br \/>\nExtreme l\u00e4mp\u00f6kansi 8-13cm<br \/>\nPolyuretaani eristys 1cm<br \/>\nMiramat 3,5cm eristys<br \/>\nKupla folio eristus<br \/>\nBluetooth audio + subwoofer<br \/>\n<span style=\"color: #000000;\">Wifi ohjaus<\/span><\/p>\n<p>&nbsp;<\/p>\n<p><strong>Hinta <span style=\"color: #000000;\">9999.- <\/span>eur\u00a0<\/strong><\/p>\n<p>&nbsp;<\/p>\n<p><span style=\"text-decoration: underline;\"><span style=\"color: #000000;\"><strong>Lis\u00e4varusteet<\/strong><\/span><\/span><span style=\"color: #000000;\"><strong><br \/>\n<\/strong>Portaat<\/span><br \/>\n<span style=\"color: #000000;\"> Kansi lifter<\/span><br \/>\n<span style=\"color: #000000;\"> Kemikaalit<\/span><br \/>\n<span style=\"color: #000000;\"> Transport<\/span>[\/vc_column_text][\/vc_column][vc_column width=&#8221;1\/3&#8243;][vc_gallery type=&#8221;image_grid&#8221; images=&#8221;7915,29124,13810,25953,25628,25636,27887&#8243;][\/vc_column][vc_column width=&#8221;1\/3&#8243;][vc_gallery type=&#8221;image_grid&#8221; images=&#8221;8298,12164,12165,12166,7906&#8243;][\/vc_column][\/vc_row]<\/p>\n<\/section>","protected":false},"excerpt":{"rendered":"<p>[vc_row][vc_column width=&#8221;1\/3&#8243;][vc_column_text] Luxus ulkoporeallas Vulcan &nbsp; Mitat 230 x 230 x 93cm Vesitilavus 1500l. Tyhj\u00e4paino 455kg S\u00e4hk\u00f6liitant\u00e4 3 x 16A Varusteet Lucite Pearl-white akryyli Balboa ohjauspaneeli\u00a0TP600 Panelointi &#8211; harmaa huolto vapaa Pump 1 \/\u00a03hp Pump 2 \/\u00a03hp Pump 3 \/ 3hp Vesihierontasuuttimia 100kpl (kromi tyypi) Suodatinpumppu 0,35hp L\u00e4mmitin 3kw Led valo 5&#8243; Vesiraja ledit 20kpl<\/p>\n","protected":false},"author":1,"featured_media":29124,"parent":1297,"menu_order":0,"comment_status":"closed","ping_status":"closed","template":"","meta":{"_acf_changed":false,"footnotes":""},"acf":[],"_links":{"self":[{"href":"https:\/\/luxus.ee\/fi\/wp-json\/wp\/v2\/pages\/10508"}],"collection":[{"href":"https:\/\/luxus.ee\/fi\/wp-json\/wp\/v2\/pages"}],"about":[{"href":"https:\/\/luxus.ee\/fi\/wp-json\/wp\/v2\/types\/page"}],"author":[{"embeddable":true,"href":"https:\/\/luxus.ee\/fi\/wp-json\/wp\/v2\/users\/1"}],"replies":[{"embeddable":true,"href":"https:\/\/luxus.ee\/fi\/wp-json\/wp\/v2\/comments?post=10508"}],"version-history":[{"count":0,"href":"https:\/\/luxus.ee\/fi\/wp-json\/wp\/v2\/pages\/10508\/revisions"}],"up":[{"embeddable":true,"href":"https:\/\/luxus.ee\/fi\/wp-json\/wp\/v2\/pages\/1297"}],"wp:featuredmedia":[{"embeddable":true,"href":"https:\/\/luxus.ee\/fi\/wp-json\/wp\/v2\/media\/29124"}],"wp:attachment":[{"href":"https:\/\/luxus.ee\/fi\/wp-json\/wp\/v2\/media?parent=10508"}],"curies":[{"name":"wp","href":"https:\/\/api.w.org\/{rel}","templated":true}]}}