{"id":10506,"date":"2017-01-06T14:20:41","date_gmt":"2017-01-06T11:20:41","guid":{"rendered":"https:\/\/luxus.ee\/?page_id=10506\/"},"modified":"2021-05-03T22:26:42","modified_gmt":"2021-05-03T19:26:42","slug":"atlantis","status":"publish","type":"page","link":"https:\/\/luxus.ee\/fi\/ulkoporeallas\/atlantis\/","title":{"rendered":"Luxus Ulkoporeallas Atlantis"},"content":{"rendered":"<section class=\"wpb-content-wrapper\"><p>[vc_row][vc_column width=&#8221;1\/3&#8243;][vc_column_text]<\/p>\n<h4><strong>Luxus ulkoporeallas Atlantis<\/strong><\/h4>\n<p>&nbsp;<\/p>\n<p><strong><span style=\"text-decoration: underline;\"><span style=\"color: #000000;\">Mitat<\/span><\/span><\/strong><br \/>\n<span style=\"color: #000000;\"> 225 x 225 x 93cm<br \/>\n<\/span><span style=\"color: #000000;\">Vesitilavus 1400l<br \/>\n<\/span><span style=\"color: #000000;\">Tyhj\u00e4paino 440kg<br \/>\n<\/span><span style=\"color: #000000;\">S\u00e4hk\u00f6liitant\u00e4 3 x 16A<\/span><\/p>\n<p>&nbsp;<\/p>\n<p><strong><span style=\"text-decoration: underline;\"><span style=\"color: #000000;\">Varusteet<\/span><\/span><\/strong><br \/>\n<span style=\"color: #000000;\"> Lucite Sterling-silver akryyli <\/span><br \/>\n<span style=\"color: #000000;\"> Balboa ohjauspaneeli TP600\u00a0<\/span><br \/>\n<span style=\"color: #000000;\"> Panelointi &#8211; huolto vapaa<\/span><br \/>\n<span style=\"color: #000000;\"> Pump 1 \/ 3hp<\/span><br \/>\n<span style=\"color: #000000;\"> Pump 2 \/ 3hp<\/span><br \/>\n<span style=\"color: #000000;\"> Pump 3 \/ 3hp<\/span><br \/>\n<span style=\"color: #000000;\"> Vesihierontasuuttimia 91kpl<\/span><br \/>\n<span style=\"color: #000000;\"> Suodatinpumppu 0,35hp<\/span><br \/>\n<span style=\"color: #000000;\"> L\u00e4mmitin 3kw<\/span><br \/>\n<span style=\"color: #000000;\"> Led valo 5&#8243;<\/span><br \/>\n<span style=\"color: #000000;\"> Vesiraja ledit 20kpl<\/span><br \/>\n<span style=\"color: #000000;\"> Ledvalo vesisuihkut 3kpl<\/span><br \/>\n<span style=\"color: #000000;\"> Otsonaattori 1kpl<\/span><br \/>\n<span style=\"color: #000000;\"> Niskatyynyt 4kpl<\/span><br \/>\n<span style=\"color: #000000;\"> Kuitusuodatin 1kpl<\/span><br \/>\n<span style=\"color: #000000;\"> Puinen tukikehys<\/span><br \/>\n<span style=\"color: #000000;\"> Ilmans\u00e4\u00e4din 4kpl<\/span><br \/>\n<span style=\"color: #000000;\">Extreme l\u00e4mp\u00f6kansi 8-13cm<\/span><br \/>\n<span style=\"color: #000000;\"> Polyuretaani eristys 1cm<br \/>\n<\/span><span style=\"color: #000000;\">Miramat 3,5cm eristys<br \/>\n<\/span><span style=\"color: #000000;\">Kupla folio eristys<br \/>\nBluetooth audio 2 x 35w + subwoofer<br \/>\n<\/span><\/p>\n<p>&nbsp;<\/p>\n<p><strong>Hinta 8<span style=\"color: #000000;\">990.-<\/span> eur<\/strong><\/p>\n<p>&nbsp;<\/p>\n<p><strong><span style=\"text-decoration: underline;\"><span style=\"color: #000000;\">Varusteet<\/span><\/span><\/strong><br \/>\n<span style=\"color: #000000;\">Wifi ohjaus<\/span><br \/>\n<span style=\"color: #000000;\"> Portaat<\/span><br \/>\n<span style=\"color: #000000;\"> Kansi lifter<\/span><br \/>\n<span style=\"color: #000000;\"> Transport<\/span>[\/vc_column_text][\/vc_column][vc_column width=&#8221;1\/3&#8243;][vc_gallery type=&#8221;image_grid&#8221; images=&#8221;28059,28067,28075,28083,28091,28099,13143,13144,25953,22984&#8243;][\/vc_column][vc_column width=&#8221;1\/3&#8243;][vc_gallery type=&#8221;image_grid&#8221; images=&#8221;12143,28107,12154,6940,6939&#8243;][\/vc_column][\/vc_row]<\/p>\n<\/section>","protected":false},"excerpt":{"rendered":"<p>[vc_row][vc_column width=&#8221;1\/3&#8243;][vc_column_text] Luxus ulkoporeallas Atlantis &nbsp; Mitat 225 x 225 x 93cm Vesitilavus 1400l Tyhj\u00e4paino 440kg S\u00e4hk\u00f6liitant\u00e4 3 x 16A &nbsp; Varusteet Lucite Sterling-silver akryyli Balboa ohjauspaneeli TP600\u00a0 Panelointi &#8211; huolto vapaa Pump 1 \/ 3hp Pump 2 \/ 3hp Pump 3 \/ 3hp Vesihierontasuuttimia 91kpl Suodatinpumppu 0,35hp L\u00e4mmitin 3kw Led valo 5&#8243; Vesiraja ledit<\/p>\n","protected":false},"author":1,"featured_media":8289,"parent":1297,"menu_order":0,"comment_status":"closed","ping_status":"closed","template":"","meta":{"_acf_changed":false,"footnotes":""},"acf":[],"_links":{"self":[{"href":"https:\/\/luxus.ee\/fi\/wp-json\/wp\/v2\/pages\/10506"}],"collection":[{"href":"https:\/\/luxus.ee\/fi\/wp-json\/wp\/v2\/pages"}],"about":[{"href":"https:\/\/luxus.ee\/fi\/wp-json\/wp\/v2\/types\/page"}],"author":[{"embeddable":true,"href":"https:\/\/luxus.ee\/fi\/wp-json\/wp\/v2\/users\/1"}],"replies":[{"embeddable":true,"href":"https:\/\/luxus.ee\/fi\/wp-json\/wp\/v2\/comments?post=10506"}],"version-history":[{"count":0,"href":"https:\/\/luxus.ee\/fi\/wp-json\/wp\/v2\/pages\/10506\/revisions"}],"up":[{"embeddable":true,"href":"https:\/\/luxus.ee\/fi\/wp-json\/wp\/v2\/pages\/1297"}],"wp:featuredmedia":[{"embeddable":true,"href":"https:\/\/luxus.ee\/fi\/wp-json\/wp\/v2\/media\/8289"}],"wp:attachment":[{"href":"https:\/\/luxus.ee\/fi\/wp-json\/wp\/v2\/media?parent=10506"}],"curies":[{"name":"wp","href":"https:\/\/api.w.org\/{rel}","templated":true}]}}