{"id":10497,"date":"2017-01-06T14:08:16","date_gmt":"2017-01-06T11:08:16","guid":{"rendered":"https:\/\/luxus.ee\/?page_id=10497\/"},"modified":"2021-02-24T13:57:33","modified_gmt":"2021-02-24T10:57:33","slug":"meridian","status":"publish","type":"page","link":"https:\/\/luxus.ee\/fi\/ulkoporeallas\/meridian\/","title":{"rendered":"Luxus Ulkoporeallas Meridian"},"content":{"rendered":"<section class=\"wpb-content-wrapper\"><p>[vc_row][vc_column width=&#8221;1\/3&#8243;][vc_column_text]<\/p>\n<h4><strong>Luxus ulkoporeallas Meridian\u00a0<\/strong><\/h4>\n<p>&nbsp;<\/p>\n<p><strong><span style=\"text-decoration: underline;\"><span class=\"vc_tta-title-text\">Mitat<br \/>\n<\/span><\/span><\/strong>200 x 200 x 92cm<br \/>\nVesitilavus 1040l<br \/>\nTyhj\u00e4paino 350kg<\/p>\n<p><span style=\"text-decoration: underline;\"><strong>Varusteet<\/strong><\/span><br \/>\nLucite Sterling-silver akryyli <strong><br \/>\n<\/strong>Balboa ohjauspaneeli TP400<strong>\u00a0<\/strong><br \/>\nPanelointi &#8211; huolto vapaa<br \/>\nPump 1 \/ 3hp<br \/>\nVesihierontasuuttimia 31kpl<br \/>\nSuodatinpumppu 0,35hp<br \/>\nL\u00e4mmitin 3kW<br \/>\nLed valo 5&#8243;<br \/>\nVesirajaledit<br \/>\nOtsonaattori 1kpl<br \/>\nNiska tyynyt 3kpl<br \/>\nKuitusuodatin 1kpl<br \/>\nPuinen tukikehys<br \/>\nIlmans\u00e4\u00e4din 2kpl<br \/>\nL\u00e4mp\u00f6kansi 1kpl<br \/>\nPolyuretaani eristys 1cm<br \/>\nMiramat 3,5cm eristys<br \/>\nKupla folio eristys<\/p>\n<p><strong>Hinta <span style=\"color: #000000;\">5999.-<\/span> eur<\/strong><\/p>\n<p>&nbsp;<\/p>\n<p><strong><span style=\"text-decoration: underline; color: #000000;\"><a style=\"color: #000000;\" data-vc-tabs=\"\" data-vc-container=\".vc_tta\"><span class=\"vc_tta-title-text\">Lisavarusteet<br \/>\n<\/span><\/a><\/span><\/strong><span style=\"color: #000000;\"><a style=\"color: #000000;\" data-vc-tabs=\"\" data-vc-container=\".vc_tta\"><span class=\"vc_tta-title-text\">Bluetooth audio<\/span><\/a><\/span><strong><span style=\"text-decoration: underline; color: #000000;\"><a style=\"color: #000000;\" data-vc-tabs=\"\" data-vc-container=\".vc_tta\"><span class=\"vc_tta-title-text\"><br \/>\n<\/span><\/a><\/span><\/strong>Wifi ohjaus<br \/>\nExtra Akryyli<br \/>\nPortaat<br \/>\nKansi lifter<br \/>\nTransport[\/vc_column_text][\/vc_column][vc_column width=&#8221;1\/3&#8243;][vc_gallery type=&#8221;image_grid&#8221; images=&#8221;8500,11171,24258,25953&#8243;][\/vc_column][vc_column width=&#8221;1\/3&#8243;][vc_gallery type=&#8221;image_grid&#8221; images=&#8221;9358,11584,9356,9355,9357,11586&#8243;][\/vc_column][\/vc_row]<\/p>\n<\/section>","protected":false},"excerpt":{"rendered":"<p>[vc_row][vc_column width=&#8221;1\/3&#8243;][vc_column_text] Luxus ulkoporeallas Meridian\u00a0 &nbsp; Mitat 200 x 200 x 92cm Vesitilavus 1040l Tyhj\u00e4paino 350kg Varusteet Lucite Sterling-silver akryyli Balboa ohjauspaneeli TP400\u00a0 Panelointi &#8211; huolto vapaa Pump 1 \/ 3hp Vesihierontasuuttimia 31kpl Suodatinpumppu 0,35hp L\u00e4mmitin 3kW Led valo 5&#8243; Vesirajaledit Otsonaattori 1kpl Niska tyynyt 3kpl Kuitusuodatin 1kpl Puinen tukikehys Ilmans\u00e4\u00e4din 2kpl L\u00e4mp\u00f6kansi 1kpl Polyuretaani<\/p>\n","protected":false},"author":1,"featured_media":8501,"parent":1297,"menu_order":0,"comment_status":"closed","ping_status":"closed","template":"","meta":{"_acf_changed":false,"footnotes":""},"acf":[],"_links":{"self":[{"href":"https:\/\/luxus.ee\/fi\/wp-json\/wp\/v2\/pages\/10497"}],"collection":[{"href":"https:\/\/luxus.ee\/fi\/wp-json\/wp\/v2\/pages"}],"about":[{"href":"https:\/\/luxus.ee\/fi\/wp-json\/wp\/v2\/types\/page"}],"author":[{"embeddable":true,"href":"https:\/\/luxus.ee\/fi\/wp-json\/wp\/v2\/users\/1"}],"replies":[{"embeddable":true,"href":"https:\/\/luxus.ee\/fi\/wp-json\/wp\/v2\/comments?post=10497"}],"version-history":[{"count":0,"href":"https:\/\/luxus.ee\/fi\/wp-json\/wp\/v2\/pages\/10497\/revisions"}],"up":[{"embeddable":true,"href":"https:\/\/luxus.ee\/fi\/wp-json\/wp\/v2\/pages\/1297"}],"wp:featuredmedia":[{"embeddable":true,"href":"https:\/\/luxus.ee\/fi\/wp-json\/wp\/v2\/media\/8501"}],"wp:attachment":[{"href":"https:\/\/luxus.ee\/fi\/wp-json\/wp\/v2\/media?parent=10497"}],"curies":[{"name":"wp","href":"https:\/\/api.w.org\/{rel}","templated":true}]}}