{"id":12484,"date":"2017-02-24T14:20:30","date_gmt":"2017-02-24T11:20:30","guid":{"rendered":"https:\/\/luxus.ee\/?page_id=12484\/"},"modified":"2019-10-26T16:17:35","modified_gmt":"2019-10-26T13:17:35","slug":"badetonden","status":"publish","type":"page","link":"https:\/\/luxus.ee\/da\/badetonden\/","title":{"rendered":"Badet\u00f8nden"},"content":{"rendered":"<section class=\"wpb-content-wrapper\"><p>[vc_row][vc_column width=&#8221;2\/3&#8243;][vc_custom_heading text=&#8221;Enest\u00e5ende farvetoner for acrylt\u00f8nden !&#8221; font_container=&#8221;tag:h3|text_align:left|color:%23000000&#8243; google_fonts=&#8221;font_family:Bitter%3Aregular%2Citalic%2C700|font_style:400%20regular%3A400%3Anormal&#8221;][vc_empty_space][vc_gallery type=&#8221;image_grid&#8221; images=&#8221;26150,26158,26166,26174&#8243;][vc_column_text]Ottekantet badet\u00f8nde med ydre m\u00e5l 209cm, indre m\u00e5l 175cm, dybde 91cm,<br \/>\nh\u00f8jde fra jordoverfladen (med ramme) 103cm, rumfang 1000l,\u00a0<span style=\"color: #ff0000;\"><strong><em><u>Fremstillet i Estland !<\/u><\/em><\/strong><\/span><\/p>\n<p>&nbsp;<\/p>\n<p><strong><u>Badet\u00f8nden<\/u><\/strong> &#8211; er fremstillet af eksklusivt Perspex-acryl fra USA.<\/p>\n<p>&nbsp;<\/p>\n<p><strong><u>Farvetoner<\/u><\/strong> &#8211; Snow-white, Alba (pearl-white), Sterling-silver, Tuscan-sun, Pacific-rim, Summer-sapphire.<\/p>\n<p>&nbsp;<\/p>\n<p><strong><u>I fremstillingsprocessen med<\/u><\/strong><strong><u> vakuumformning<\/u><\/strong>\u00a0\u2013 avender vi h\u00f8jkvalitets Lucite-sanitetsacryl med antibakterielt lag og i eksklusive farvetoner. Denne type acryl er udviklet specielt til udend\u00f8rs anvendelse.<\/p>\n<p>&nbsp;<\/p>\n<p><strong><u>Badet\u00f8nden<\/u><\/strong>\u00a0&#8211; er beregnet til 4- 6\u00a0personers badning samtidigt.<\/p>\n<p>&nbsp;<\/p>\n<p><strong><u>Minimumss\u00e6t<\/u><\/strong>\u00a0&#8211; acrylt\u00f8nde med lakeret st\u00f8tteramme.<\/p>\n<p>&nbsp;<\/p>\n<p><strong><u>Ekstraudstyr<\/u><\/strong><\/p>\n<p><strong><u>Termol\u00e5g til badet\u00f8nden<\/u><\/strong><strong>\u00a0<\/strong>\u2013\u00a0Termol\u00e5get muligg\u00f8r hurtigere opvarmning af vandet, det beskytter t\u00f8ndens indhold mod regn, sne og snavs i form af blade og lignende. L\u00e5gets overflade h\u00e6lder til to sider og er vandskyende, dette g\u00f8r det ogs\u00e5 holdbart. Termol\u00e5get kan holde til -30 graders frost og 50 graders varme, det er uimodtageligt for mug. Desuden g\u00f8r l\u00e5get badet\u00f8nden b\u00f8rnesikker.<\/p>\n<p>&nbsp;<\/p>\n<p><strong><u>D\u00e6kpaneler<\/u><\/strong><br \/>\n1. Vedligeholdelsesfri gr\u00e5 eller brun plastic.<br \/>\n2. Br\u00e6dder af naturligt elletr\u00e6 bejdset med Pinotex Ultra.<\/p>\n<p>&nbsp;<\/p>\n<p><strong><u>Varmeisolering<\/u><\/strong>\u00a0\u2013 vi tilbyder 2 slags varmeisolering, effektivt polyurethanskum (et 2-4 cm tykt lag svarer til isolering med 10cm EPS skumplastisolering) g\u00f8r opvarmningen af vandet hurtigere og hj\u00e6lper med at holde temperaturen under brugen. Sammen med termol\u00e5get giver isoleringen op til 50% tidsm\u00e6ssig gevinst under opvarmningsprocessen. Opvarmningstiden afh\u00e6nger af, hvor godt t\u00f8nden er isoleret, i gennemsnit 2 timer.<\/p>\n<p>Desuden kan d\u00e6kpanelerne varmeisoleres (kun ved anvendelse af br\u00e6dder af tr\u00e6).<\/p>\n<p>&nbsp;<\/p>\n<p><strong><u>Marinealuminiums-opvarmningsovn til opfyring fra ydersiden<\/u><\/strong>\u00a0\u2013 til s\u00e6ttet tilbyder vi en ekstern opfyringsovn af aluminium til skibsbrug. Aluminiumsovne har l\u00e6ngere levetid end ovne af rustfrit st\u00e5l. Ovnene er fremstillet af en holdbar aluminiumlegering til skibsbrug. Det anvendte materiale er 3 mm tykt, dette er dobbelt s\u00e5 tykt som almindelige ovne af rustfrit st\u00e5l. Desuden er en ovn af aluminium 30% lettere.<\/p>\n<p>Udvalget best\u00e5r af:<\/p>\n<p>En rund ovn med 1 till\u00f8bsr\u00f8r og 1 tilbagel\u00f8bsr\u00f8r.<\/p>\n<p>&nbsp;<\/p>\n<p><strong><u>Ekstra tilbeh\u00f8r<\/u><\/strong> \u2013 der kan tilf\u00f8jes en digital kontrolknap (i stedet for en pneumatisk), eksklusiv LED-belysning af vandkanten, luftmassage, vandmassagedyser med en 2 hk pumpe, Bluetooth audio.[\/vc_column_text][\/vc_column][vc_column width=&#8221;1\/3&#8243;][vc_gallery type=&#8221;image_grid&#8221; images=&#8221;12505,12504,12503,12509,12507,12506,12508,12510,12500,12499,12501,12489,12502,12493,12494,12496,12497,12514,12512,12490,12488,12487,12486,12485&#8243; img_size=&#8221;110&#215;110&#8243;][\/vc_column][\/vc_row]<\/p>\n<\/section>","protected":false},"excerpt":{"rendered":"<p>[vc_row][vc_column width=&#8221;2\/3&#8243;][vc_custom_heading text=&#8221;Enest\u00e5ende farvetoner for acrylt\u00f8nden !&#8221; font_container=&#8221;tag:h3|text_align:left|color:%23000000&#8243; google_fonts=&#8221;font_family:Bitter%3Aregular%2Citalic%2C700|font_style:400%20regular%3A400%3Anormal&#8221;][vc_empty_space][vc_gallery type=&#8221;image_grid&#8221; images=&#8221;26150,26158,26166,26174&#8243;][vc_column_text]Ottekantet badet\u00f8nde med ydre m\u00e5l 209cm, indre m\u00e5l 175cm, dybde 91cm, h\u00f8jde fra jordoverfladen (med ramme) 103cm, rumfang 1000l,\u00a0Fremstillet i Estland ! &nbsp; Badet\u00f8nden &#8211; er fremstillet af eksklusivt Perspex-acryl fra USA. &nbsp; Farvetoner &#8211; Snow-white, Alba (pearl-white), Sterling-silver, Tuscan-sun, Pacific-rim, Summer-sapphire. &nbsp; I fremstillingsprocessen<\/p>\n","protected":false},"author":1,"featured_media":12501,"parent":0,"menu_order":0,"comment_status":"closed","ping_status":"closed","template":"","meta":{"_acf_changed":false,"footnotes":""},"acf":[],"_links":{"self":[{"href":"https:\/\/luxus.ee\/da\/wp-json\/wp\/v2\/pages\/12484"}],"collection":[{"href":"https:\/\/luxus.ee\/da\/wp-json\/wp\/v2\/pages"}],"about":[{"href":"https:\/\/luxus.ee\/da\/wp-json\/wp\/v2\/types\/page"}],"author":[{"embeddable":true,"href":"https:\/\/luxus.ee\/da\/wp-json\/wp\/v2\/users\/1"}],"replies":[{"embeddable":true,"href":"https:\/\/luxus.ee\/da\/wp-json\/wp\/v2\/comments?post=12484"}],"version-history":[{"count":0,"href":"https:\/\/luxus.ee\/da\/wp-json\/wp\/v2\/pages\/12484\/revisions"}],"wp:featuredmedia":[{"embeddable":true,"href":"https:\/\/luxus.ee\/da\/wp-json\/wp\/v2\/media\/12501"}],"wp:attachment":[{"href":"https:\/\/luxus.ee\/da\/wp-json\/wp\/v2\/media?parent=12484"}],"curies":[{"name":"wp","href":"https:\/\/api.w.org\/{rel}","templated":true}]}}